{"id":1048,"date":"2025-03-12T12:02:53","date_gmt":"2025-03-12T12:02:53","guid":{"rendered":"https:\/\/restaurantebuggy.com\/nous\/"},"modified":"2025-03-12T12:02:53","modified_gmt":"2025-03-12T12:02:53","slug":"nous","status":"publish","type":"page","link":"https:\/\/restaurantebuggy.com\/fr\/nous\/","title":{"rendered":"Nous"},"content":{"rendered":"\n<div class=\"wp-block-group alignfull hostinger-ai-gallery-2 hostinger-ai-fade-up is-layout-flow wp-block-group-is-layout-flow\" data-aos=\"fade-up\">\n<div class=\"wp-block-group alignwide hostinger-ai-fade-up has-global-padding is-layout-constrained wp-block-group-is-layout-constrained\" data-aos=\"fade-up\" style=\"padding-top:var(--wp--preset--spacing--60);padding-bottom:var(--wp--preset--spacing--60)\">\n<h2 class=\"wp-block-heading has-text-align-center hostinger-ai-description has-dark-color has-text-color has-link-color wp-elements-e36e35f3c25e7ad998a68b21a91d8e61\" style=\"font-size:clamp(15.197px, 0.95rem + ((1vw - 3.2px) * 1), 23px);\">Plus de 30 ans de passion gastronomique<\/h2>\n\n\n\n<div class=\"wp-block-columns is-layout-flex wp-container-core-columns-is-layout-28f84493 wp-block-columns-is-layout-flex\">\n<div class=\"wp-block-column is-layout-flow wp-block-column-is-layout-flow\">\n<p style=\"font-size:clamp(15.197px, 0.95rem + ((1vw - 3.2px) * 1), 23px);\">Depuis 1992, <strong>Buggy Restaurant<\/strong> est en constante \u00e9volution, toujours avec l&rsquo;engagement d&rsquo;offrir la meilleure qualit\u00e9 pour chacun de ses produits. Notre passion pour la gastronomie et notre d\u00e9vouement envers nos clients nous ont permis de consolider notre position de r\u00e9f\u00e9rence dans la r\u00e9gion.<\/p>\n<\/div>\n\n\n\n<div class=\"wp-block-column is-layout-flow wp-block-column-is-layout-flow\">\n<figure class=\"wp-block-image size-full\"><img loading=\"lazy\" decoding=\"async\" width=\"2048\" height=\"2048\" src=\"https:\/\/restaurantebuggy.com\/wp-content\/uploads\/2025\/03\/arroz-1.jpg\" alt=\"\" class=\"wp-image-637\" srcset=\"https:\/\/restaurantebuggy.com\/wp-content\/uploads\/2025\/03\/arroz-1.jpg 2048w, https:\/\/restaurantebuggy.com\/wp-content\/uploads\/2025\/03\/arroz-1-300x300.jpg 300w, https:\/\/restaurantebuggy.com\/wp-content\/uploads\/2025\/03\/arroz-1-1024x1024.jpg 1024w, https:\/\/restaurantebuggy.com\/wp-content\/uploads\/2025\/03\/arroz-1-150x150.jpg 150w, https:\/\/restaurantebuggy.com\/wp-content\/uploads\/2025\/03\/arroz-1-768x768.jpg 768w, https:\/\/restaurantebuggy.com\/wp-content\/uploads\/2025\/03\/arroz-1-1536x1536.jpg 1536w, https:\/\/restaurantebuggy.com\/wp-content\/uploads\/2025\/03\/arroz-1-500x500.jpg 500w, https:\/\/restaurantebuggy.com\/wp-content\/uploads\/2025\/03\/arroz-1-800x800.jpg 800w, https:\/\/restaurantebuggy.com\/wp-content\/uploads\/2025\/03\/arroz-1-1280x1280.jpg 1280w, https:\/\/restaurantebuggy.com\/wp-content\/uploads\/2025\/03\/arroz-1-1920x1920.jpg 1920w\" sizes=\"auto, (max-width: 2048px) 100vw, 2048px\" \/><\/figure>\n<\/div>\n<\/div>\n\n\n\n<div class=\"wp-block-columns is-layout-flex wp-container-core-columns-is-layout-28f84493 wp-block-columns-is-layout-flex\">\n<div class=\"wp-block-column is-layout-flow wp-block-column-is-layout-flow\">\n<figure class=\"wp-block-image size-large\"><img loading=\"lazy\" decoding=\"async\" width=\"1024\" height=\"1024\" src=\"https:\/\/restaurantebuggy.com\/wp-content\/uploads\/2025\/02\/21-1024x1024.jpg\" alt=\"\" class=\"wp-image-135\" srcset=\"https:\/\/restaurantebuggy.com\/wp-content\/uploads\/2025\/02\/21-1024x1024.jpg 1024w, https:\/\/restaurantebuggy.com\/wp-content\/uploads\/2025\/02\/21-300x300.jpg 300w, https:\/\/restaurantebuggy.com\/wp-content\/uploads\/2025\/02\/21-150x150.jpg 150w, https:\/\/restaurantebuggy.com\/wp-content\/uploads\/2025\/02\/21-768x768.jpg 768w, https:\/\/restaurantebuggy.com\/wp-content\/uploads\/2025\/02\/21-500x500.jpg 500w, https:\/\/restaurantebuggy.com\/wp-content\/uploads\/2025\/02\/21-800x800.jpg 800w, https:\/\/restaurantebuggy.com\/wp-content\/uploads\/2025\/02\/21.jpg 1080w\" sizes=\"auto, (max-width: 1024px) 100vw, 1024px\" \/><\/figure>\n<\/div>\n\n\n\n<div class=\"wp-block-column is-layout-flow wp-block-column-is-layout-flow\">\n<p style=\"font-size:clamp(15.197px, 0.95rem + ((1vw - 3.2px) * 1), 23px);\">Situ\u00e9s sur la promenade maritime de Blanes, nous avons plus de 30 ans d&rsquo;exp\u00e9rience, alliant tradition, qualit\u00e9 et confiance. Chaque plat que nous servons refl\u00e8te notre engagement en faveur de l&rsquo;excellence, cr\u00e9ant ainsi une exp\u00e9rience unique pour ceux qui nous rendent visite.<\/p>\n\n\n\n<p class=\"has-large-font-size\"><\/p>\n<\/div>\n<\/div>\n\n\n\n<h2 class=\"wp-block-heading has-text-align-center\">Bienvenue au restaurant Buggy !<\/h2>\n\n\n\n<div class=\"wp-block-buttons is-content-justification-center is-layout-flex wp-container-core-buttons-is-layout-a89b3969 wp-block-buttons-is-layout-flex\">\n<div class=\"wp-block-button has-custom-font-size has-large-font-size\"><a class=\"wp-block-button__link wp-element-button\" href=\"tel:+34972336064\">R\u00c9SERVEZ VOTRE TABLE<\/a><\/div>\n<\/div>\n\n\n\n<figure class=\"wp-block-image aligncenter size-full is-resized\"><img loading=\"lazy\" decoding=\"async\" width=\"512\" height=\"512\" src=\"https:\/\/restaurantebuggy.com\/wp-content\/uploads\/2025\/01\/logo2-1.png\" alt=\"\" class=\"wp-image-529\" style=\"width:210px;height:auto\" srcset=\"https:\/\/restaurantebuggy.com\/wp-content\/uploads\/2025\/01\/logo2-1.png 512w, https:\/\/restaurantebuggy.com\/wp-content\/uploads\/2025\/01\/logo2-1-300x300.png 300w, https:\/\/restaurantebuggy.com\/wp-content\/uploads\/2025\/01\/logo2-1-150x150.png 150w, https:\/\/restaurantebuggy.com\/wp-content\/uploads\/2025\/01\/logo2-1-500x500.png 500w\" sizes=\"auto, (max-width: 512px) 100vw, 512px\" \/><\/figure>\n\n\n\n<div class=\"wp-block-columns is-layout-flex wp-container-core-columns-is-layout-28f84493 wp-block-columns-is-layout-flex\">\n<div class=\"wp-block-column is-layout-flow wp-block-column-is-layout-flow\"><\/div>\n<\/div>\n<\/div>\n<\/div>\n\n\n\n<p><\/p>\n","protected":false},"excerpt":{"rendered":"<p>Plus de 30 ans de passion gastronomique Depuis 1992, Buggy Restaurant est en constante \u00e9volution, toujours avec l&rsquo;engagement d&rsquo;offrir la meilleure qualit\u00e9 pour chacun de ses produits. Notre passion pour la gastronomie et notre d\u00e9vouement envers nos clients nous ont permis de consolider notre position de r\u00e9f\u00e9rence dans la r\u00e9gion. Situ\u00e9s sur la promenade maritime [&hellip;]<\/p>\n","protected":false},"author":1,"featured_media":0,"parent":0,"menu_order":0,"comment_status":"closed","ping_status":"closed","template":"","meta":{"_coblocks_attr":"","_coblocks_dimensions":"","_coblocks_responsive_height":"","_coblocks_accordion_ie_support":"","footnotes":""},"class_list":["post-1048","page","type-page","status-publish","hentry"],"_links":{"self":[{"href":"https:\/\/restaurantebuggy.com\/fr\/wp-json\/wp\/v2\/pages\/1048","targetHints":{"allow":["GET"]}}],"collection":[{"href":"https:\/\/restaurantebuggy.com\/fr\/wp-json\/wp\/v2\/pages"}],"about":[{"href":"https:\/\/restaurantebuggy.com\/fr\/wp-json\/wp\/v2\/types\/page"}],"author":[{"embeddable":true,"href":"https:\/\/restaurantebuggy.com\/fr\/wp-json\/wp\/v2\/users\/1"}],"replies":[{"embeddable":true,"href":"https:\/\/restaurantebuggy.com\/fr\/wp-json\/wp\/v2\/comments?post=1048"}],"version-history":[{"count":0,"href":"https:\/\/restaurantebuggy.com\/fr\/wp-json\/wp\/v2\/pages\/1048\/revisions"}],"wp:attachment":[{"href":"https:\/\/restaurantebuggy.com\/fr\/wp-json\/wp\/v2\/media?parent=1048"}],"curies":[{"name":"wp","href":"https:\/\/api.w.org\/{rel}","templated":true}]}}