{"id":1043,"date":"2025-03-12T12:05:22","date_gmt":"2025-03-12T12:05:22","guid":{"rendered":"https:\/\/restaurantebuggy.com\/groupes-et-evenements\/"},"modified":"2026-02-24T14:07:37","modified_gmt":"2026-02-24T14:07:37","slug":"groupes-et-evenements","status":"publish","type":"page","link":"https:\/\/restaurantebuggy.com\/fr\/groupes-et-evenements\/","title":{"rendered":"Groupes et \u00e9v\u00e9nements"},"content":{"rendered":"\n<p style=\"font-size:clamp(15.197px, 0.95rem + ((1vw - 3.2px) * 1), 23px);\">Au <strong>Buggy Blanes<\/strong>, situ\u00e9 sur la promenade maritime de Blanes, nous offrons l&rsquo;espace id\u00e9al pour c\u00e9l\u00e9brer vos \u00e9v\u00e9nements sp\u00e9ciaux. Qu&rsquo;il s&rsquo;agisse d&rsquo;une r\u00e9union de famille, d&rsquo;un d\u00eener entre amis ou d&rsquo;une f\u00eate d&rsquo;entreprise, notre atmosph\u00e8re chaleureuse et notre proposition gastronomique rendront votre exp\u00e9rience inoubliable.<\/p>\n\n\n\n<h2 class=\"wp-block-heading\">Menu personnalis\u00e9<\/h2>\n\n\n\n<div class=\"wp-block-columns is-layout-flex wp-container-core-columns-is-layout-28f84493 wp-block-columns-is-layout-flex\">\n<div class=\"wp-block-column is-layout-flow wp-block-column-is-layout-flow\">\n<p style=\"font-size:clamp(15.197px, 0.95rem + ((1vw - 3.2px) * 1), 23px);\">Si vous recherchez une exp\u00e9rience encore plus exclusive, nous proposons \u00e9galement des <strong>menus personnalis\u00e9s<\/strong> adapt\u00e9s \u00e0 votre budget et \u00e0 vos pr\u00e9f\u00e9rences. Qu&rsquo;il s&rsquo;agisse d&rsquo;un bapt\u00eame avec du homard et des coquilles Saint-Jacques ou d&rsquo;une c\u00e9l\u00e9bration avec des plats sur mesure, notre \u00e9quipe travaillera avec vous pour concevoir la proposition parfaite.<\/p>\n<\/div>\n\n\n\n<div class=\"wp-block-column is-layout-flow wp-block-column-is-layout-flow\">\n<figure class=\"wp-block-image size-large\"><img loading=\"lazy\" decoding=\"async\" width=\"819\" height=\"1024\" src=\"https:\/\/restaurantebuggy.com\/wp-content\/uploads\/2025\/03\/almejas-819x1024.jpg\" alt=\"\" class=\"wp-image-397\" srcset=\"https:\/\/restaurantebuggy.com\/wp-content\/uploads\/2025\/03\/almejas-819x1024.jpg 819w, https:\/\/restaurantebuggy.com\/wp-content\/uploads\/2025\/03\/almejas-240x300.jpg 240w, https:\/\/restaurantebuggy.com\/wp-content\/uploads\/2025\/03\/almejas-768x960.jpg 768w, https:\/\/restaurantebuggy.com\/wp-content\/uploads\/2025\/03\/almejas-1229x1536.jpg 1229w, https:\/\/restaurantebuggy.com\/wp-content\/uploads\/2025\/03\/almejas-500x625.jpg 500w, https:\/\/restaurantebuggy.com\/wp-content\/uploads\/2025\/03\/almejas-800x1000.jpg 800w, https:\/\/restaurantebuggy.com\/wp-content\/uploads\/2025\/03\/almejas-1280x1600.jpg 1280w, https:\/\/restaurantebuggy.com\/wp-content\/uploads\/2025\/03\/almejas.jpg 1440w\" sizes=\"auto, (max-width: 819px) 100vw, 819px\" \/><\/figure>\n<\/div>\n<\/div>\n\n\n\n<h2 class=\"wp-block-heading\">Menu sp\u00e9cial pour les groupes<\/h2>\n\n\n\n<div class=\"wp-block-columns is-layout-flex wp-container-core-columns-is-layout-28f84493 wp-block-columns-is-layout-flex\">\n<div class=\"wp-block-column is-layout-flow wp-block-column-is-layout-flow\">\n<figure class=\"wp-block-image size-full\"><img loading=\"lazy\" decoding=\"async\" width=\"612\" height=\"420\" src=\"https:\/\/restaurantebuggy.com\/wp-content\/uploads\/2025\/03\/grupo.jpg\" alt=\"\" class=\"wp-image-657\" srcset=\"https:\/\/restaurantebuggy.com\/wp-content\/uploads\/2025\/03\/grupo.jpg 612w, https:\/\/restaurantebuggy.com\/wp-content\/uploads\/2025\/03\/grupo-300x206.jpg 300w, https:\/\/restaurantebuggy.com\/wp-content\/uploads\/2025\/03\/grupo-500x343.jpg 500w\" sizes=\"auto, (max-width: 612px) 100vw, 612px\" \/><\/figure>\n<\/div>\n\n\n\n<div class=\"wp-block-column is-layout-flow wp-block-column-is-layout-flow\">\n<p style=\"font-size:clamp(15.197px, 0.95rem + ((1vw - 3.2px) * 1), 23px);\">Nous avons quatre menus sp\u00e9ciaux pour les groupes, con\u00e7us pour profiter du meilleur de notre cuisine. Ces menus sont disponibles pour les groupes de plus de 15 personnes \u00e0 partir de 33 euros par personne.<\/p>\n<\/div>\n<\/div>\n\n\n\n<figure class=\"wp-block-image size-full\"><img loading=\"lazy\" decoding=\"async\" width=\"1080\" height=\"1527\" src=\"https:\/\/restaurantebuggy.com\/wp-content\/uploads\/2026\/02\/Menu1-Es-2.png\" alt=\"\" class=\"wp-image-1641\" srcset=\"https:\/\/restaurantebuggy.com\/wp-content\/uploads\/2026\/02\/Menu1-Es-2.png 1080w, https:\/\/restaurantebuggy.com\/wp-content\/uploads\/2026\/02\/Menu1-Es-2-212x300.png 212w, https:\/\/restaurantebuggy.com\/wp-content\/uploads\/2026\/02\/Menu1-Es-2-724x1024.png 724w, https:\/\/restaurantebuggy.com\/wp-content\/uploads\/2026\/02\/Menu1-Es-2-768x1086.png 768w, https:\/\/restaurantebuggy.com\/wp-content\/uploads\/2026\/02\/Menu1-Es-2-500x707.png 500w, https:\/\/restaurantebuggy.com\/wp-content\/uploads\/2026\/02\/Menu1-Es-2-800x1131.png 800w\" sizes=\"auto, (max-width: 1080px) 100vw, 1080px\" \/><\/figure>\n\n\n\n<figure class=\"wp-block-image size-full\"><img loading=\"lazy\" decoding=\"async\" width=\"1080\" height=\"1527\" src=\"https:\/\/restaurantebuggy.com\/wp-content\/uploads\/2026\/02\/Menu2ES-3.png\" alt=\"\" class=\"wp-image-1645\" srcset=\"https:\/\/restaurantebuggy.com\/wp-content\/uploads\/2026\/02\/Menu2ES-3.png 1080w, https:\/\/restaurantebuggy.com\/wp-content\/uploads\/2026\/02\/Menu2ES-3-212x300.png 212w, https:\/\/restaurantebuggy.com\/wp-content\/uploads\/2026\/02\/Menu2ES-3-724x1024.png 724w, https:\/\/restaurantebuggy.com\/wp-content\/uploads\/2026\/02\/Menu2ES-3-768x1086.png 768w, https:\/\/restaurantebuggy.com\/wp-content\/uploads\/2026\/02\/Menu2ES-3-500x707.png 500w, https:\/\/restaurantebuggy.com\/wp-content\/uploads\/2026\/02\/Menu2ES-3-800x1131.png 800w\" sizes=\"auto, (max-width: 1080px) 100vw, 1080px\" \/><\/figure>\n\n\n\n<figure class=\"wp-block-image size-full\"><img loading=\"lazy\" decoding=\"async\" width=\"1080\" height=\"1527\" src=\"https:\/\/restaurantebuggy.com\/wp-content\/uploads\/2026\/02\/Menu3ES-2.png\" alt=\"\" class=\"wp-image-1649\" srcset=\"https:\/\/restaurantebuggy.com\/wp-content\/uploads\/2026\/02\/Menu3ES-2.png 1080w, https:\/\/restaurantebuggy.com\/wp-content\/uploads\/2026\/02\/Menu3ES-2-212x300.png 212w, https:\/\/restaurantebuggy.com\/wp-content\/uploads\/2026\/02\/Menu3ES-2-724x1024.png 724w, https:\/\/restaurantebuggy.com\/wp-content\/uploads\/2026\/02\/Menu3ES-2-768x1086.png 768w, https:\/\/restaurantebuggy.com\/wp-content\/uploads\/2026\/02\/Menu3ES-2-500x707.png 500w, https:\/\/restaurantebuggy.com\/wp-content\/uploads\/2026\/02\/Menu3ES-2-800x1131.png 800w\" sizes=\"auto, (max-width: 1080px) 100vw, 1080px\" \/><\/figure>\n\n\n\n<h3 class=\"wp-block-heading has-text-align-center\">R\u00c9SERVEZ ET LAISSEZ-VOUS SURPRENDRE<\/h3>\n\n\n\n<p class=\"has-text-align-center has-large-font-size\"><img loading=\"lazy\" decoding=\"async\" width=\"25\" height=\"25\" class=\"wp-image-414\" style=\"width: 25px;\" src=\"https:\/\/restaurantebuggy.com\/wp-content\/uploads\/2025\/03\/whats1.png\" alt=\"\" srcset=\"https:\/\/restaurantebuggy.com\/wp-content\/uploads\/2025\/03\/whats1.png 236w, https:\/\/restaurantebuggy.com\/wp-content\/uploads\/2025\/03\/whats1-150x150.png 150w\" sizes=\"auto, (max-width: 25px) 100vw, 25px\" \/> <a href=\"https:\/\/wa.me\/+34695687249?text=Hola%20Buenas%20\">+34 695 687 249 (uniquement pour les groupes et les \u00e9v\u00e9nements)<\/a><\/p>\n\n\n\n<div class=\"wp-block-group alignfull hostinger-ai-gallery-2 hostinger-ai-fade-up is-layout-flow wp-block-group-is-layout-flow\" data-aos=\"fade-up\">\n<p><\/p>\n\n\n\n<div class=\"wp-block-group alignwide hostinger-ai-fade-up has-global-padding is-layout-constrained wp-block-group-is-layout-constrained\" data-aos=\"fade-up\" style=\"padding-top:var(--wp--preset--spacing--60);padding-bottom:var(--wp--preset--spacing--60)\">\n<figure class=\"wp-block-image aligncenter size-full is-resized\"><img loading=\"lazy\" decoding=\"async\" width=\"512\" height=\"512\" src=\"https:\/\/restaurantebuggy.com\/wp-content\/uploads\/2025\/01\/logo2-1.png\" alt=\"\" class=\"wp-image-529\" style=\"width:336px;height:auto\" srcset=\"https:\/\/restaurantebuggy.com\/wp-content\/uploads\/2025\/01\/logo2-1.png 512w, https:\/\/restaurantebuggy.com\/wp-content\/uploads\/2025\/01\/logo2-1-300x300.png 300w, https:\/\/restaurantebuggy.com\/wp-content\/uploads\/2025\/01\/logo2-1-150x150.png 150w, https:\/\/restaurantebuggy.com\/wp-content\/uploads\/2025\/01\/logo2-1-500x500.png 500w\" sizes=\"auto, (max-width: 512px) 100vw, 512px\" \/><\/figure>\n<\/div>\n<\/div>\n\n\n\n<p><\/p>\n","protected":false},"excerpt":{"rendered":"<p>Au Buggy Blanes, situ\u00e9 sur la promenade maritime de Blanes, nous offrons l&rsquo;espace id\u00e9al pour c\u00e9l\u00e9brer vos \u00e9v\u00e9nements sp\u00e9ciaux. Qu&rsquo;il s&rsquo;agisse d&rsquo;une r\u00e9union de famille, d&rsquo;un d\u00eener entre amis ou d&rsquo;une f\u00eate d&rsquo;entreprise, notre atmosph\u00e8re chaleureuse et notre proposition gastronomique rendront votre exp\u00e9rience inoubliable. Menu personnalis\u00e9 Si vous recherchez une exp\u00e9rience encore plus exclusive, nous [&hellip;]<\/p>\n","protected":false},"author":1,"featured_media":0,"parent":0,"menu_order":0,"comment_status":"closed","ping_status":"closed","template":"","meta":{"_coblocks_attr":"","_coblocks_dimensions":"","_coblocks_responsive_height":"","_coblocks_accordion_ie_support":"","footnotes":""},"class_list":["post-1043","page","type-page","status-publish","hentry"],"_links":{"self":[{"href":"https:\/\/restaurantebuggy.com\/fr\/wp-json\/wp\/v2\/pages\/1043","targetHints":{"allow":["GET"]}}],"collection":[{"href":"https:\/\/restaurantebuggy.com\/fr\/wp-json\/wp\/v2\/pages"}],"about":[{"href":"https:\/\/restaurantebuggy.com\/fr\/wp-json\/wp\/v2\/types\/page"}],"author":[{"embeddable":true,"href":"https:\/\/restaurantebuggy.com\/fr\/wp-json\/wp\/v2\/users\/1"}],"replies":[{"embeddable":true,"href":"https:\/\/restaurantebuggy.com\/fr\/wp-json\/wp\/v2\/comments?post=1043"}],"version-history":[{"count":2,"href":"https:\/\/restaurantebuggy.com\/fr\/wp-json\/wp\/v2\/pages\/1043\/revisions"}],"predecessor-version":[{"id":1653,"href":"https:\/\/restaurantebuggy.com\/fr\/wp-json\/wp\/v2\/pages\/1043\/revisions\/1653"}],"wp:attachment":[{"href":"https:\/\/restaurantebuggy.com\/fr\/wp-json\/wp\/v2\/media?parent=1043"}],"curies":[{"name":"wp","href":"https:\/\/api.w.org\/{rel}","templated":true}]}}