{"id":1042,"date":"2025-03-12T10:54:16","date_gmt":"2025-03-12T10:54:16","guid":{"rendered":"https:\/\/restaurantebuggy.com\/cheque-cadeau\/"},"modified":"2025-03-12T10:54:16","modified_gmt":"2025-03-12T10:54:16","slug":"cheque-cadeau","status":"publish","type":"page","link":"https:\/\/restaurantebuggy.com\/fr\/cheque-cadeau\/","title":{"rendered":"Ch\u00e8que-cadeau"},"content":{"rendered":"\n<div class=\"wp-block-group alignfull hostinger-ai-gallery-2 hostinger-ai-fade-up is-layout-flow wp-block-group-is-layout-flow\" data-aos=\"fade-up\">\n<div class=\"wp-block-group alignwide hostinger-ai-fade-up has-global-padding is-layout-constrained wp-block-group-is-layout-constrained\" data-aos=\"fade-up\" style=\"padding-top:var(--wp--preset--spacing--60);padding-bottom:var(--wp--preset--spacing--60)\">\n<h2 class=\"wp-block-heading has-text-align-center hostinger-ai-description has-dark-color has-text-color has-link-color wp-elements-320721c02d8cce0e555dafd92123eb3f\" style=\"font-size:clamp(15.197px, 0.95rem + ((1vw - 3.2px) * 1), 23px);\">\ud83c\udf81 Offrez une exp\u00e9rience unique avec notre ch\u00e8que-cadeau<\/h2>\n\n\n\n<figure class=\"wp-block-video\"><video height=\"470\" style=\"aspect-ratio: 848 \/ 470;\" width=\"848\" autoplay=\"\" loop=\"\" muted=\"\" src=\"https:\/\/restaurantebuggy.com\/wp-content\/uploads\/2025\/03\/tarjetaregalo.mp4\" playsinline=\"\"><\/video><\/figure>\n\n\n\n<div class=\"wp-block-columns is-layout-flex wp-container-core-columns-is-layout-28f84493 wp-block-columns-is-layout-flex\">\n<div class=\"wp-block-column is-layout-flow wp-block-column-is-layout-flow\"><\/div>\n<\/div>\n\n\n\n<p style=\"font-size:clamp(15.197px, 0.95rem + ((1vw - 3.2px) * 1), 23px);\">Surprenez vos proches avec une exp\u00e9rience gastronomique. Avec notre <strong>ch\u00e8que-cadeau<\/strong>, vous pouvez choisir le montant que vous souhaitez ou s\u00e9lectionner l&rsquo;un de nos menus sp\u00e9ciaux pour offrir de d\u00e9licieux moments.<\/p>\n\n\n\n<div class=\"wp-block-columns is-layout-flex wp-container-core-columns-is-layout-28f84493 wp-block-columns-is-layout-flex\">\n<div class=\"wp-block-column is-layout-flow wp-block-column-is-layout-flow\">\n<figure class=\"wp-block-image size-full\"><img loading=\"lazy\" decoding=\"async\" width=\"1625\" height=\"1241\" src=\"https:\/\/restaurantebuggy.com\/wp-content\/uploads\/2025\/03\/invitacion.jpg\" alt=\"\" class=\"wp-image-710\" srcset=\"https:\/\/restaurantebuggy.com\/wp-content\/uploads\/2025\/03\/invitacion.jpg 1625w, https:\/\/restaurantebuggy.com\/wp-content\/uploads\/2025\/03\/invitacion-300x229.jpg 300w, https:\/\/restaurantebuggy.com\/wp-content\/uploads\/2025\/03\/invitacion-1024x782.jpg 1024w, https:\/\/restaurantebuggy.com\/wp-content\/uploads\/2025\/03\/invitacion-768x587.jpg 768w, https:\/\/restaurantebuggy.com\/wp-content\/uploads\/2025\/03\/invitacion-1536x1173.jpg 1536w, https:\/\/restaurantebuggy.com\/wp-content\/uploads\/2025\/03\/invitacion-500x382.jpg 500w, https:\/\/restaurantebuggy.com\/wp-content\/uploads\/2025\/03\/invitacion-800x611.jpg 800w, https:\/\/restaurantebuggy.com\/wp-content\/uploads\/2025\/03\/invitacion-1280x978.jpg 1280w\" sizes=\"auto, (max-width: 1625px) 100vw, 1625px\" \/><\/figure>\n<\/div>\n\n\n\n<div class=\"wp-block-column is-layout-flow wp-block-column-is-layout-flow\">\n<h2 class=\"wp-block-heading\">\u2728 Options personnalis\u00e9es :<\/h2>\n\n\n\n<p>\u2705 <strong>Choisissez<\/strong> le montant : c&rsquo;est vous qui d\u00e9cidez du montant que vous voulez offrir.<br>\u2705 <strong>Menus sur mesure<\/strong>: Offrez un d\u00e9jeuner ou un d\u00eener gr\u00e2ce \u00e0 nos options :<br><br><strong>Menu du jour<\/strong>: Id\u00e9al pour un repas sp\u00e9cial tous les jours de la semaine.<br><strong>Menu du week-end<\/strong>: Parfait pour savourer la meilleure cuisine dans une atmosph\u00e8re d\u00e9tendue.<br><strong>Menu La Perla del Buggy<\/strong>: Notre sp\u00e9cialit\u00e9, une s\u00e9lection exclusive de saveurs dont vous tomberez amoureux.<\/p>\n<\/div>\n<\/div>\n\n\n\n<p class=\"is-style-info\">\ud83d\udca1 <strong>RECOMMANDATION DE LA MAISON : LA PERLE DU BUGGY<\/strong><\/p>\n\n\n\n<h2 class=\"wp-block-heading has-text-align-center\">La perle du buggy<\/h2>\n\n\n\n<p class=\"has-text-align-center\" style=\"font-size:clamp(15.197px, 0.95rem + ((1vw - 3.2px) * 1), 23px);\">Salade au fromage de ch\u00e8vre<br>Plat de saumon marin\u00e9<br>Poissons et fruits de mer frits<br>Fruits de mer, tous grill\u00e9s (crevettes, \u00e9crevisses, gambas, coquilles Saint-Jacques, coques, moules, seiches grill\u00e9es)<br><br>Pain et desserts<br><br>Vin Masia Freye, vin blanc ou Cava maison.<\/p>\n\n\n\n<p class=\"has-text-align-center\" style=\"font-size:clamp(15.197px, 0.95rem + ((1vw - 3.2px) * 1), 23px);\">90\u20ac (2 personnes)<\/p>\n\n\n\n<figure class=\"wp-block-image aligncenter size-large is-resized\"><img loading=\"lazy\" decoding=\"async\" width=\"1024\" height=\"1024\" src=\"https:\/\/restaurantebuggy.com\/wp-content\/uploads\/2025\/03\/tarjeta-regalo-1024x1024.jpg\" alt=\"\" class=\"wp-image-536\" style=\"width:362px;height:auto\" srcset=\"https:\/\/restaurantebuggy.com\/wp-content\/uploads\/2025\/03\/tarjeta-regalo-1024x1024.jpg 1024w, https:\/\/restaurantebuggy.com\/wp-content\/uploads\/2025\/03\/tarjeta-regalo-300x300.jpg 300w, https:\/\/restaurantebuggy.com\/wp-content\/uploads\/2025\/03\/tarjeta-regalo-150x150.jpg 150w, https:\/\/restaurantebuggy.com\/wp-content\/uploads\/2025\/03\/tarjeta-regalo-768x768.jpg 768w, https:\/\/restaurantebuggy.com\/wp-content\/uploads\/2025\/03\/tarjeta-regalo-1536x1536.jpg 1536w, https:\/\/restaurantebuggy.com\/wp-content\/uploads\/2025\/03\/tarjeta-regalo-500x500.jpg 500w, https:\/\/restaurantebuggy.com\/wp-content\/uploads\/2025\/03\/tarjeta-regalo-800x800.jpg 800w, https:\/\/restaurantebuggy.com\/wp-content\/uploads\/2025\/03\/tarjeta-regalo-1280x1280.jpg 1280w, https:\/\/restaurantebuggy.com\/wp-content\/uploads\/2025\/03\/tarjeta-regalo.jpg 1654w\" sizes=\"auto, (max-width: 1024px) 100vw, 1024px\" \/><\/figure>\n\n\n\n<div style=\"height:44px\" aria-hidden=\"true\" class=\"wp-block-spacer\"><\/div>\n\n\n\n<p class=\"has-text-align-center hostinger-ai-description has-dark-color has-text-color has-link-color wp-elements-d0ff20bf30e8786cebd3dbe8650e402f\" style=\"margin-top:0;margin-bottom:0;font-size:clamp(15.197px, 0.95rem + ((1vw - 3.2px) * 1), 23px);\">Rendez votre cadeau unique et d\u00e9licieux. Obtenez votre ch\u00e8que-cadeau d\u00e8s maintenant ! \u00c9crivez-nous \u00e0 l&rsquo;adresse suivante  <a href=\"https:\/\/wa.me\/+34681927158?text=Hola%20Buenas%20Quiero%20un%20cheque%20regalo\"><img loading=\"lazy\" decoding=\"async\" width=\"25\" height=\"25\" class=\"wp-image-414\" style=\"width: 25px;\" src=\"https:\/\/restaurantebuggy.com\/wp-content\/uploads\/2025\/03\/whats1.png\" alt=\"\" srcset=\"https:\/\/restaurantebuggy.com\/wp-content\/uploads\/2025\/03\/whats1.png 236w, https:\/\/restaurantebuggy.com\/wp-content\/uploads\/2025\/03\/whats1-150x150.png 150w\" sizes=\"auto, (max-width: 25px) 100vw, 25px\" \/><\/a> <a href=\"https:\/\/wa.me\/+34681927158?text=Hola%20Buenas%20Quiero%20un%20cheque%20regalo\">WhatsApp <\/a>ou <a href=\"https:\/\/restaurantebuggy.com\/fr\/contact\/\" data-type=\"page\" data-id=\"8\">Form.<\/a><\/p>\n\n\n\n<figure class=\"wp-block-image aligncenter size-full is-resized\"><img loading=\"lazy\" decoding=\"async\" width=\"512\" height=\"512\" src=\"https:\/\/restaurantebuggy.com\/wp-content\/uploads\/2025\/01\/logo2-1.png\" alt=\"\" class=\"wp-image-529\" style=\"width:250px;height:auto\" srcset=\"https:\/\/restaurantebuggy.com\/wp-content\/uploads\/2025\/01\/logo2-1.png 512w, https:\/\/restaurantebuggy.com\/wp-content\/uploads\/2025\/01\/logo2-1-300x300.png 300w, https:\/\/restaurantebuggy.com\/wp-content\/uploads\/2025\/01\/logo2-1-150x150.png 150w, https:\/\/restaurantebuggy.com\/wp-content\/uploads\/2025\/01\/logo2-1-500x500.png 500w\" sizes=\"auto, (max-width: 512px) 100vw, 512px\" \/><\/figure>\n<\/div>\n<\/div>\n\n\n\n<p><\/p>\n","protected":false},"excerpt":{"rendered":"<p>\ud83c\udf81 Offrez une exp\u00e9rience unique avec notre ch\u00e8que-cadeau Surprenez vos proches avec une exp\u00e9rience gastronomique. Avec notre ch\u00e8que-cadeau, vous pouvez choisir le montant que vous souhaitez ou s\u00e9lectionner l&rsquo;un de nos menus sp\u00e9ciaux pour offrir de d\u00e9licieux moments. \u2728 Options personnalis\u00e9es : \u2705 Choisissez le montant : c&rsquo;est vous qui d\u00e9cidez du montant que vous [&hellip;]<\/p>\n","protected":false},"author":1,"featured_media":0,"parent":0,"menu_order":0,"comment_status":"closed","ping_status":"closed","template":"","meta":{"_coblocks_attr":"","_coblocks_dimensions":"","_coblocks_responsive_height":"","_coblocks_accordion_ie_support":"","footnotes":""},"class_list":["post-1042","page","type-page","status-publish","hentry"],"_links":{"self":[{"href":"https:\/\/restaurantebuggy.com\/fr\/wp-json\/wp\/v2\/pages\/1042","targetHints":{"allow":["GET"]}}],"collection":[{"href":"https:\/\/restaurantebuggy.com\/fr\/wp-json\/wp\/v2\/pages"}],"about":[{"href":"https:\/\/restaurantebuggy.com\/fr\/wp-json\/wp\/v2\/types\/page"}],"author":[{"embeddable":true,"href":"https:\/\/restaurantebuggy.com\/fr\/wp-json\/wp\/v2\/users\/1"}],"replies":[{"embeddable":true,"href":"https:\/\/restaurantebuggy.com\/fr\/wp-json\/wp\/v2\/comments?post=1042"}],"version-history":[{"count":0,"href":"https:\/\/restaurantebuggy.com\/fr\/wp-json\/wp\/v2\/pages\/1042\/revisions"}],"wp:attachment":[{"href":"https:\/\/restaurantebuggy.com\/fr\/wp-json\/wp\/v2\/media?parent=1042"}],"curies":[{"name":"wp","href":"https:\/\/api.w.org\/{rel}","templated":true}]}}