{"id":1039,"date":"2025-02-09T12:52:52","date_gmt":"2025-02-09T12:52:52","guid":{"rendered":"https:\/\/restaurantebuggy.com\/politique-de-confidentialite\/"},"modified":"2025-02-09T12:52:52","modified_gmt":"2025-02-09T12:52:52","slug":"politique-de-confidentialite","status":"publish","type":"page","link":"https:\/\/restaurantebuggy.com\/fr\/politique-de-confidentialite\/","title":{"rendered":"Politique de confidentialit\u00e9"},"content":{"rendered":"\n<p>Cet avis de confidentialit\u00e9 a \u00e9t\u00e9 mis \u00e0 jour pour la derni\u00e8re fois le 09\/02\/2025 et s&rsquo;applique aux citoyens et aux r\u00e9sidents permanents l\u00e9gaux de l&rsquo;Espace \u00e9conomique europ\u00e9en et de la Suisse.<\/p>\n\n\n\n<p>Dans cet avis de confidentialit\u00e9, nous expliquons ce que nous faisons des donn\u00e9es que nous recueillons \u00e0 votre sujet par l&rsquo;interm\u00e9diaire de <a href=\"https:\/\/restaurantebuggy.com\/fr\/\">https:\/\/restaurantebuggy.com.<\/a> Nous vous encourageons \u00e0 lire attentivement cet avis. Dans le cadre de notre traitement, nous nous conformons aux exigences de la l\u00e9gislation relative \u00e0 la protection de la vie priv\u00e9e. Cela signifie, entre autres, que   <\/p>\n\n\n\n<p>nous indiquons clairement les raisons pour lesquelles nous traitons les donn\u00e9es \u00e0 caract\u00e8re personnel. Nous le faisons par le biais de cet avis de confidentialit\u00e9 ; nous visons \u00e0 limiter notre collecte de donn\u00e9es \u00e0 caract\u00e8re personnel aux seules donn\u00e9es n\u00e9cessaires \u00e0 des fins l\u00e9gitimes ; nous demandons d&rsquo;abord votre consentement explicite pour traiter vos donn\u00e9es \u00e0 caract\u00e8re personnel lorsque votre consentement est requis ; nous prenons des mesures de s\u00e9curit\u00e9 appropri\u00e9es pour prot\u00e9ger vos donn\u00e9es \u00e0 caract\u00e8re personnel et nous l&rsquo;exigeons \u00e9galement des parties qui traitent des donn\u00e9es \u00e0 caract\u00e8re personnel en notre nom ; nous respectons votre droit d&rsquo;acc\u00e9der \u00e0 vos donn\u00e9es \u00e0 caract\u00e8re personnel ou de les faire rectifier ou supprimer, \u00e0 votre demande. Si vous avez des questions ou si vous souhaitez savoir exactement quelles donn\u00e9es nous d\u00e9tenons \u00e0 votre sujet, veuillez nous contacter.  <\/p>\n\n\n\n<ol class=\"wp-block-list\">\n<li>Finalit\u00e9, donn\u00e9es et p\u00e9riode de conservation Nous pouvons collecter ou recevoir des informations personnelles \u00e0 diverses fins li\u00e9es \u00e0 nos activit\u00e9s commerciales, notamment : (cliquez pour agrandir) 1.1 Contact &#8211; Par t\u00e9l\u00e9phone, courrier, courrier \u00e9lectronique et\/ou formulaires web<\/li>\n\n\n\n<li>Cookies Notre site web utilise des cookies. Pour plus d&rsquo;informations sur les cookies, veuillez consulter notre Politique en mati\u00e8re de cookies. <\/li>\n\n\n\n<li>Pratiques de divulgation Nous divulguons des informations personnelles si la loi ou une d\u00e9cision de justice l&rsquo;exige, en r\u00e9ponse \u00e0 une demande d&rsquo;un organisme charg\u00e9 de l&rsquo;application de la loi, dans la mesure o\u00f9 d&rsquo;autres dispositions l\u00e9gales le permettent, pour fournir des informations ou dans le cadre d&rsquo;une enqu\u00eate sur une question li\u00e9e \u00e0 la s\u00e9curit\u00e9 publique.<\/li>\n<\/ol>\n\n\n\n<p>Si notre site web ou notre organisation est acquis, vendu ou impliqu\u00e9 dans une fusion ou une acquisition, vos donn\u00e9es peuvent \u00eatre divulgu\u00e9es \u00e0 nos conseillers et aux acheteurs potentiels et seront transf\u00e9r\u00e9es aux nouveaux propri\u00e9taires.<\/p>\n\n\n\n<ol start=\"4\" class=\"wp-block-list\">\n<li>S\u00e9curit\u00e9 Nous nous engageons \u00e0 assurer la s\u00e9curit\u00e9 des donn\u00e9es \u00e0 caract\u00e8re personnel. Nous prenons des mesures de s\u00e9curit\u00e9 appropri\u00e9es pour limiter les abus et l&rsquo;acc\u00e8s non autoris\u00e9 aux donn\u00e9es \u00e0 caract\u00e8re personnel. Ces mesures garantissent que seules les personnes n\u00e9cessaires ont acc\u00e8s \u00e0 vos donn\u00e9es, que l&rsquo;acc\u00e8s aux donn\u00e9es est prot\u00e9g\u00e9 et que nos mesures de s\u00e9curit\u00e9 sont r\u00e9guli\u00e8rement r\u00e9vis\u00e9es.  <\/li>\n\n\n\n<li>Sites web de tiers Le pr\u00e9sent avis de confidentialit\u00e9 ne s&rsquo;applique pas aux sites web de tiers li\u00e9s \u00e0 notre site web. Nous ne pouvons pas garantir que ces tiers traitent vos donn\u00e9es personnelles de mani\u00e8re fiable ou s\u00e9curis\u00e9e. Nous vous recommandons de lire les avis de confidentialit\u00e9 de ces sites web avant de les utiliser.  <\/li>\n\n\n\n<li>Modifications de cet avis de confidentialit\u00e9 Nous nous r\u00e9servons le droit d&rsquo;apporter des modifications \u00e0 cet avis de confidentialit\u00e9. Nous vous recommandons de consulter r\u00e9guli\u00e8rement cet avis de confidentialit\u00e9 afin de vous tenir au courant de toute modification. En outre, nous vous informerons activement dans la mesure du possible.  <\/li>\n\n\n\n<li>Acc\u00e8s et modification de vos donn\u00e9es Si vous avez des questions ou si vous souhaitez savoir quelles sont les donn\u00e9es personnelles que nous d\u00e9tenons \u00e0 votre sujet, n&rsquo;h\u00e9sitez pas \u00e0 nous contacter. Vous pouvez nous contacter en utilisant les informations ci-dessous. Vous disposez des droits suivants :  <\/li>\n<\/ol>\n\n\n\n<p>Vous avez le droit de savoir pourquoi vos donn\u00e9es personnelles sont n\u00e9cessaires, ce qu&rsquo;il en adviendra et combien de temps elles seront conserv\u00e9es. Droit d&rsquo;acc\u00e8s : vous avez le droit d&rsquo;acc\u00e9der aux donn\u00e9es \u00e0 caract\u00e8re personnel que nous d\u00e9tenons \u00e0 votre sujet. Droit de rectification : vous avez le droit de compl\u00e9ter, de corriger, de supprimer ou de bloquer vos donn\u00e9es \u00e0 caract\u00e8re personnel lorsque vous le souhaitez. Si vous nous avez donn\u00e9 votre accord pour traiter vos donn\u00e9es, vous avez le droit de r\u00e9voquer cet accord et de faire effacer vos donn\u00e9es personnelles. Droit de transf\u00e9rer vos donn\u00e9es : vous avez le droit de demander au responsable du traitement de vous communiquer toutes vos donn\u00e9es \u00e0 caract\u00e8re personnel et de les transf\u00e9rer dans leur int\u00e9gralit\u00e9 \u00e0 un autre responsable du traitement. Droit d&rsquo;opposition : vous pouvez vous opposer au traitement de vos donn\u00e9es. Nous nous y conformons, \u00e0 moins qu&rsquo;il n&rsquo;existe des raisons justifi\u00e9es pour le traitement. Veillez \u00e0 toujours indiquer clairement qui vous \u00eates, afin que nous puissions \u00eatre s\u00fbrs de ne pas modifier ou supprimer les donn\u00e9es de la mauvaise personne.       <\/p>\n\n\n\n<ol start=\"8\" class=\"wp-block-list\">\n<li>D\u00e9poser une plainte Si vous n&rsquo;\u00eates pas satisfait de la mani\u00e8re dont nous traitons (une plainte concernant) le traitement de vos donn\u00e9es personnelles, vous avez le droit de d\u00e9poser une plainte aupr\u00e8s de l&rsquo;Autorit\u00e9 de protection des donn\u00e9es.<\/li>\n\n\n\n<li>Coordonn\u00e9es Restaurant Buggy<br>Calle Pau Casals, 49, 17300 Blanes Espagne<br>Espagne<br>Site web <a href=\"https:\/\/restaurantebuggy.com\/fr\/\">:<\/a> https:\/\/restaurantebuggy.com<br>E-mail : <a>info@restaurantebuggy.com<\/a><br>T\u00e9l\u00e9phone : +34972336064<\/li>\n<\/ol>\n","protected":false},"excerpt":{"rendered":"<p>Cet avis de confidentialit\u00e9 a \u00e9t\u00e9 mis \u00e0 jour pour la derni\u00e8re fois le 09\/02\/2025 et s&rsquo;applique aux citoyens et aux r\u00e9sidents permanents l\u00e9gaux de l&rsquo;Espace \u00e9conomique europ\u00e9en et de la Suisse. Dans cet avis de confidentialit\u00e9, nous expliquons ce que nous faisons des donn\u00e9es que nous recueillons \u00e0 votre sujet par l&rsquo;interm\u00e9diaire de https:\/\/restaurantebuggy.com. [&hellip;]<\/p>\n","protected":false},"author":1,"featured_media":0,"parent":0,"menu_order":0,"comment_status":"closed","ping_status":"closed","template":"","meta":{"_coblocks_attr":"","_coblocks_dimensions":"","_coblocks_responsive_height":"","_coblocks_accordion_ie_support":"","footnotes":""},"class_list":["post-1039","page","type-page","status-publish","hentry"],"_links":{"self":[{"href":"https:\/\/restaurantebuggy.com\/fr\/wp-json\/wp\/v2\/pages\/1039","targetHints":{"allow":["GET"]}}],"collection":[{"href":"https:\/\/restaurantebuggy.com\/fr\/wp-json\/wp\/v2\/pages"}],"about":[{"href":"https:\/\/restaurantebuggy.com\/fr\/wp-json\/wp\/v2\/types\/page"}],"author":[{"embeddable":true,"href":"https:\/\/restaurantebuggy.com\/fr\/wp-json\/wp\/v2\/users\/1"}],"replies":[{"embeddable":true,"href":"https:\/\/restaurantebuggy.com\/fr\/wp-json\/wp\/v2\/comments?post=1039"}],"version-history":[{"count":0,"href":"https:\/\/restaurantebuggy.com\/fr\/wp-json\/wp\/v2\/pages\/1039\/revisions"}],"wp:attachment":[{"href":"https:\/\/restaurantebuggy.com\/fr\/wp-json\/wp\/v2\/media?parent=1039"}],"curies":[{"name":"wp","href":"https:\/\/api.w.org\/{rel}","templated":true}]}}