{"id":1036,"date":"2025-02-09T12:52:52","date_gmt":"2025-02-09T12:52:52","guid":{"rendered":"https:\/\/restaurantebuggy.com\/politique-en-matiere-de-cookies-ue\/"},"modified":"2025-02-09T12:52:52","modified_gmt":"2025-02-09T12:52:52","slug":"politique-en-matiere-de-cookies-ue","status":"publish","type":"page","link":"https:\/\/restaurantebuggy.com\/fr\/politique-en-matiere-de-cookies-ue\/","title":{"rendered":"Politique en mati\u00e8re de cookies (UE)"},"content":{"rendered":"\n<p>Cette politique en mati\u00e8re de cookies a \u00e9t\u00e9 mise \u00e0 jour pour la derni\u00e8re fois le 09\/02\/2025 et s&rsquo;applique aux citoyens et aux r\u00e9sidents l\u00e9gaux permanents de l&rsquo;Espace \u00e9conomique europ\u00e9en et de la Suisse.<\/p>\n\n\n\n<ol class=\"wp-block-list\">\n<li><strong>Introduction<\/strong><br>Notre site web, https:\/\/restaurantebuggy.com (ci-apr\u00e8s : \u00ab\u00a0le site web\u00a0\u00bb) utilise des cookies et d&rsquo;autres technologies connexes (par commodit\u00e9, toutes les technologies sont d\u00e9sign\u00e9es par le terme \u00ab\u00a0cookies\u00a0\u00bb). Des cookies sont \u00e9galement plac\u00e9s par des tiers avec lesquels nous avons pass\u00e9 des contrats. Dans le document suivant, nous vous informons sur l&rsquo;utilisation des cookies sur notre site web.  <\/li>\n\n\n\n<li><strong>Qu&rsquo;est-ce qu&rsquo;un biscuit ?<\/strong><br>Un cookie est un petit fichier simple qui est envoy\u00e9 avec les pages de ce site web et stock\u00e9 par votre navigateur sur le disque dur de votre ordinateur ou autre appareil. Les informations qu&rsquo;il contient peuvent \u00eatre renvoy\u00e9es \u00e0 nos serveurs ou aux serveurs de tiers concern\u00e9s lors d&rsquo;une visite ult\u00e9rieure. <\/li>\n\n\n\n<li><strong>Qu&rsquo;est-ce qu&rsquo;un script ?<\/strong><br>Un script est un morceau de code de programme qui est utilis\u00e9 pour faire fonctionner notre site web correctement et de mani\u00e8re interactive. Ce code s&rsquo;ex\u00e9cute sur notre serveur ou sur votre appareil. <\/li>\n\n\n\n<li><strong>Qu&rsquo;est-ce qu&rsquo;une balise web ?<\/strong><br>Une balise web (ou pixel tag) est un petit texte ou une image invisible sur un site web qui est utilis\u00e9 pour surveiller le trafic sur un site web. Pour ce faire, diverses donn\u00e9es vous concernant sont stock\u00e9es \u00e0 l&rsquo;aide de balises web. <\/li>\n\n\n\n<li><strong>Les cookies<\/strong><br><strong>5.1 Cookies techniques ou fonctionnels<\/strong><\/li>\n<\/ol>\n\n\n\n<p>Certains cookies permettent de garantir le bon fonctionnement de certaines parties du site web et de conserver vos pr\u00e9f\u00e9rences d&rsquo;utilisateur. En pla\u00e7ant des cookies fonctionnels, nous facilitons votre visite sur notre site web. Ainsi, vous ne devez pas saisir plusieurs fois les m\u00eames informations lorsque vous visitez notre site web et, par exemple, les articles restent dans votre panier jusqu&rsquo;\u00e0 ce que vous les ayez pay\u00e9s. Nous pouvons placer ces cookies sans votre consentement.   <\/p>\n\n\n\n<p><strong>5.2 Cookies de marketing\/tra\u00e7age<\/strong><\/p>\n\n\n\n<p>Les cookies de marketing\/tra\u00e7age sont des cookies ou toute autre forme de stockage local, utilis\u00e9s pour cr\u00e9er des profils d&rsquo;utilisateurs afin d&rsquo;afficher de la publicit\u00e9 ou de suivre l&rsquo;utilisateur sur ce site web ou sur divers sites web \u00e0 des fins de marketing similaires.<\/p>\n\n\n\n<p><strong>5.3 R\u00e9seaux sociaux<\/strong><\/p>\n\n\n\n<p>Sur notre site web, nous avons int\u00e9gr\u00e9 du contenu Instagram pour promouvoir des pages web (par exemple \u00ab\u00a0like\u00a0\u00bb, \u00ab\u00a0pin\u00a0\u00bb) ou partager (par exemple \u00ab\u00a0tweet\u00a0\u00bb) sur des r\u00e9seaux sociaux tels qu&rsquo;Instagram. Ce contenu est int\u00e9gr\u00e9 avec un code d\u00e9riv\u00e9 d&rsquo;Instagram et d\u00e9finit des cookies. Ce contenu peut stocker et traiter certaines informations \u00e0 des fins de publicit\u00e9 personnalis\u00e9e.  <\/p>\n\n\n\n<p>Veuillez lire la d\u00e9claration de confidentialit\u00e9 de ces r\u00e9seaux sociaux (qui peut changer fr\u00e9quemment) pour savoir ce qu&rsquo;ils font de vos donn\u00e9es (personnelles) qu&rsquo;ils traitent \u00e0 l&rsquo;aide de ces cookies. Les donn\u00e9es r\u00e9cup\u00e9r\u00e9es sont anonymis\u00e9es dans la mesure du possible. Instagram est situ\u00e9 aux \u00c9tats-Unis.  <\/p>\n\n\n\n<ol start=\"6\" class=\"wp-block-list\">\n<li><strong>Cookies plac\u00e9s<\/strong><\/li>\n\n\n\n<li><strong>Consentement<\/strong><br>Lorsque vous visitez notre site web pour la premi\u00e8re fois, nous affichons une fen\u00eatre contextuelle contenant des explications sur les cookies. D\u00e8s que vous cliquez sur \u00ab\u00a0Enregistrer les pr\u00e9f\u00e9rences\u00a0\u00bb, vous nous donnez votre accord pour utiliser les cat\u00e9gories de cookies et de plug-ins que vous avez s\u00e9lectionn\u00e9es dans la fen\u00eatre contextuelle, comme d\u00e9crit dans la pr\u00e9sente politique en mati\u00e8re de cookies. Vous pouvez d\u00e9sactiver l&rsquo;utilisation des cookies par l&rsquo;interm\u00e9diaire de votre navigateur, mais veuillez noter que notre site web risque de ne plus fonctionner correctement.  <\/li>\n<\/ol>\n\n\n\n<p><strong>7.1 Gestion de vos param\u00e8tres de consentement<\/strong><\/p>\n\n\n\n<p>Vous avez charg\u00e9 la politique en mati\u00e8re de cookies sans support JavaScript. Dans AMP, vous pouvez utiliser le bouton de gestion du consentement au bas de la page. <\/p>\n\n\n\n<ol start=\"8\" class=\"wp-block-list\">\n<li><strong>Activer\/d\u00e9sactiver et supprimer les cookies<\/strong><br>Vous pouvez utiliser votre navigateur Internet pour supprimer les cookies automatiquement ou manuellement. Vous pouvez \u00e9galement sp\u00e9cifier que certains cookies ne doivent pas \u00eatre plac\u00e9s. Vous pouvez \u00e9galement modifier les param\u00e8tres de votre navigateur Internet de mani\u00e8re \u00e0 recevoir un message chaque fois qu&rsquo;un cookie est install\u00e9. Pour plus d&rsquo;informations sur ces options, consultez les instructions de la section Aide de votre navigateur.   <\/li>\n<\/ol>\n\n\n\n<p>Veuillez noter que notre site web peut ne pas fonctionner correctement si tous les cookies sont d\u00e9sactiv\u00e9s. Si vous supprimez les cookies dans votre navigateur, ils seront \u00e0 nouveau plac\u00e9s apr\u00e8s votre consentement lorsque vous visiterez \u00e0 nouveau notre site web. <\/p>\n\n\n\n<ol start=\"9\" class=\"wp-block-list\">\n<li>Vos droits en mati\u00e8re de donn\u00e9es personnelles<br>Vous disposez des droits suivants en ce qui concerne vos donn\u00e9es personnelles :<\/li>\n<\/ol>\n\n\n\n<p>Vous avez le droit de savoir pourquoi vos donn\u00e9es personnelles sont n\u00e9cessaires, ce qu&rsquo;il en adviendra et combien de temps elles seront conserv\u00e9es.<br>Droit d&rsquo;acc\u00e8s : vous avez le droit d&rsquo;acc\u00e9der aux donn\u00e9es \u00e0 caract\u00e8re personnel que nous d\u00e9tenons \u00e0 votre sujet.<br>Droit de rectification : vous avez le droit de compl\u00e9ter, de corriger, de supprimer ou de bloquer vos donn\u00e9es \u00e0 caract\u00e8re personnel chaque fois que vous le souhaitez.<br>Si vous nous donnez votre consentement pour traiter vos donn\u00e9es, vous avez le droit de r\u00e9voquer ce consentement et de supprimer vos donn\u00e9es personnelles.<br>Droit de transf\u00e9rer vos donn\u00e9es : vous avez le droit de demander au responsable du traitement de vous communiquer toutes vos donn\u00e9es \u00e0 caract\u00e8re personnel et de les transf\u00e9rer dans leur int\u00e9gralit\u00e9 \u00e0 un autre responsable du traitement.<br>Droit d&rsquo;opposition : Vous pouvez vous opposer au traitement de vos donn\u00e9es. Nous nous y conformons, \u00e0 moins qu&rsquo;il n&rsquo;existe des motifs justifi\u00e9s pour le traitement.<br>Pour exercer ces droits, veuillez nous contacter. Vous trouverez nos coordonn\u00e9es \u00e0 la fin de la pr\u00e9sente politique en mati\u00e8re de cookies. Si vous avez une plainte \u00e0 formuler concernant la mani\u00e8re dont nous traitons vos donn\u00e9es, nous aimerions l&rsquo;entendre, mais vous avez \u00e9galement le droit de d\u00e9poser une plainte aupr\u00e8s de l&rsquo;autorit\u00e9 de contr\u00f4le (l&rsquo;Autorit\u00e9 de protection des donn\u00e9es).   <\/p>\n\n\n\n<p><strong>10. Coordonn\u00e9es<\/strong><\/p>\n\n\n\n<p>Pour toute question et\/ou commentaire concernant notre politique en mati\u00e8re de cookies et la pr\u00e9sente d\u00e9claration, veuillez nous contacter en utilisant les coordonn\u00e9es suivantes :<\/p>\n\n\n\n<p>Restaurant Buggy<br>Calle Pau Casals, 49, 17300 Blanes <br>Website <a href=\"https:\/\/restaurantebuggy.com\/fr\/\">:<\/a> https:\/\/restaurantebuggy.com<br>Email : info@restaurantebuggy.com<br>Telephone : +34972336064<\/p>\n","protected":false},"excerpt":{"rendered":"<p>Cette politique en mati\u00e8re de cookies a \u00e9t\u00e9 mise \u00e0 jour pour la derni\u00e8re fois le 09\/02\/2025 et s&rsquo;applique aux citoyens et aux r\u00e9sidents l\u00e9gaux permanents de l&rsquo;Espace \u00e9conomique europ\u00e9en et de la Suisse. Certains cookies permettent de garantir le bon fonctionnement de certaines parties du site web et de conserver vos pr\u00e9f\u00e9rences d&rsquo;utilisateur. En [&hellip;]<\/p>\n","protected":false},"author":1,"featured_media":0,"parent":0,"menu_order":0,"comment_status":"closed","ping_status":"closed","template":"","meta":{"_coblocks_attr":"","_coblocks_dimensions":"","_coblocks_responsive_height":"","_coblocks_accordion_ie_support":"","footnotes":""},"class_list":["post-1036","page","type-page","status-publish","hentry"],"_links":{"self":[{"href":"https:\/\/restaurantebuggy.com\/fr\/wp-json\/wp\/v2\/pages\/1036","targetHints":{"allow":["GET"]}}],"collection":[{"href":"https:\/\/restaurantebuggy.com\/fr\/wp-json\/wp\/v2\/pages"}],"about":[{"href":"https:\/\/restaurantebuggy.com\/fr\/wp-json\/wp\/v2\/types\/page"}],"author":[{"embeddable":true,"href":"https:\/\/restaurantebuggy.com\/fr\/wp-json\/wp\/v2\/users\/1"}],"replies":[{"embeddable":true,"href":"https:\/\/restaurantebuggy.com\/fr\/wp-json\/wp\/v2\/comments?post=1036"}],"version-history":[{"count":0,"href":"https:\/\/restaurantebuggy.com\/fr\/wp-json\/wp\/v2\/pages\/1036\/revisions"}],"wp:attachment":[{"href":"https:\/\/restaurantebuggy.com\/fr\/wp-json\/wp\/v2\/media?parent=1036"}],"curies":[{"name":"wp","href":"https:\/\/api.w.org\/{rel}","templated":true}]}}