{"id":1033,"date":"2025-02-09T12:52:52","date_gmt":"2025-02-09T12:52:52","guid":{"rendered":"https:\/\/restaurantebuggy.com\/avis-juridique\/"},"modified":"2025-02-09T12:52:52","modified_gmt":"2025-02-09T12:52:52","slug":"avis-juridique","status":"publish","type":"page","link":"https:\/\/restaurantebuggy.com\/fr\/avis-juridique\/","title":{"rendered":"Avis juridique"},"content":{"rendered":"\n<p>Buggy Restaurant s&rsquo;engage \u00e0 maintenir ce site Web \u00e0 jour et exact. Toutefois, si vous trouvez des informations incorrectes ou obsol\u00e8tes, veuillez nous en faire part. Veuillez indiquer o\u00f9 vous avez lu l&rsquo;information sur le site web. Nous la r\u00e9viserons d\u00e8s que possible. Veuillez envoyer votre r\u00e9ponse par courrier \u00e9lectronique \u00e0 l&rsquo;adresse suivante : <a>info@restaurantebuggy.com.<\/a>    <\/p>\n\n\n\n<p>Nous ne sommes pas responsables des pertes r\u00e9sultant d&rsquo;inexactitudes ou d&rsquo;incompl\u00e9tudes, ni des pertes r\u00e9sultant de probl\u00e8mes caus\u00e9s par ou inh\u00e9rents \u00e0 la diffusion d&rsquo;informations via l&rsquo;internet, tels que des interruptions ou des pannes. Lors de l&rsquo;utilisation de formulaires web, nous nous effor\u00e7ons de limiter au maximum le nombre de champs obligatoires. Buggy Restaurant n&rsquo;accepte aucune responsabilit\u00e9 pour toute perte subie suite \u00e0 l&rsquo;utilisation de donn\u00e9es, de conseils ou d&rsquo;id\u00e9es fournis par ou au nom de Buggy Restaurant par le biais de ce site web.  <\/p>\n\n\n\n<p>L&rsquo;utilisation du site web et de tous ses composants (y compris les forums) est soumise aux conditions d&rsquo;utilisation. En utilisant ce site web, vous reconnaissez et acceptez ces conditions d&rsquo;utilisation. <\/p>\n\n\n\n<p>Toutes les donn\u00e9es personnelles que vous nous fournissez dans le cadre de votre r\u00e9ponse ou de votre demande d&rsquo;information ne seront utilis\u00e9es que conform\u00e9ment \u00e0 notre avis sur la protection de la vie priv\u00e9e.<\/p>\n\n\n\n<p>Tous les droits de propri\u00e9t\u00e9 intellectuelle sur le contenu de ce site web appartiennent \u00e0 Buggy Restaurant.<\/p>\n\n\n\n<p>Aucune copie, diffusion ou autre utilisation de ce mat\u00e9riel n&rsquo;est autoris\u00e9e sans l&rsquo;autorisation \u00e9crite de Buggy Restaurant, sauf et uniquement dans la mesure stipul\u00e9e par les r\u00e9glementations l\u00e9gales obligatoires (telles que le droit de citation), \u00e0 moins que le contenu sp\u00e9cifique n&rsquo;en dispose autrement.<\/p>\n\n\n\n<p>Si vous avez des questions ou des probl\u00e8mes concernant l&rsquo;accessibilit\u00e9 du site web, n&rsquo;h\u00e9sitez pas \u00e0 nous contacter.<\/p>\n\n\n\n<figure class=\"wp-block-image aligncenter size-full\"><img loading=\"lazy\" decoding=\"async\" width=\"512\" height=\"512\" src=\"https:\/\/restaurantebuggy.com\/wp-content\/uploads\/2025\/01\/logo.png\" alt=\"\" class=\"wp-image-35\" srcset=\"https:\/\/restaurantebuggy.com\/wp-content\/uploads\/2025\/01\/logo.png 512w, https:\/\/restaurantebuggy.com\/wp-content\/uploads\/2025\/01\/logo-300x300.png 300w, https:\/\/restaurantebuggy.com\/wp-content\/uploads\/2025\/01\/logo-150x150.png 150w\" sizes=\"auto, (max-width: 512px) 100vw, 512px\" \/><\/figure>\n","protected":false},"excerpt":{"rendered":"<p>Buggy Restaurant s&rsquo;engage \u00e0 maintenir ce site Web \u00e0 jour et exact. Toutefois, si vous trouvez des informations incorrectes ou obsol\u00e8tes, veuillez nous en faire part. Veuillez indiquer o\u00f9 vous avez lu l&rsquo;information sur le site web. Nous la r\u00e9viserons d\u00e8s que possible. Veuillez envoyer votre r\u00e9ponse par courrier \u00e9lectronique \u00e0 l&rsquo;adresse suivante : info@restaurantebuggy.com. [&hellip;]<\/p>\n","protected":false},"author":1,"featured_media":0,"parent":0,"menu_order":0,"comment_status":"closed","ping_status":"closed","template":"","meta":{"_coblocks_attr":"","_coblocks_dimensions":"","_coblocks_responsive_height":"","_coblocks_accordion_ie_support":"","footnotes":""},"class_list":["post-1033","page","type-page","status-publish","hentry"],"_links":{"self":[{"href":"https:\/\/restaurantebuggy.com\/fr\/wp-json\/wp\/v2\/pages\/1033","targetHints":{"allow":["GET"]}}],"collection":[{"href":"https:\/\/restaurantebuggy.com\/fr\/wp-json\/wp\/v2\/pages"}],"about":[{"href":"https:\/\/restaurantebuggy.com\/fr\/wp-json\/wp\/v2\/types\/page"}],"author":[{"embeddable":true,"href":"https:\/\/restaurantebuggy.com\/fr\/wp-json\/wp\/v2\/users\/1"}],"replies":[{"embeddable":true,"href":"https:\/\/restaurantebuggy.com\/fr\/wp-json\/wp\/v2\/comments?post=1033"}],"version-history":[{"count":0,"href":"https:\/\/restaurantebuggy.com\/fr\/wp-json\/wp\/v2\/pages\/1033\/revisions"}],"wp:attachment":[{"href":"https:\/\/restaurantebuggy.com\/fr\/wp-json\/wp\/v2\/media?parent=1033"}],"curies":[{"name":"wp","href":"https:\/\/api.w.org\/{rel}","templated":true}]}}