{"id":1027,"date":"2025-01-22T11:59:31","date_gmt":"2025-01-22T11:59:31","guid":{"rendered":"https:\/\/restaurantebuggy.com\/galerie-buggy\/"},"modified":"2025-01-22T11:59:31","modified_gmt":"2025-01-22T11:59:31","slug":"galerie-buggy","status":"publish","type":"page","link":"https:\/\/restaurantebuggy.com\/fr\/galerie-buggy\/","title":{"rendered":"Galerie Buggy"},"content":{"rendered":"\n<div class=\"wp-block-group alignfull hostinger-ai-gallery-2 hostinger-ai-fade-up is-layout-flow wp-block-group-is-layout-flow\" data-aos=\"fade-up\">\n<div class=\"wp-block-group alignwide hostinger-ai-fade-up has-global-padding is-layout-constrained wp-block-group-is-layout-constrained\" data-aos=\"fade-up\" style=\"padding-top:var(--wp--preset--spacing--60);padding-bottom:var(--wp--preset--spacing--60)\">\n<p class=\"has-text-align-center hostinger-ai-description has-dark-color has-text-color has-link-color wp-elements-bb1a28bff0814b514394894b0abda52a\" style=\"margin-top:0;margin-bottom:0;font-size:clamp(15.197px, 0.95rem + ((1vw - 3.2px) * 1), 23px);\">Venez d\u00e9guster nos meilleurs plats !  <\/p>\n\n\n\n<p class=\"has-text-align-center hostinger-ai-description has-dark-color has-text-color has-link-color wp-elements-ed4d43b6716e9ce9a90b6d4b80f3d997\" style=\"margin-top:0;margin-bottom:0;font-size:clamp(15.197px, 0.95rem + ((1vw - 3.2px) * 1), 23px);\">Sur notre carte, vous trouverez des options irr\u00e9sistibles, telles que de succulents morceaux de viande, de d\u00e9licieux poissons frais et nos incroyables plats de riz, pr\u00e9par\u00e9s avec des ingr\u00e9dients de premi\u00e8re qualit\u00e9.  <\/p>\n\n\n\n<p class=\"has-text-align-center hostinger-ai-description has-dark-color has-text-color has-link-color wp-elements-a0cad0db7b0c07158143ac151b7ebbaf\" style=\"margin-top:0;margin-bottom:0;font-size:clamp(15.197px, 0.95rem + ((1vw - 3.2px) * 1), 23px);\"><strong>Nous nous r\u00e9jouissons de vous offrir la meilleure exp\u00e9rience gastronomique !<\/strong><\/p>\n\n\n\n<div style=\"height:52px\" aria-hidden=\"true\" class=\"wp-block-spacer\"><\/div>\n\n\n\n<figure class=\"wp-block-image aligncenter size-full is-resized\"><img loading=\"lazy\" decoding=\"async\" width=\"380\" height=\"212\" src=\"https:\/\/restaurantebuggy.com\/wp-content\/uploads\/2025\/01\/logoBuggy.png\" alt=\"\" class=\"wp-image-41\" style=\"width:222px;height:auto\" srcset=\"https:\/\/restaurantebuggy.com\/wp-content\/uploads\/2025\/01\/logoBuggy.png 380w, https:\/\/restaurantebuggy.com\/wp-content\/uploads\/2025\/01\/logoBuggy-300x167.png 300w\" sizes=\"auto, (max-width: 380px) 100vw, 380px\" \/><\/figure>\n<\/div>\n<\/div>\n\n\n\n<div class=\"wp-block-group alignfull hostinger-ai-gallery-2 hostinger-ai-fade-up is-layout-flow wp-block-group-is-layout-flow\" data-aos=\"fade-up\">\n<div class=\"wp-block-group hostinger-ai-fade-up has-global-padding is-layout-constrained wp-block-group-is-layout-constrained\" data-aos=\"fade-up\" style=\"margin-top:0\">\n<div class=\"wp-block-group alignwide hostinger-ai-fade-up has-global-padding is-layout-constrained wp-container-core-group-is-layout-12243e0f wp-block-group-is-layout-constrained\" data-aos=\"fade-up\">\n<!-- LightWidget WIDGET --><script src=\"https:\/\/cdn.lightwidget.com\/widgets\/lightwidget.js\"><\/script><iframe src=\"https:\/\/cdn.lightwidget.com\/widgets\/2a1df8269ae753f78f39a9626bd8db00.html\" scrolling=\"no\" allowtransparency=\"true\" class=\"lightwidget-widget\" style=\"width:100%;border:0;overflow:hidden;\"><\/iframe>\n<\/div>\n<\/div>\n<\/div>\n\n\n\n<div class=\"wp-block-group alignfull hostinger-ai-our-projects-3 hostinger-ai-fade-up has-global-padding is-layout-constrained wp-block-group-is-layout-constrained\" data-aos=\"fade-up\">\n<div class=\"wp-block-group alignwide project-item hostinger-ai-fade-up is-layout-grid wp-container-core-group-is-layout-be66fcb3 wp-block-group-is-layout-grid\" data-aos=\"fade-up\" style=\"padding-top:var(--wp--preset--spacing--40);padding-right:0;padding-bottom:var(--wp--preset--spacing--60);padding-left:0\">\n<div class=\"wp-block-group project-item-content hostinger-ai-fade-up wp-container-content-5e2576f9 is-vertical is-content-justification-left is-nowrap is-layout-flex wp-container-core-group-is-layout-f26a4d82 wp-block-group-is-layout-flex\" data-aos=\"fade-up\" style=\"padding-right:var(--wp--preset--spacing--60);padding-left:0\">\n<h2 class=\"wp-block-heading hostinger-ai-project-title has-dark-color has-text-color has-link-color has-x-large-font-size wp-elements-f5dae3504743c15d0c68ccbd2e838665\" style=\"margin-top:0;margin-right:0;margin-bottom:0;margin-left:0;padding-bottom:var(--wp--preset--spacing--20)\">Les saveurs de la mer<\/h2>\n\n\n\n<p class=\"hostinger-ai-project-description has-dark-color has-text-color has-link-color wp-elements-b80f2f5b2b97fc868035fabf072e42ec\" style=\"margin-top:0;margin-right:var(--wp--preset--spacing--50);margin-bottom:var(--wp--preset--spacing--50);font-size:clamp(15.197px, 0.95rem + ((1vw - 3.2px) * 1), 23px);\">Le restaurant Buggy vous propose une exp\u00e9rience culinaire unique sur la Costa Brava, mettant en valeur la fra\u00eecheur de nos poissons et fruits de mer, pr\u00e9par\u00e9s avec passion et d\u00e9vouement par notre \u00e9quipe.<\/p>\n<\/div>\n\n\n\n<div class=\"wp-block-group hostinger-ai-fade-up has-global-padding is-layout-constrained wp-block-group-is-layout-constrained\" data-aos=\"fade-up\">\n<figure class=\"wp-block-image size-full has-custom-border hostinger-ai-project-image hostinger-index-3 is-style-bottom-wave\"><img loading=\"lazy\" decoding=\"async\" width=\"1440\" height=\"1440\" src=\"https:\/\/restaurantebuggy.com\/wp-content\/uploads\/2025\/02\/20.jpg\" alt=\"\" class=\"wp-image-134\" style=\"border-radius:8px\" srcset=\"https:\/\/restaurantebuggy.com\/wp-content\/uploads\/2025\/02\/20.jpg 1440w, https:\/\/restaurantebuggy.com\/wp-content\/uploads\/2025\/02\/20-300x300.jpg 300w, https:\/\/restaurantebuggy.com\/wp-content\/uploads\/2025\/02\/20-1024x1024.jpg 1024w, https:\/\/restaurantebuggy.com\/wp-content\/uploads\/2025\/02\/20-150x150.jpg 150w, https:\/\/restaurantebuggy.com\/wp-content\/uploads\/2025\/02\/20-768x768.jpg 768w, https:\/\/restaurantebuggy.com\/wp-content\/uploads\/2025\/02\/20-500x500.jpg 500w, https:\/\/restaurantebuggy.com\/wp-content\/uploads\/2025\/02\/20-800x800.jpg 800w, https:\/\/restaurantebuggy.com\/wp-content\/uploads\/2025\/02\/20-1280x1280.jpg 1280w\" sizes=\"auto, (max-width: 1440px) 100vw, 1440px\" \/><\/figure>\n<\/div>\n<\/div>\n\n\n\n<div class=\"wp-block-group alignwide project-item hostinger-ai-fade-up is-layout-grid wp-container-core-group-is-layout-be66fcb3 wp-block-group-is-layout-grid\" data-aos=\"fade-up\" style=\"padding-top:var(--wp--preset--spacing--40);padding-right:0;padding-bottom:var(--wp--preset--spacing--60);padding-left:0\">\n<div class=\"wp-block-group hostinger-ai-fade-up has-global-padding is-layout-constrained wp-block-group-is-layout-constrained\" data-aos=\"fade-up\">\n<figure class=\"wp-block-image size-full has-custom-border hostinger-ai-project-image hostinger-index-4 is-style-rounded\"><img loading=\"lazy\" decoding=\"async\" width=\"1080\" height=\"1080\" src=\"https:\/\/restaurantebuggy.com\/wp-content\/uploads\/2025\/02\/21.jpg\" alt=\"\" class=\"wp-image-135\" style=\"border-radius:8px\" srcset=\"https:\/\/restaurantebuggy.com\/wp-content\/uploads\/2025\/02\/21.jpg 1080w, https:\/\/restaurantebuggy.com\/wp-content\/uploads\/2025\/02\/21-300x300.jpg 300w, https:\/\/restaurantebuggy.com\/wp-content\/uploads\/2025\/02\/21-1024x1024.jpg 1024w, https:\/\/restaurantebuggy.com\/wp-content\/uploads\/2025\/02\/21-150x150.jpg 150w, https:\/\/restaurantebuggy.com\/wp-content\/uploads\/2025\/02\/21-768x768.jpg 768w, https:\/\/restaurantebuggy.com\/wp-content\/uploads\/2025\/02\/21-500x500.jpg 500w, https:\/\/restaurantebuggy.com\/wp-content\/uploads\/2025\/02\/21-800x800.jpg 800w\" sizes=\"auto, (max-width: 1080px) 100vw, 1080px\" \/><\/figure>\n<\/div>\n\n\n\n<div class=\"wp-block-group project-item-content hostinger-ai-fade-up wp-container-content-5e2576f9 is-vertical is-content-justification-left is-nowrap is-layout-flex wp-container-core-group-is-layout-f26a4d82 wp-block-group-is-layout-flex\" data-aos=\"fade-up\" style=\"padding-right:var(--wp--preset--spacing--60);padding-left:0\">\n<h2 class=\"wp-block-heading hostinger-ai-project-title hostinger-index-1 has-dark-color has-text-color has-link-color has-x-large-font-size wp-elements-026f17ca13125e3f4e819ee006ed2caa\" style=\"margin-top:0;margin-right:0;margin-bottom:0;margin-left:0;padding-bottom:var(--wp--preset--spacing--20);padding-left:var(--wp--preset--spacing--50)\">Une exp\u00e9rience unique<\/h2>\n\n\n\n<p class=\"hostinger-ai-project-description hostinger-index-1 has-dark-color has-text-color has-link-color wp-elements-03763f748642738196ec2a100d68613f\" style=\"margin-top:0;margin-right:0;margin-bottom:var(--wp--preset--spacing--50);margin-left:var(--wp--preset--spacing--50);font-size:clamp(15.197px, 0.95rem + ((1vw - 3.2px) * 1), 23px);\">Profitez d&rsquo;une atmosph\u00e8re accueillante aux portes de la Costa Brava, o\u00f9 chaque plat refl\u00e8te la richesse de la gastronomie locale, id\u00e9ale pour les amateurs de bonne ch\u00e8re et de qualit\u00e9.<\/p>\n<\/div>\n<\/div>\n\n\n\n<div class=\"wp-block-group alignwide project-item is-layout-grid wp-container-core-group-is-layout-d462a945 wp-block-group-is-layout-grid\" style=\"padding-top:var(--wp--preset--spacing--40);padding-right:0;padding-bottom:0;padding-left:0\">\n<div class=\"wp-block-group project-item-content hostinger-ai-fade-up wp-container-content-5e2576f9 is-vertical is-content-justification-left is-nowrap is-layout-flex wp-container-core-group-is-layout-f26a4d82 wp-block-group-is-layout-flex\" data-aos=\"fade-up\" data-aos=\"fade-up\" style=\"padding-right:var(--wp--preset--spacing--60);padding-left:0\">\n<h2 class=\"wp-block-heading hostinger-ai-project-title hostinger-index-2 has-dark-color has-text-color has-link-color has-x-large-font-size wp-elements-252abe7c3aeac18ee9729627346187c5\" style=\"margin-top:0;margin-right:0;margin-bottom:0;margin-left:0;padding-bottom:var(--wp--preset--spacing--20)\">Tradition, saveur et fra\u00eecheur<\/h2>\n\n\n\n<p class=\"hostinger-ai-project-description hostinger-index-2 has-dark-color has-text-color has-link-color wp-elements-5b5036350cd366b5c83a05bf1f01932e\" style=\"margin-top:0;margin-right:var(--wp--preset--spacing--50);margin-bottom:var(--wp--preset--spacing--50);font-size:clamp(15.197px, 0.95rem + ((1vw - 3.2px) * 1), 23px);\">Notre engagement est de vous offrir le meilleur de la cuisine m\u00e9diterran\u00e9enne, avec des recettes traditionnelles qui mettent en valeur les saveurs authentiques de la r\u00e9gion.<\/p>\n<\/div>\n\n\n\n<div class=\"wp-block-group hostinger-ai-fade-up has-global-padding is-layout-constrained wp-block-group-is-layout-constrained\" data-aos=\"fade-up\">\n<figure class=\"wp-block-image size-full has-custom-border hostinger-ai-project-image hostinger-index-5 is-style-bottom-wave\"><img loading=\"lazy\" decoding=\"async\" width=\"1080\" height=\"1350\" src=\"https:\/\/restaurantebuggy.com\/wp-content\/uploads\/2025\/02\/19.jpg\" alt=\"\" class=\"wp-image-133\" style=\"border-radius:8px;aspect-ratio:1;object-fit:cover\" srcset=\"https:\/\/restaurantebuggy.com\/wp-content\/uploads\/2025\/02\/19.jpg 1080w, https:\/\/restaurantebuggy.com\/wp-content\/uploads\/2025\/02\/19-240x300.jpg 240w, https:\/\/restaurantebuggy.com\/wp-content\/uploads\/2025\/02\/19-819x1024.jpg 819w, https:\/\/restaurantebuggy.com\/wp-content\/uploads\/2025\/02\/19-768x960.jpg 768w, https:\/\/restaurantebuggy.com\/wp-content\/uploads\/2025\/02\/19-500x625.jpg 500w, https:\/\/restaurantebuggy.com\/wp-content\/uploads\/2025\/02\/19-800x1000.jpg 800w\" sizes=\"auto, (max-width: 1080px) 100vw, 1080px\" \/><\/figure>\n<\/div>\n<\/div>\n<\/div>\n\n\n\n<p><\/p>\n","protected":false},"excerpt":{"rendered":"<p>Venez d\u00e9guster nos meilleurs plats ! Sur notre carte, vous trouverez des options irr\u00e9sistibles, telles que de succulents morceaux de viande, de d\u00e9licieux poissons frais et nos incroyables plats de riz, pr\u00e9par\u00e9s avec des ingr\u00e9dients de premi\u00e8re qualit\u00e9. Nous nous r\u00e9jouissons de vous offrir la meilleure exp\u00e9rience gastronomique ! Les saveurs de la mer Le [&hellip;]<\/p>\n","protected":false},"author":1,"featured_media":0,"parent":0,"menu_order":0,"comment_status":"closed","ping_status":"closed","template":"","meta":{"_coblocks_attr":"","_coblocks_dimensions":"","_coblocks_responsive_height":"","_coblocks_accordion_ie_support":"","footnotes":""},"class_list":["post-1027","page","type-page","status-publish","hentry"],"_links":{"self":[{"href":"https:\/\/restaurantebuggy.com\/fr\/wp-json\/wp\/v2\/pages\/1027","targetHints":{"allow":["GET"]}}],"collection":[{"href":"https:\/\/restaurantebuggy.com\/fr\/wp-json\/wp\/v2\/pages"}],"about":[{"href":"https:\/\/restaurantebuggy.com\/fr\/wp-json\/wp\/v2\/types\/page"}],"author":[{"embeddable":true,"href":"https:\/\/restaurantebuggy.com\/fr\/wp-json\/wp\/v2\/users\/1"}],"replies":[{"embeddable":true,"href":"https:\/\/restaurantebuggy.com\/fr\/wp-json\/wp\/v2\/comments?post=1027"}],"version-history":[{"count":0,"href":"https:\/\/restaurantebuggy.com\/fr\/wp-json\/wp\/v2\/pages\/1027\/revisions"}],"wp:attachment":[{"href":"https:\/\/restaurantebuggy.com\/fr\/wp-json\/wp\/v2\/media?parent=1027"}],"curies":[{"name":"wp","href":"https:\/\/api.w.org\/{rel}","templated":true}]}}