{"id":1026,"date":"2025-01-22T11:59:29","date_gmt":"2025-01-22T11:59:29","guid":{"rendered":"https:\/\/restaurantebuggy.com\/notre-charte\/"},"modified":"2026-02-25T18:17:44","modified_gmt":"2026-02-25T18:17:44","slug":"notre-charte","status":"publish","type":"page","link":"https:\/\/restaurantebuggy.com\/fr\/notre-charte\/","title":{"rendered":"Notre charte"},"content":{"rendered":"\n<div style=\"height:28px\" aria-hidden=\"true\" class=\"wp-block-spacer\"><\/div>\n\n\n\n<div class=\"wp-block-columns is-layout-flex wp-container-core-columns-is-layout-28f84493 wp-block-columns-is-layout-flex\">\n<div class=\"wp-block-column is-layout-flow wp-block-column-is-layout-flow\">\n<figure class=\"wp-block-image size-large\"><img loading=\"lazy\" decoding=\"async\" width=\"819\" height=\"1024\" src=\"https:\/\/restaurantebuggy.com\/wp-content\/uploads\/2025\/02\/19-819x1024.jpg\" alt=\"\" class=\"wp-image-133\" srcset=\"https:\/\/restaurantebuggy.com\/wp-content\/uploads\/2025\/02\/19-819x1024.jpg 819w, https:\/\/restaurantebuggy.com\/wp-content\/uploads\/2025\/02\/19-240x300.jpg 240w, https:\/\/restaurantebuggy.com\/wp-content\/uploads\/2025\/02\/19-768x960.jpg 768w, https:\/\/restaurantebuggy.com\/wp-content\/uploads\/2025\/02\/19-500x625.jpg 500w, https:\/\/restaurantebuggy.com\/wp-content\/uploads\/2025\/02\/19-800x1000.jpg 800w, https:\/\/restaurantebuggy.com\/wp-content\/uploads\/2025\/02\/19.jpg 1080w\" sizes=\"auto, (max-width: 819px) 100vw, 819px\" \/><\/figure>\n<\/div>\n\n\n\n<div class=\"wp-block-column is-layout-flow wp-block-column-is-layout-flow\">\n<p class=\"hostinger-ai-testimonial-text hostinger-ai-font-bold hostinger-index-2 has-dark-color has-text-color has-link-color wp-elements-bd114c2bd1a0642ae25dcc796a96bd5e\" style=\"margin-top:0;margin-right:0;margin-bottom:var(--wp--preset--spacing--50);margin-left:var(--wp--preset--spacing--60);font-size:clamp(15.197px, 0.95rem + ((1vw - 3.2px) * 1), 23px);font-style:normal;font-weight:100\">\u00ab\u00a0Chez Buggy, chaque plat raconte une histoire de saveurs uniques. Notre menu est con\u00e7u pour vous offrir une exp\u00e9rience gastronomique compl\u00e8te, avec des options allant des plus traditionnelles aux cr\u00e9ations innovantes qui raviront votre palais\u00a0\u00bb. <\/p>\n\n\n\n<div class=\"wp-block-buttons is-layout-flex wp-container-core-buttons-is-layout-cd1ad80b wp-block-buttons-is-layout-flex\" style=\"padding-right:var(--wp--preset--spacing--70);padding-left:var(--wp--preset--spacing--70)\">\n<div class=\"wp-block-button\"><a class=\"wp-block-button__link has-color-2-color has-text-color has-link-color has-large-font-size has-custom-font-size wp-element-button\" href=\"tel:+34972336064\">R\u00c9SERVEZ VOTRE TABLE D\u00c8S MAINTENANT !<\/a><\/div>\n<\/div>\n<\/div>\n<\/div>\n\n\n\n<div class=\"wp-block-group alignfull hostinger-ai-customer-reviews-2 hostinger-ai-fade-up has-global-padding is-layout-constrained wp-block-group-is-layout-constrained\" data-aos=\"fade-up\" style=\"padding-top:var(--wp--preset--spacing--60);padding-bottom:var(--wp--preset--spacing--60)\">\n<div class=\"wp-block-columns alignwide is-layout-flex wp-container-core-columns-is-layout-28f84493 wp-block-columns-is-layout-flex\">\n<div class=\"wp-block-column is-vertically-aligned-center is-layout-flow wp-block-column-is-layout-flow\">\n<h2 class=\"wp-block-heading has-text-align-center has-x-large-font-size\">Qu&rsquo;avez-vous envie de faire aujourd&rsquo;hui ?<\/h2>\n\n\n\n<div style=\"height:28px\" aria-hidden=\"true\" class=\"wp-block-spacer\"><\/div>\n\n\n\n<p><\/p>\n\n\n\n<div class=\"wp-block-buttons is-layout-flex wp-container-core-buttons-is-layout-02312215 wp-block-buttons-is-layout-flex\" style=\"padding-right:0;padding-left:0\">\n<div class=\"wp-block-button is-style-circular\"><a class=\"wp-block-button__link has-light-color has-text-color has-background has-link-color has-medium-font-size has-custom-font-size wp-element-button\" href=\"https:\/\/restaurantebuggy.com\/fr\/notre-charte\/#menus\" style=\"background-color:#6c7a67\">MENU QUOTIDIEN (midi hors jours f\u00e9ri\u00e9s)<\/a><\/div>\n\n\n\n<div class=\"wp-block-button is-style-circular\"><a class=\"wp-block-button__link has-light-color has-text-color has-background has-link-color has-medium-font-size has-custom-font-size wp-element-button\" href=\"https:\/\/restaurantebuggy.com\/fr\/notre-charte\/#festivos\" style=\"background-color:#6c7a67\">MENUS DU SOIR &#8211; WEEK-ENDS &#8211; JOURS F\u00c9RI\u00c9S<\/a><\/div>\n\n\n\n<div class=\"wp-block-button is-style-circular\" id=\"perla\"><a class=\"wp-block-button__link has-light-color has-text-color has-background has-link-color has-medium-font-size has-custom-font-size wp-element-button\" href=\"https:\/\/restaurantebuggy.com\/fr\/notre-charte\/#perla\" style=\"background-color:#6c7a67\">MENU PERLA (Sp\u00e9cial Couples)<\/a><\/div>\n\n\n\n<div class=\"wp-block-button is-style-circular\"><a class=\"wp-block-button__link has-light-color has-text-color has-background has-link-color has-medium-font-size has-custom-font-size wp-element-button\" href=\"https:\/\/restaurantebuggy.com\/fr\/notre-charte\/#carta\" style=\"background-color:#6c7a67\">NOTRE LETTRE<\/a><\/div>\n<\/div>\n<\/div>\n<\/div>\n<\/div>\n\n\n\n<div class=\"wp-block-group alignfull hostinger-ai-customer-reviews-2 hostinger-ai-fade-up has-background has-global-padding is-layout-constrained wp-block-group-is-layout-constrained\" data-aos=\"fade-up\" id=\"menus\" style=\"background:linear-gradient(135deg,rgb(0,95,115) 0%,rgb(242,239,230) 100%);padding-top:var(--wp--preset--spacing--60);padding-bottom:var(--wp--preset--spacing--60)\">\n<div class=\"wp-block-columns alignwide is-layout-flex wp-container-core-columns-is-layout-28f84493 wp-block-columns-is-layout-flex\">\n<div class=\"wp-block-column is-vertically-aligned-center is-layout-flow wp-block-column-is-layout-flow\">\n<h2 class=\"wp-block-heading has-text-align-center has-color-1-color has-text-color has-link-color wp-elements-a97940f28dc6306cc7f08f6f94208cfc\" id=\"menus\" style=\"font-size:clamp(18.959px, 1.185rem + ((1vw - 3.2px) * 1.416), 30px);\">\ud83e\udd90 Menu du jour &#8211; midi Hors vacances<\/h2>\n<\/div>\n<\/div>\n<\/div>\n\n\n\n<p style=\"font-size:clamp(15.197px, 0.95rem + ((1vw - 3.2px) * 1), 23px);\">Nous vous invitons \u00e0 d\u00e9guster notre exquis menu du jour, disponible du lundi au vendredi \u00e0 midi. Chaque jour, nous pr\u00e9parons des plats frais et savoureux, accompagn\u00e9s d&rsquo;un choix de dessert, de pain et d&rsquo;une boisson pour compl\u00e9ter votre repas.   <\/p>\n\n\n\n<figure class=\"wp-block-image size-full\"><img loading=\"lazy\" decoding=\"async\" width=\"1722\" height=\"2560\" src=\"https:\/\/restaurantebuggy.com\/wp-content\/uploads\/2026\/02\/CARTAMENUMIGDIA2026FR-scaled.png\" alt=\"\" class=\"wp-image-1671\" srcset=\"https:\/\/restaurantebuggy.com\/wp-content\/uploads\/2026\/02\/CARTAMENUMIGDIA2026FR-scaled.png 1722w, https:\/\/restaurantebuggy.com\/wp-content\/uploads\/2026\/02\/CARTAMENUMIGDIA2026FR-202x300.png 202w, https:\/\/restaurantebuggy.com\/wp-content\/uploads\/2026\/02\/CARTAMENUMIGDIA2026FR-689x1024.png 689w, https:\/\/restaurantebuggy.com\/wp-content\/uploads\/2026\/02\/CARTAMENUMIGDIA2026FR-768x1142.png 768w, https:\/\/restaurantebuggy.com\/wp-content\/uploads\/2026\/02\/CARTAMENUMIGDIA2026FR-1033x1536.png 1033w, https:\/\/restaurantebuggy.com\/wp-content\/uploads\/2026\/02\/CARTAMENUMIGDIA2026FR-1378x2048.png 1378w, https:\/\/restaurantebuggy.com\/wp-content\/uploads\/2026\/02\/CARTAMENUMIGDIA2026FR-500x743.png 500w, https:\/\/restaurantebuggy.com\/wp-content\/uploads\/2026\/02\/CARTAMENUMIGDIA2026FR-800x1189.png 800w, https:\/\/restaurantebuggy.com\/wp-content\/uploads\/2026\/02\/CARTAMENUMIGDIA2026FR-1280x1903.png 1280w, https:\/\/restaurantebuggy.com\/wp-content\/uploads\/2026\/02\/CARTAMENUMIGDIA2026FR-1920x2854.png 1920w\" sizes=\"auto, (max-width: 1722px) 100vw, 1722px\" \/><\/figure>\n\n\n\n<div class=\"wp-block-group alignfull hostinger-ai-customer-reviews-2 hostinger-ai-fade-up has-background has-global-padding is-layout-constrained wp-block-group-is-layout-constrained\" data-aos=\"fade-up\" id=\"noches\" style=\"background:linear-gradient(135deg,rgb(0,95,115) 0%,rgb(242,239,230) 100%);padding-top:var(--wp--preset--spacing--60);padding-bottom:var(--wp--preset--spacing--60)\">\n<div class=\"wp-block-columns alignwide is-layout-flex wp-container-core-columns-is-layout-28f84493 wp-block-columns-is-layout-flex\">\n<div class=\"wp-block-column is-vertically-aligned-center is-layout-flow wp-block-column-is-layout-flow\">\n<h2 class=\"wp-block-heading has-text-align-center has-color-1-color has-text-color has-link-color wp-elements-3acd20aca9745456ccc647b2bdebeb5a\" id=\"festivos\" style=\"font-size:clamp(18.959px, 1.185rem + ((1vw - 3.2px) * 1.416), 30px);\">\ud83c\udf72 Menus du soir, du week-end et des jours f\u00e9ri\u00e9s<\/h2>\n<\/div>\n<\/div>\n<\/div>\n\n\n\n<p style=\"font-size:clamp(15.197px, 0.95rem + ((1vw - 3.2px) * 1), 23px);\">Faites-vous plaisir et d\u00e9gustez nos meilleurs plats dans les menus du soir, du week-end et des jours f\u00e9ri\u00e9s. Nous proposons deux d\u00e9licieuses variantes de menus, chacune con\u00e7ue pour satisfaire vos moindres d\u00e9sirs et vous offrir une exp\u00e9rience gastronomique unique. Laissez-vous surprendre par des saveurs exceptionnelles dans une ambiance chaleureuse.  <\/p>\n\n\n\n<figure class=\"wp-block-image size-full\"><img loading=\"lazy\" decoding=\"async\" width=\"897\" height=\"1545\" src=\"https:\/\/restaurantebuggy.com\/wp-content\/uploads\/2026\/02\/Menu-especialFR-2.png\" alt=\"\" class=\"wp-image-1529\" srcset=\"https:\/\/restaurantebuggy.com\/wp-content\/uploads\/2026\/02\/Menu-especialFR-2.png 897w, https:\/\/restaurantebuggy.com\/wp-content\/uploads\/2026\/02\/Menu-especialFR-2-174x300.png 174w, https:\/\/restaurantebuggy.com\/wp-content\/uploads\/2026\/02\/Menu-especialFR-2-595x1024.png 595w, https:\/\/restaurantebuggy.com\/wp-content\/uploads\/2026\/02\/Menu-especialFR-2-768x1323.png 768w, https:\/\/restaurantebuggy.com\/wp-content\/uploads\/2026\/02\/Menu-especialFR-2-892x1536.png 892w, https:\/\/restaurantebuggy.com\/wp-content\/uploads\/2026\/02\/Menu-especialFR-2-500x861.png 500w, https:\/\/restaurantebuggy.com\/wp-content\/uploads\/2026\/02\/Menu-especialFR-2-800x1378.png 800w\" sizes=\"auto, (max-width: 897px) 100vw, 897px\" \/><\/figure>\n\n\n\n<p><\/p>\n\n\n\n<div class=\"wp-block-group alignfull hostinger-ai-customer-reviews-2 hostinger-ai-fade-up has-background has-global-padding is-layout-constrained wp-block-group-is-layout-constrained\" data-aos=\"fade-up\" id=\"perla\" style=\"background:linear-gradient(135deg,rgb(0,95,115) 0%,rgb(242,239,230) 100%);padding-top:var(--wp--preset--spacing--60);padding-bottom:var(--wp--preset--spacing--60)\">\n<div class=\"wp-block-columns alignwide is-layout-flex wp-container-core-columns-is-layout-28f84493 wp-block-columns-is-layout-flex\">\n<div class=\"wp-block-column is-vertically-aligned-center is-layout-flow wp-block-column-is-layout-flow\">\n<h2 class=\"wp-block-heading has-text-align-center has-text-color has-link-color wp-elements-e995f4cbc32ec6f24e8c5b66e361b113\" id=\"perla\" style=\"color:#ebd4ab;font-size:clamp(18.959px, 1.185rem + ((1vw - 3.2px) * 1.416), 30px);\">\ud83e\uddaa La perle du buggy  <\/h2>\n<\/div>\n<\/div>\n<\/div>\n\n\n\n<p style=\"font-size:clamp(15.197px, 0.95rem + ((1vw - 3.2px) * 1), 23px);\">Vous cherchez une exp\u00e9rience gastronomique \u00e0 partager ? <br>Nous vous pr\u00e9sentons<strong>\u00ab\u00a0La Perla del Buggy<\/strong>\u00ab\u00a0, id\u00e9al pour partager, savourer et cr\u00e9er des moments magiques.  <\/p>\n\n\n\n<figure class=\"wp-block-image size-full\"><img loading=\"lazy\" decoding=\"async\" width=\"861\" height=\"520\" src=\"https:\/\/restaurantebuggy.com\/wp-content\/uploads\/2026\/02\/CARTA-IDIOMES-2026-7-perlaa.png\" alt=\"\" class=\"wp-image-1533\" srcset=\"https:\/\/restaurantebuggy.com\/wp-content\/uploads\/2026\/02\/CARTA-IDIOMES-2026-7-perlaa.png 861w, https:\/\/restaurantebuggy.com\/wp-content\/uploads\/2026\/02\/CARTA-IDIOMES-2026-7-perlaa-300x181.png 300w, https:\/\/restaurantebuggy.com\/wp-content\/uploads\/2026\/02\/CARTA-IDIOMES-2026-7-perlaa-768x464.png 768w, https:\/\/restaurantebuggy.com\/wp-content\/uploads\/2026\/02\/CARTA-IDIOMES-2026-7-perlaa-500x302.png 500w, https:\/\/restaurantebuggy.com\/wp-content\/uploads\/2026\/02\/CARTA-IDIOMES-2026-7-perlaa-800x483.png 800w\" sizes=\"auto, (max-width: 861px) 100vw, 861px\" \/><\/figure>\n\n\n\n<div style=\"height:43px\" aria-hidden=\"true\" class=\"wp-block-spacer\"><\/div>\n\n\n\n<div class=\"wp-block-group alignfull hostinger-ai-customer-reviews-2 hostinger-ai-fade-up has-background has-global-padding is-layout-constrained wp-block-group-is-layout-constrained\" data-aos=\"fade-up\" id=\"carta\" style=\"background:linear-gradient(135deg,rgb(0,95,115) 0%,rgb(242,239,230) 100%);padding-top:var(--wp--preset--spacing--60);padding-bottom:var(--wp--preset--spacing--60)\">\n<div class=\"wp-block-columns alignwide is-layout-flex wp-container-core-columns-is-layout-28f84493 wp-block-columns-is-layout-flex\">\n<div class=\"wp-block-column is-vertically-aligned-center is-layout-flow wp-block-column-is-layout-flow\">\n<h2 class=\"wp-block-heading has-text-align-center carta has-color-1-color has-text-color has-link-color wp-elements-62e0285871a4f3146be7e73a70bc7204\" id=\"festivos\" style=\"font-size:clamp(18.959px, 1.185rem + ((1vw - 3.2px) * 1.416), 30px);\">\ud83e\udd91 Notre charte<\/h2>\n<\/div>\n<\/div>\n<\/div>\n\n\n\n<p style=\"font-size:clamp(15.197px, 0.95rem + ((1vw - 3.2px) * 1), 23px);\">Explorez notre menu vari\u00e9 de plats, parfaits \u00e0 partager ou \u00e0 savourer seul. Nous vous proposons une d\u00e9licieuse s\u00e9lection d&rsquo;amuse-gueules, de salades fra\u00eeches, de plats de riz, de viandes, de p\u00e2tes fra\u00eeches, de pizzas, ainsi que de fruits de mer frais, sans oublier le Buggy Pearl, id\u00e9al \u00e0 partager. Chaque plat est soigneusement pr\u00e9par\u00e9 avec des ingr\u00e9dients de haute qualit\u00e9 pour vous offrir une exp\u00e9rience gastronomique. Laissez-vous emporter par la diversit\u00e9 des saveurs et trouvez votre plat pr\u00e9f\u00e9r\u00e9 !   <\/p>\n\n\n\n<figure class=\"wp-block-image size-full\"><img loading=\"lazy\" decoding=\"async\" width=\"857\" height=\"1594\" src=\"https:\/\/restaurantebuggy.com\/wp-content\/uploads\/2026\/02\/CARTA-IDIOMES-2026-5.png\" alt=\"\" class=\"wp-image-1537\" srcset=\"https:\/\/restaurantebuggy.com\/wp-content\/uploads\/2026\/02\/CARTA-IDIOMES-2026-5.png 857w, https:\/\/restaurantebuggy.com\/wp-content\/uploads\/2026\/02\/CARTA-IDIOMES-2026-5-161x300.png 161w, https:\/\/restaurantebuggy.com\/wp-content\/uploads\/2026\/02\/CARTA-IDIOMES-2026-5-551x1024.png 551w, https:\/\/restaurantebuggy.com\/wp-content\/uploads\/2026\/02\/CARTA-IDIOMES-2026-5-768x1428.png 768w, https:\/\/restaurantebuggy.com\/wp-content\/uploads\/2026\/02\/CARTA-IDIOMES-2026-5-826x1536.png 826w, https:\/\/restaurantebuggy.com\/wp-content\/uploads\/2026\/02\/CARTA-IDIOMES-2026-5-500x930.png 500w, https:\/\/restaurantebuggy.com\/wp-content\/uploads\/2026\/02\/CARTA-IDIOMES-2026-5-800x1488.png 800w\" sizes=\"auto, (max-width: 857px) 100vw, 857px\" \/><\/figure>\n\n\n\n<figure class=\"wp-block-image size-full\"><img loading=\"lazy\" decoding=\"async\" width=\"814\" height=\"1594\" src=\"https:\/\/restaurantebuggy.com\/wp-content\/uploads\/2026\/02\/CARTA-IDIOMES-2026-6.png\" alt=\"\" class=\"wp-image-1541\" srcset=\"https:\/\/restaurantebuggy.com\/wp-content\/uploads\/2026\/02\/CARTA-IDIOMES-2026-6.png 814w, https:\/\/restaurantebuggy.com\/wp-content\/uploads\/2026\/02\/CARTA-IDIOMES-2026-6-153x300.png 153w, https:\/\/restaurantebuggy.com\/wp-content\/uploads\/2026\/02\/CARTA-IDIOMES-2026-6-523x1024.png 523w, https:\/\/restaurantebuggy.com\/wp-content\/uploads\/2026\/02\/CARTA-IDIOMES-2026-6-768x1504.png 768w, https:\/\/restaurantebuggy.com\/wp-content\/uploads\/2026\/02\/CARTA-IDIOMES-2026-6-784x1536.png 784w, https:\/\/restaurantebuggy.com\/wp-content\/uploads\/2026\/02\/CARTA-IDIOMES-2026-6-500x979.png 500w, https:\/\/restaurantebuggy.com\/wp-content\/uploads\/2026\/02\/CARTA-IDIOMES-2026-6-800x1567.png 800w\" sizes=\"auto, (max-width: 814px) 100vw, 814px\" \/><\/figure>\n\n\n\n<figure class=\"wp-block-image size-full\"><img loading=\"lazy\" decoding=\"async\" width=\"861\" height=\"1039\" src=\"https:\/\/restaurantebuggy.com\/wp-content\/uploads\/2026\/02\/CARTA-IDIOMES-2026-7.png\" alt=\"\" class=\"wp-image-1546\" srcset=\"https:\/\/restaurantebuggy.com\/wp-content\/uploads\/2026\/02\/CARTA-IDIOMES-2026-7.png 861w, https:\/\/restaurantebuggy.com\/wp-content\/uploads\/2026\/02\/CARTA-IDIOMES-2026-7-249x300.png 249w, https:\/\/restaurantebuggy.com\/wp-content\/uploads\/2026\/02\/CARTA-IDIOMES-2026-7-849x1024.png 849w, https:\/\/restaurantebuggy.com\/wp-content\/uploads\/2026\/02\/CARTA-IDIOMES-2026-7-768x927.png 768w, https:\/\/restaurantebuggy.com\/wp-content\/uploads\/2026\/02\/CARTA-IDIOMES-2026-7-500x603.png 500w, https:\/\/restaurantebuggy.com\/wp-content\/uploads\/2026\/02\/CARTA-IDIOMES-2026-7-800x965.png 800w\" sizes=\"auto, (max-width: 861px) 100vw, 861px\" \/><\/figure>\n\n\n\n<div class=\"alignnormal\"><div id=\"metaslider-id-61\" style=\"width: 100%;\" class=\"ml-slider-3-105-0 metaslider metaslider-flex metaslider-61 ml-slider has-dots-nav ms-theme-jenga\" role=\"region\" aria-label=\"Nueva presentaci\u00f3n de diapositivas\" data-height=\"400\" data-width=\"900\">\n    <div id=\"metaslider_container_61\">\n        <div id=\"metaslider_61\">\n            <ul class='slides'>\n                <li style=\"display: block; width: 100%;\" class=\"slide-93 ms-image \" aria-roledescription=\"slide\" data-date=\"2025-02-06 10:41:30\" data-filename=\"18-900x400.jpg\" data-slide-type=\"image\"><img loading=\"lazy\" decoding=\"async\" src=\"https:\/\/restaurantebuggy.com\/wp-content\/uploads\/2025\/02\/18-900x400.jpg\" height=\"400\" width=\"900\" alt=\"\" class=\"slider-61 slide-93 msDefaultImage\" title=\"18\" \/><\/li>\n                <li style=\"display: none; width: 100%;\" class=\"slide-94 ms-image \" aria-roledescription=\"slide\" data-date=\"2025-02-06 10:41:30\" data-filename=\"17-900x400.jpg\" data-slide-type=\"image\"><img loading=\"lazy\" decoding=\"async\" src=\"https:\/\/restaurantebuggy.com\/wp-content\/uploads\/2025\/02\/17-900x400.jpg\" height=\"400\" width=\"900\" alt=\"\" class=\"slider-61 slide-94 msDefaultImage\" title=\"17\" \/><\/li>\n                <li style=\"display: none; width: 100%;\" class=\"slide-96 ms-image \" aria-roledescription=\"slide\" data-date=\"2025-02-06 10:41:30\" data-filename=\"15-900x400.jpg\" data-slide-type=\"image\"><img loading=\"lazy\" decoding=\"async\" src=\"https:\/\/restaurantebuggy.com\/wp-content\/uploads\/2025\/02\/15-900x400.jpg\" height=\"400\" width=\"900\" alt=\"\" class=\"slider-61 slide-96 msDefaultImage\" title=\"15\" \/><\/li>\n                <li style=\"display: none; width: 100%;\" class=\"slide-97 ms-image \" aria-roledescription=\"slide\" data-date=\"2025-02-06 10:41:30\" data-filename=\"14-900x400.jpg\" data-slide-type=\"image\"><img loading=\"lazy\" decoding=\"async\" src=\"https:\/\/restaurantebuggy.com\/wp-content\/uploads\/2025\/02\/14-900x400.jpg\" height=\"400\" width=\"900\" alt=\"\" class=\"slider-61 slide-97 msDefaultImage\" title=\"14\" \/><\/li>\n                <li style=\"display: none; width: 100%;\" class=\"slide-98 ms-image \" aria-roledescription=\"slide\" data-date=\"2025-02-06 10:41:30\" data-filename=\"13-900x400.jpg\" data-slide-type=\"image\"><img loading=\"lazy\" decoding=\"async\" src=\"https:\/\/restaurantebuggy.com\/wp-content\/uploads\/2025\/02\/13-900x400.jpg\" height=\"400\" width=\"900\" alt=\"\" class=\"slider-61 slide-98 msDefaultImage\" title=\"13\" \/><\/li>\n                <li style=\"display: none; width: 100%;\" class=\"slide-99 ms-image \" aria-roledescription=\"slide\" data-date=\"2025-02-06 10:41:30\" data-filename=\"11-900x400.jpg\" data-slide-type=\"image\"><img loading=\"lazy\" decoding=\"async\" src=\"https:\/\/restaurantebuggy.com\/wp-content\/uploads\/2025\/02\/11-900x400.jpg\" height=\"400\" width=\"900\" alt=\"\" class=\"slider-61 slide-99 msDefaultImage\" title=\"11\" \/><\/li>\n                <li style=\"display: none; width: 100%;\" class=\"slide-100 ms-image \" aria-roledescription=\"slide\" data-date=\"2025-02-06 10:41:30\" data-filename=\"10-900x400.jpg\" data-slide-type=\"image\"><img loading=\"lazy\" decoding=\"async\" src=\"https:\/\/restaurantebuggy.com\/wp-content\/uploads\/2025\/02\/10-900x400.jpg\" height=\"400\" width=\"900\" alt=\"\" class=\"slider-61 slide-100 msDefaultImage\" title=\"10\" \/><\/li>\n                <li style=\"display: none; width: 100%;\" class=\"slide-102 ms-image \" aria-roledescription=\"slide\" data-date=\"2025-02-06 10:41:30\" data-filename=\"8-900x400.jpg\" data-slide-type=\"image\"><img loading=\"lazy\" decoding=\"async\" src=\"https:\/\/restaurantebuggy.com\/wp-content\/uploads\/2025\/02\/8-900x400.jpg\" height=\"400\" width=\"900\" alt=\"\" class=\"slider-61 slide-102 msDefaultImage\" title=\"8\" \/><\/li>\n                <li style=\"display: none; width: 100%;\" class=\"slide-104 ms-image \" aria-roledescription=\"slide\" data-date=\"2025-02-06 10:41:30\" data-filename=\"6-900x400.jpg\" data-slide-type=\"image\"><img loading=\"lazy\" decoding=\"async\" src=\"https:\/\/restaurantebuggy.com\/wp-content\/uploads\/2025\/02\/6-900x400.jpg\" height=\"400\" width=\"900\" alt=\"\" class=\"slider-61 slide-104 msDefaultImage\" title=\"6\" \/><\/li>\n                <li style=\"display: none; width: 100%;\" class=\"slide-106 ms-image \" aria-roledescription=\"slide\" data-date=\"2025-02-06 10:41:30\" data-filename=\"4-900x400.jpg\" data-slide-type=\"image\"><img loading=\"lazy\" decoding=\"async\" src=\"https:\/\/restaurantebuggy.com\/wp-content\/uploads\/2025\/02\/4-900x400.jpg\" height=\"400\" width=\"900\" alt=\"\" class=\"slider-61 slide-106 msDefaultImage\" title=\"4\" \/><\/li>\n            <\/ul>\n        <\/div>\n        \n    <\/div>\n<\/div><\/div>\n\n\n\n<div style=\"height:71px\" aria-hidden=\"true\" class=\"wp-block-spacer\"><\/div>\n\n\n\n<p><\/p>\n","protected":false},"excerpt":{"rendered":"<p>\u00ab\u00a0Chez Buggy, chaque plat raconte une histoire de saveurs uniques. Notre menu est con\u00e7u pour vous offrir une exp\u00e9rience gastronomique compl\u00e8te, avec des options allant des plus traditionnelles aux cr\u00e9ations innovantes qui raviront votre palais\u00a0\u00bb. Qu&rsquo;avez-vous envie de faire aujourd&rsquo;hui ? \ud83e\udd90 Menu du jour &#8211; midi Hors vacances Nous vous invitons \u00e0 d\u00e9guster notre [&hellip;]<\/p>\n","protected":false},"author":1,"featured_media":0,"parent":0,"menu_order":0,"comment_status":"closed","ping_status":"closed","template":"","meta":{"_coblocks_attr":"","_coblocks_dimensions":"","_coblocks_responsive_height":"","_coblocks_accordion_ie_support":"","footnotes":""},"class_list":["post-1026","page","type-page","status-publish","hentry"],"_links":{"self":[{"href":"https:\/\/restaurantebuggy.com\/fr\/wp-json\/wp\/v2\/pages\/1026","targetHints":{"allow":["GET"]}}],"collection":[{"href":"https:\/\/restaurantebuggy.com\/fr\/wp-json\/wp\/v2\/pages"}],"about":[{"href":"https:\/\/restaurantebuggy.com\/fr\/wp-json\/wp\/v2\/types\/page"}],"author":[{"embeddable":true,"href":"https:\/\/restaurantebuggy.com\/fr\/wp-json\/wp\/v2\/users\/1"}],"replies":[{"embeddable":true,"href":"https:\/\/restaurantebuggy.com\/fr\/wp-json\/wp\/v2\/comments?post=1026"}],"version-history":[{"count":8,"href":"https:\/\/restaurantebuggy.com\/fr\/wp-json\/wp\/v2\/pages\/1026\/revisions"}],"predecessor-version":[{"id":1675,"href":"https:\/\/restaurantebuggy.com\/fr\/wp-json\/wp\/v2\/pages\/1026\/revisions\/1675"}],"wp:attachment":[{"href":"https:\/\/restaurantebuggy.com\/fr\/wp-json\/wp\/v2\/media?parent=1026"}],"curies":[{"name":"wp","href":"https:\/\/api.w.org\/{rel}","templated":true}]}}