{"id":1021,"date":"2025-01-22T11:59:31","date_gmt":"2025-01-22T11:59:31","guid":{"rendered":"https:\/\/restaurantebuggy.com\/contact\/"},"modified":"2025-09-09T14:18:46","modified_gmt":"2025-09-09T14:18:46","slug":"contact","status":"publish","type":"page","link":"https:\/\/restaurantebuggy.com\/fr\/contact\/","title":{"rendered":"Contact"},"content":{"rendered":"\n<div class=\"wp-block-group alignfull hostinger-ai-solid-block hostinger-ai-fade-up has-global-padding is-layout-constrained wp-block-group-is-layout-constrained\" data-aos=\"fade-up\" style=\"padding-top:var(--wp--preset--spacing--60);padding-bottom:var(--wp--preset--spacing--60)\">\n<div class=\"wp-block-group alignwide hostinger-ai-fade-up is-vertical is-content-justification-center is-nowrap is-layout-flex wp-container-core-group-is-layout-4cc6ee0a wp-block-group-is-layout-flex\" data-aos=\"fade-up\" style=\"min-height:0px;padding-top:0;padding-bottom:0\">\n<div class=\"wp-block-group hostinger-ai-fade-up wp-container-content-69bc4bdf has-global-padding is-content-justification-center is-layout-constrained wp-container-core-group-is-layout-78267832 wp-block-group-is-layout-constrained\" data-aos=\"fade-up\">\n<h2 class=\"wp-block-heading has-text-align-center hostinger-ai-title has-dark-color has-text-color has-link-color wp-elements-f4a4d203718e62da3601439483b41955\" style=\"margin-top:0;margin-right:0;margin-bottom:0;margin-left:0;font-size:clamp(15.197px, 0.95rem + ((1vw - 3.2px) * 1), 23px);\">Contactez nous !<\/h2>\n\n\n\n<p class=\"has-text-align-center hostinger-ai-description has-dark-color has-text-color has-link-color wp-elements-83222fede1d843941636b59dcbf95189\" style=\"margin-top:var(--wp--preset--spacing--20);margin-bottom:var(--wp--preset--spacing--50);font-size:clamp(15.197px, 0.95rem + ((1vw - 3.2px) * 1), 23px);\">Nous sommes l\u00e0 pour vous aider. Profitez de la meilleure gastronomie de la Costa Brava en Buggy, nous attendons votre message ! <\/p>\n\n\n<style id=\"wpforms-css-vars-1331\">\n\t\t\t\t#wpforms-1331 {\n\t\t\t\t--wpforms-container-padding: 0px;\n--wpforms-container-border-width: 1px;\n--wpforms-container-border-radius: 3px;\n--wpforms-background-color: rgba(0, 0, 0, 0);\n--wpforms-field-size-input-height: 43px;\n--wpforms-field-size-input-spacing: 15px;\n--wpforms-field-size-font-size: 16px;\n--wpforms-field-size-line-height: 19px;\n--wpforms-field-size-padding-h: 14px;\n--wpforms-field-size-checkbox-size: 16px;\n--wpforms-field-size-sublabel-spacing: 5px;\n--wpforms-field-size-icon-size: 1;\n--wpforms-label-size-font-size: 16px;\n--wpforms-label-size-line-height: 19px;\n--wpforms-label-size-sublabel-font-size: 14px;\n--wpforms-label-size-sublabel-line-height: 17px;\n--wpforms-button-size-font-size: 17px;\n--wpforms-button-size-height: 41px;\n--wpforms-button-size-padding-h: 15px;\n--wpforms-button-size-margin-top: 10px;\n--wpforms-container-shadow-size-box-shadow: none;\n\t\t\t}\n\t\t\t<\/style><div class=\"wpforms-container wpforms-container-full wpforms-render-modern\" id=\"wpforms-1331\"><form id=\"wpforms-form-1331\" class=\"wpforms-validate wpforms-form wpforms-ajax-form\" data-formid=\"1331\" method=\"post\" enctype=\"multipart\/form-data\" action=\"\/fr\/wp-json\/wp\/v2\/pages\/1021\" data-token=\"d70bc9578992214d5c77cae3232d6d25\" data-token-time=\"1776379817\"><noscript class=\"wpforms-error-noscript\">Veuillez activer JavaScript dans votre navigateur pour remplir ce formulaire.<\/noscript><div id=\"wpforms-error-noscript\" style=\"display: none;\">Veuillez activer JavaScript dans votre navigateur pour remplir ce formulaire.<\/div><div class=\"wpforms-field-container\"><div id=\"wpforms-1331-field_1-container\" class=\"wpforms-field wpforms-field-name\" data-field-id=\"1\"><fieldset><legend class=\"wpforms-field-label\">Nom <span class=\"wpforms-required-label\" aria-hidden=\"true\">*<\/span><\/legend><div class=\"wpforms-field-row wpforms-field-medium\"><div class=\"wpforms-field-row-block wpforms-first wpforms-one-half\"><input type=\"text\" id=\"wpforms-1331-field_1\" class=\"wpforms-field-name-first wpforms-field-required\" name=\"wpforms[fields][1][first]\" aria-errormessage=\"wpforms-1331-field_1-error\" required><label for=\"wpforms-1331-field_1\" class=\"wpforms-field-sublabel after\">Pr\u00e9nom<\/label><\/div><div class=\"wpforms-field-row-block wpforms-one-half\"><input type=\"text\" id=\"wpforms-1331-field_1-last\" class=\"wpforms-field-name-last wpforms-field-required\" name=\"wpforms[fields][1][last]\" aria-errormessage=\"wpforms-1331-field_1-last-error\" required><label for=\"wpforms-1331-field_1-last\" class=\"wpforms-field-sublabel after\">Nom<\/label><\/div><\/div><\/fieldset><\/div><div id=\"wpforms-1331-field_2-container\" class=\"wpforms-field wpforms-field-email\" data-field-id=\"2\"><label class=\"wpforms-field-label\" for=\"wpforms-1331-field_2\">Email <span class=\"wpforms-required-label\" aria-hidden=\"true\">*<\/span><\/label><input type=\"email\" id=\"wpforms-1331-field_2\" class=\"wpforms-field-medium wpforms-field-required\" name=\"wpforms[fields][2]\" spellcheck=\"false\" aria-errormessage=\"wpforms-1331-field_2-error\" required><\/div><div id=\"wpforms-1331-field_3-container\" class=\"wpforms-field wpforms-field-textarea\" data-field-id=\"3\"><label class=\"wpforms-field-label\" for=\"wpforms-1331-field_3\">Commentaire ou message <span class=\"wpforms-required-label\" aria-hidden=\"true\">*<\/span><\/label><textarea id=\"wpforms-1331-field_3\" class=\"wpforms-field-medium wpforms-field-required\" name=\"wpforms[fields][3]\" aria-errormessage=\"wpforms-1331-field_3-error\" required><\/textarea><\/div>\t\t<div id=\"wpforms-1331-field_5-container\"\n\t\t\tclass=\"wpforms-field wpforms-field-text\"\n\t\t\tdata-field-type=\"text\"\n\t\t\tdata-field-id=\"5\"\n\t\t\t>\n\t\t\t<label class=\"wpforms-field-label\" for=\"wpforms-1331-field_5\" >Nom ou message<\/label>\n\t\t\t<input type=\"text\" id=\"wpforms-1331-field_5\" class=\"wpforms-field-medium\" name=\"wpforms[fields][5]\" >\n\t\t<\/div>\n\t\t<div id=\"wpforms-1331-field_4-container\" class=\"wpforms-field wpforms-field-checkbox\" data-field-id=\"4\"><fieldset><legend class=\"wpforms-field-label\">V\u00e9rification <span class=\"wpforms-required-label\" aria-hidden=\"true\">*<\/span><\/legend><ul id=\"wpforms-1331-field_4\" class=\"wpforms-field-required\"><li class=\"choice-1 depth-1\"><input type=\"checkbox\" id=\"wpforms-1331-field_4_1\" name=\"wpforms[fields][4][]\" value=\"J\u2019autorise l\u2019utilisation des donn\u00e9es personnelles fournies afin de r\u00e9pondre \u00e0 la demande conform\u00e9ment \u00e0 ce qui est d\u00e9crit dans la Politique de confidentialit\u00e9 que j\u2019ai lue. Je peux retirer mon consentement \u00e0 tout moment.\" aria-errormessage=\"wpforms-1331-field_4_1-error\" required ><label class=\"wpforms-field-label-inline\" for=\"wpforms-1331-field_4_1\">J\u2019autorise l\u2019utilisation des donn\u00e9es personnelles fournies afin de r\u00e9pondre \u00e0 la demande conform\u00e9ment \u00e0 ce qui est d\u00e9crit dans la Politique de confidentialit\u00e9 que j\u2019ai lue. Je peux retirer mon consentement \u00e0 tout moment.<\/label><\/li><\/ul><\/fieldset><\/div><script>\n\t\t\t\t( function() {\n\t\t\t\t\tconst style = document.createElement( 'style' );\n\t\t\t\t\tstyle.appendChild( document.createTextNode( '#wpforms-1331-field_5-container { position: absolute !important; overflow: hidden !important; display: inline !important; height: 1px !important; width: 1px !important; z-index: -1000 !important; padding: 0 !important; } #wpforms-1331-field_5-container input { visibility: hidden; } #wpforms-conversational-form-page #wpforms-1331-field_5-container label { counter-increment: none; }' ) );\n\t\t\t\t\tdocument.head.appendChild( style );\n\t\t\t\t\tdocument.currentScript?.remove();\n\t\t\t\t} )();\n\t\t\t<\/script><\/div><!-- .wpforms-field-container --><div class=\"wpforms-submit-container\" ><input type=\"hidden\" name=\"wpforms[id]\" value=\"1331\"><input type=\"hidden\" name=\"page_title\" value=\"\"><input type=\"hidden\" name=\"page_url\" value=\"https:\/\/restaurantebuggy.com\/fr\/wp-json\/wp\/v2\/pages\/1021\"><input type=\"hidden\" name=\"url_referer\" value=\"\"><button type=\"submit\" name=\"wpforms[submit]\" id=\"wpforms-submit-1331\" class=\"wpforms-submit\" data-alt-text=\"Envoi...\" data-submit-text=\"Envoyer\" aria-live=\"assertive\" value=\"wpforms-submit\">Envoyer<\/button><img loading=\"lazy\" decoding=\"async\" src=\"https:\/\/restaurantebuggy.com\/wp-content\/plugins\/wpforms-lite\/assets\/images\/submit-spin.svg\" class=\"wpforms-submit-spinner\" style=\"display: none;\" width=\"26\" height=\"26\" alt=\"Chargement en cours\"><\/div><\/form><\/div>  <!-- .wpforms-container -->\n<\/div>\n<\/div>\n\n\n\n<p class=\"is-style-warning has-medium-font-size\"><strong>INFORMATIONS DE BASE SUR LA PROTECTION DES DONN\u00c9ES.<\/strong><br><strong>Responsable :<\/strong> El BUGGY<br><strong>Objectif :<\/strong> Envoyer les informations demand\u00e9es et g\u00e9rer les commentaires.<br><strong>Destinataires :<\/strong> Aucune donn\u00e9e n&rsquo;est transf\u00e9r\u00e9e ou communiqu\u00e9e \u00e0 des tiers pour fournir ce service.<br><strong>Droits :<\/strong> Droit d&rsquo;acc\u00e8s, de rectification et de suppression des donn\u00e9es, ainsi que les autres droits d\u00e9taill\u00e9s dans la politique de confidentialit\u00e9.<\/p>\n<\/div>\n\n\n\n<div class=\"wp-block-group alignwide hostinger-ai-fade-up has-global-padding is-layout-constrained wp-block-group-is-layout-constrained\" data-aos=\"fade-up\" style=\"padding-top:0;padding-bottom:0\">\n<div class=\"wp-block-group alignwide hostinger-ai-fade-up has-global-padding is-content-justification-left is-layout-constrained wp-container-core-group-is-layout-12dd3699 wp-block-group-is-layout-constrained\" data-aos=\"fade-up\">\n<h2 class=\"wp-block-heading has-text-align-left hostinger-ai-title has-dark-color has-text-color has-link-color has-x-large-font-size wp-elements-46a64235c37f22f1fa65cddb36017546\" style=\"margin-top:0;margin-right:0;margin-bottom:var(--wp--preset--spacing--40);margin-left:0\">Localisation<\/h2>\n\n\n\n<p class=\"has-text-align-left hostinger-ai-description\" style=\"margin-bottom:var(--wp--preset--spacing--40);font-size:clamp(15.197px, 0.95rem + ((1vw - 3.2px) * 1), 23px);\">Votre restaurant \u00e0 l&rsquo;entr\u00e9e de la Costa Brava.<\/p>\n\n\n\n<div class=\"wp-block-columns alignwide is-layout-flex wp-container-core-columns-is-layout-03da1933 wp-block-columns-is-layout-flex\" style=\"margin-top:0;margin-bottom:0;padding-bottom:var(--wp--preset--spacing--40)\">\n<div class=\"wp-block-column is-layout-flow wp-block-column-is-layout-flow\">\n<p style=\"font-size:clamp(14px, 0.875rem + ((1vw - 3.2px) * 0.769), 20px);\"><strong>Adresse<\/strong><br>\ud83d\udccc <a href=\"https:\/\/www.google.com\/maps\/place\/data=!4m2!3m1!1s0x12bb163998c6581f:0x186aecd6aa35bf62?sa=X&amp;ved=1t:8290&amp;ictx=111\">Passeig De, Passeig Pau Casals, 49, 17300 Blanes, Girona<\/a>.<\/p>\n\n\n\n<p style=\"font-size:clamp(14px, 0.875rem + ((1vw - 3.2px) * 0.769), 20px);font-style:normal;font-weight:400\"><strong>T\u00e9l\u00e9phone<\/strong><br>\ud83d\udcde<strong> <\/strong><a href=\"tel:+34972336064\">+34 972336064<\/a><br><img loading=\"lazy\" decoding=\"async\" width=\"25\" height=\"25\" class=\"wp-image-414\" style=\"width: 25px;\" src=\"https:\/\/restaurantebuggy.com\/wp-content\/uploads\/2025\/03\/whats1.png\" alt=\"\" srcset=\"https:\/\/restaurantebuggy.com\/wp-content\/uploads\/2025\/03\/whats1.png 236w, https:\/\/restaurantebuggy.com\/wp-content\/uploads\/2025\/03\/whats1-150x150.png 150w\" sizes=\"auto, (max-width: 25px) 100vw, 25px\" \/> <a href=\"https:\/\/wa.me\/+34681927158?text=Hola%20Buenas%20\">+34 681927158 (uniquement pour les groupes et les \u00e9v\u00e9nements)<\/a><\/p>\n<\/div>\n\n\n\n<div class=\"wp-block-column is-layout-flow wp-block-column-is-layout-flow\">\n<p style=\"font-size:clamp(14px, 0.875rem + ((1vw - 3.2px) * 0.513), 18px);\"><strong>Horaires d&rsquo;hiver (f\u00e9vrier \u00e0 mai &#8211; octobre \u00e0 d\u00e9cembre)<\/strong><br>\ud83d\udd54 13h-16h00.<br>\ud83d\udd62 19.00h-23h vendredi et samedi uniquement.<br>\u2796 Mercredi ferm\u00e9.<\/p>\n\n\n\n<p class=\"has-dark-color has-text-color has-link-color wp-elements-aaad83288a380d0a4849e2b8fc4f7c9f\" style=\"margin-top:var(--wp--preset--spacing--20);font-size:clamp(14px, 0.875rem + ((1vw - 3.2px) * 0.513), 18px);\"><strong>Horaire d&rsquo;\u00e9t\u00e9 (mai \u00e0 septembre)<\/strong><br>\ud83d\udd54 13h-16h.<br>\ud83d\udd62 19.00h-23h.<br>\u2796 Mercredi ferm\u00e9 (sauf juillet et ao\u00fbt).<\/p>\n\n\n\n<div style=\"height:73px\" aria-hidden=\"true\" class=\"wp-block-spacer\"><\/div>\n<\/div>\n<\/div>\n\n\n\n<div class=\"wp-block-group alignfull hostinger-ai-fade-up is-layout-flow wp-block-group-is-layout-flow\" data-aos=\"fade-up\">\n<iframe src=\"https:\/\/www.google.com\/maps\/embed?pb=!1m14!1m8!1m3!1d1771.9869521399523!2d2.793147778813898!3d41.674860769883146!3m2!1i1024!2i768!4f13.1!3m3!1m2!1s0x12bb163998c6581f%3A0x186aecd6aa35bf62!2sRestaurant%20Buggy!5e0!3m2!1ses!2ses!4v1739459393034!5m2!1ses!2ses\" width=\"90%\" height=\"450\" style=\"border:0;\" allowfullscreen=\"\" loading=\"lazy\" referrerpolicy=\"no-referrer-when-downgrade\"><\/iframe>\n<\/div>\n<\/div>\n<\/div>\n\n\n\n<p><\/p>\n","protected":false},"excerpt":{"rendered":"<p>Contactez nous ! Nous sommes l\u00e0 pour vous aider. Profitez de la meilleure gastronomie de la Costa Brava en Buggy, nous attendons votre message ! INFORMATIONS DE BASE SUR LA PROTECTION DES DONN\u00c9ES.Responsable : El BUGGYObjectif : Envoyer les informations demand\u00e9es et g\u00e9rer les commentaires.Destinataires : Aucune donn\u00e9e n&rsquo;est transf\u00e9r\u00e9e ou communiqu\u00e9e \u00e0 des tiers [&hellip;]<\/p>\n","protected":false},"author":1,"featured_media":0,"parent":0,"menu_order":0,"comment_status":"closed","ping_status":"closed","template":"","meta":{"_coblocks_attr":"","_coblocks_dimensions":"","_coblocks_responsive_height":"","_coblocks_accordion_ie_support":"","footnotes":""},"class_list":["post-1021","page","type-page","status-publish","hentry"],"_links":{"self":[{"href":"https:\/\/restaurantebuggy.com\/fr\/wp-json\/wp\/v2\/pages\/1021","targetHints":{"allow":["GET"]}}],"collection":[{"href":"https:\/\/restaurantebuggy.com\/fr\/wp-json\/wp\/v2\/pages"}],"about":[{"href":"https:\/\/restaurantebuggy.com\/fr\/wp-json\/wp\/v2\/types\/page"}],"author":[{"embeddable":true,"href":"https:\/\/restaurantebuggy.com\/fr\/wp-json\/wp\/v2\/users\/1"}],"replies":[{"embeddable":true,"href":"https:\/\/restaurantebuggy.com\/fr\/wp-json\/wp\/v2\/comments?post=1021"}],"version-history":[{"count":1,"href":"https:\/\/restaurantebuggy.com\/fr\/wp-json\/wp\/v2\/pages\/1021\/revisions"}],"predecessor-version":[{"id":1334,"href":"https:\/\/restaurantebuggy.com\/fr\/wp-json\/wp\/v2\/pages\/1021\/revisions\/1334"}],"wp:attachment":[{"href":"https:\/\/restaurantebuggy.com\/fr\/wp-json\/wp\/v2\/media?parent=1021"}],"curies":[{"name":"wp","href":"https:\/\/api.w.org\/{rel}","templated":true}]}}