{"id":1047,"date":"2025-03-12T12:05:22","date_gmt":"2025-03-12T12:05:22","guid":{"rendered":"https:\/\/restaurantebuggy.com\/grups-esdeveniments\/"},"modified":"2026-02-24T14:04:41","modified_gmt":"2026-02-24T14:04:41","slug":"grups-esdeveniments","status":"publish","type":"page","link":"https:\/\/restaurantebuggy.com\/ca\/grups-esdeveniments\/","title":{"rendered":"Grups &amp; Esdeveniments"},"content":{"rendered":"\n<p style=\"font-size:clamp(15.197px, 0.95rem + ((1vw - 3.2px) * 1), 23px);\">A <strong>Buggy Blanes<\/strong> , ubicat al passeig mar\u00edtim de Blanes, oferim l&#8217;espai ideal per celebrar els vostres esdeveniments especials. Ja sigui una reuni\u00f3 familiar, un sopar amb amics o una celebraci\u00f3 d&#8217;empresa, el nostre ambient acollidor i la nostra proposta gastron\u00f2mica faran que la vostra experi\u00e8ncia sigui inoblidable.<\/p>\n\n\n\n<h2 class=\"wp-block-heading\">Men\u00fa Personalitzat<\/h2>\n\n\n\n<div class=\"wp-block-columns is-layout-flex wp-container-core-columns-is-layout-28f84493 wp-block-columns-is-layout-flex\">\n<div class=\"wp-block-column is-layout-flow wp-block-column-is-layout-flow\">\n<p style=\"font-size:clamp(15.197px, 0.95rem + ((1vw - 3.2px) * 1), 23px);\">Si busques una experi\u00e8ncia encara m\u00e9s exclusiva, tamb\u00e9 oferim <strong>men\u00fas personalitzats<\/strong> adaptats al teu pressupost i prefer\u00e8ncies. Des d&#8217;un bateig amb llam\u00e0ntol i zamburi\u00f1as fins a una celebraci\u00f3 amb plats a mida, el nostre equip treballar\u00e0 amb tu per dissenyar la proposta perfecta.<\/p>\n<\/div>\n\n\n\n<div class=\"wp-block-column is-layout-flow wp-block-column-is-layout-flow\">\n<figure class=\"wp-block-image size-large\"><img loading=\"lazy\" decoding=\"async\" width=\"819\" height=\"1024\" src=\"https:\/\/restaurantebuggy.com\/wp-content\/uploads\/2025\/03\/almejas-819x1024.jpg\" alt=\"\" class=\"wp-image-397\" srcset=\"https:\/\/restaurantebuggy.com\/wp-content\/uploads\/2025\/03\/almejas-819x1024.jpg 819w, https:\/\/restaurantebuggy.com\/wp-content\/uploads\/2025\/03\/almejas-240x300.jpg 240w, https:\/\/restaurantebuggy.com\/wp-content\/uploads\/2025\/03\/almejas-768x960.jpg 768w, https:\/\/restaurantebuggy.com\/wp-content\/uploads\/2025\/03\/almejas-1229x1536.jpg 1229w, https:\/\/restaurantebuggy.com\/wp-content\/uploads\/2025\/03\/almejas-500x625.jpg 500w, https:\/\/restaurantebuggy.com\/wp-content\/uploads\/2025\/03\/almejas-800x1000.jpg 800w, https:\/\/restaurantebuggy.com\/wp-content\/uploads\/2025\/03\/almejas-1280x1600.jpg 1280w, https:\/\/restaurantebuggy.com\/wp-content\/uploads\/2025\/03\/almejas.jpg 1440w\" sizes=\"auto, (max-width: 819px) 100vw, 819px\" \/><\/figure>\n<\/div>\n<\/div>\n\n\n\n<h2 class=\"wp-block-heading\">Men\u00fa Especial per a Grups<\/h2>\n\n\n\n<div class=\"wp-block-columns is-layout-flex wp-container-core-columns-is-layout-28f84493 wp-block-columns-is-layout-flex\">\n<div class=\"wp-block-column is-layout-flow wp-block-column-is-layout-flow\">\n<figure class=\"wp-block-image size-full\"><img loading=\"lazy\" decoding=\"async\" width=\"612\" height=\"420\" src=\"https:\/\/restaurantebuggy.com\/wp-content\/uploads\/2025\/03\/grupo.jpg\" alt=\"\" class=\"wp-image-657\" srcset=\"https:\/\/restaurantebuggy.com\/wp-content\/uploads\/2025\/03\/grupo.jpg 612w, https:\/\/restaurantebuggy.com\/wp-content\/uploads\/2025\/03\/grupo-300x206.jpg 300w, https:\/\/restaurantebuggy.com\/wp-content\/uploads\/2025\/03\/grupo-500x343.jpg 500w\" sizes=\"auto, (max-width: 612px) 100vw, 612px\" \/><\/figure>\n<\/div>\n\n\n\n<div class=\"wp-block-column is-layout-flow wp-block-column-is-layout-flow\">\n<p style=\"font-size:clamp(15.197px, 0.95rem + ((1vw - 3.2px) * 1), 23px);\">Disposem de cuatre <strong>men\u00fas especials per a grups<\/strong> dissenyats per gaudir del millor de la nostra cuina. Aquests men\u00fas est\u00e0n disponibles per a grups de <strong>m\u00e9s de 15 persones<\/strong> a un cost des de <strong>33\u20ac per persona<\/strong> .<\/p>\n<\/div>\n<\/div>\n\n\n\n<h3 class=\"wp-block-heading has-text-align-center\">FES LA TEVA RESERVA I DEIXA&#8217;T SORPRENER<\/h3>\n\n\n\n<figure class=\"wp-block-image size-full\"><img loading=\"lazy\" decoding=\"async\" width=\"1080\" height=\"1527\" src=\"https:\/\/restaurantebuggy.com\/wp-content\/uploads\/2026\/02\/Menu1Cat.png\" alt=\"\" class=\"wp-image-1617\" srcset=\"https:\/\/restaurantebuggy.com\/wp-content\/uploads\/2026\/02\/Menu1Cat.png 1080w, https:\/\/restaurantebuggy.com\/wp-content\/uploads\/2026\/02\/Menu1Cat-212x300.png 212w, https:\/\/restaurantebuggy.com\/wp-content\/uploads\/2026\/02\/Menu1Cat-724x1024.png 724w, https:\/\/restaurantebuggy.com\/wp-content\/uploads\/2026\/02\/Menu1Cat-768x1086.png 768w, https:\/\/restaurantebuggy.com\/wp-content\/uploads\/2026\/02\/Menu1Cat-500x707.png 500w, https:\/\/restaurantebuggy.com\/wp-content\/uploads\/2026\/02\/Menu1Cat-800x1131.png 800w\" sizes=\"auto, (max-width: 1080px) 100vw, 1080px\" \/><\/figure>\n\n\n\n<figure class=\"wp-block-image size-full\"><img loading=\"lazy\" decoding=\"async\" width=\"1080\" height=\"1527\" src=\"https:\/\/restaurantebuggy.com\/wp-content\/uploads\/2026\/02\/Menu2Cat.png\" alt=\"\" class=\"wp-image-1621\" srcset=\"https:\/\/restaurantebuggy.com\/wp-content\/uploads\/2026\/02\/Menu2Cat.png 1080w, https:\/\/restaurantebuggy.com\/wp-content\/uploads\/2026\/02\/Menu2Cat-212x300.png 212w, https:\/\/restaurantebuggy.com\/wp-content\/uploads\/2026\/02\/Menu2Cat-724x1024.png 724w, https:\/\/restaurantebuggy.com\/wp-content\/uploads\/2026\/02\/Menu2Cat-768x1086.png 768w, https:\/\/restaurantebuggy.com\/wp-content\/uploads\/2026\/02\/Menu2Cat-500x707.png 500w, https:\/\/restaurantebuggy.com\/wp-content\/uploads\/2026\/02\/Menu2Cat-800x1131.png 800w\" sizes=\"auto, (max-width: 1080px) 100vw, 1080px\" \/><\/figure>\n\n\n\n<figure class=\"wp-block-image size-full\"><img loading=\"lazy\" decoding=\"async\" width=\"1080\" height=\"1527\" src=\"https:\/\/restaurantebuggy.com\/wp-content\/uploads\/2026\/02\/Menu3Cat.png\" alt=\"\" class=\"wp-image-1625\" srcset=\"https:\/\/restaurantebuggy.com\/wp-content\/uploads\/2026\/02\/Menu3Cat.png 1080w, https:\/\/restaurantebuggy.com\/wp-content\/uploads\/2026\/02\/Menu3Cat-212x300.png 212w, https:\/\/restaurantebuggy.com\/wp-content\/uploads\/2026\/02\/Menu3Cat-724x1024.png 724w, https:\/\/restaurantebuggy.com\/wp-content\/uploads\/2026\/02\/Menu3Cat-768x1086.png 768w, https:\/\/restaurantebuggy.com\/wp-content\/uploads\/2026\/02\/Menu3Cat-500x707.png 500w, https:\/\/restaurantebuggy.com\/wp-content\/uploads\/2026\/02\/Menu3Cat-800x1131.png 800w\" sizes=\"auto, (max-width: 1080px) 100vw, 1080px\" \/><\/figure>\n\n\n\n<p class=\"has-text-align-center has-large-font-size\"><img loading=\"lazy\" decoding=\"async\" width=\"25\" height=\"25\" class=\"wp-image-414\" style=\"width: 25px;\" src=\"https:\/\/restaurantebuggy.com\/wp-content\/uploads\/2025\/03\/whats1.png\" alt=\"\" srcset=\"https:\/\/restaurantebuggy.com\/wp-content\/uploads\/2025\/03\/whats1.png 236w, https:\/\/restaurantebuggy.com\/wp-content\/uploads\/2025\/03\/whats1-150x150.png 150w\" sizes=\"auto, (max-width: 25px) 100vw, 25px\" \/> <a href=\"https:\/\/wa.me\/+34695687249?text=Hola%20Bones!%20\">+34 695 687 249 (Nom\u00e9s Grups i Esdeveniments)<\/a><\/p>\n\n\n\n<div class=\"wp-block-group alignfull hostinger-ai-gallery-2 hostinger-ai-fade-up is-layout-flow wp-block-group-is-layout-flow\" data-aos=\"fade-up\">\n<p><\/p>\n\n\n\n<div class=\"wp-block-group alignwide hostinger-ai-fade-up has-global-padding is-layout-constrained wp-block-group-is-layout-constrained\" data-aos=\"fade-up\" style=\"padding-top:var(--wp--preset--spacing--60);padding-bottom:var(--wp--preset--spacing--60)\">\n<figure class=\"wp-block-image aligncenter size-full is-resized\"><img loading=\"lazy\" decoding=\"async\" width=\"512\" height=\"512\" src=\"https:\/\/restaurantebuggy.com\/wp-content\/uploads\/2025\/01\/logo2-1.png\" alt=\"\" class=\"wp-image-529\" style=\"width:336px;height:auto\" srcset=\"https:\/\/restaurantebuggy.com\/wp-content\/uploads\/2025\/01\/logo2-1.png 512w, https:\/\/restaurantebuggy.com\/wp-content\/uploads\/2025\/01\/logo2-1-300x300.png 300w, https:\/\/restaurantebuggy.com\/wp-content\/uploads\/2025\/01\/logo2-1-150x150.png 150w, https:\/\/restaurantebuggy.com\/wp-content\/uploads\/2025\/01\/logo2-1-500x500.png 500w\" sizes=\"auto, (max-width: 512px) 100vw, 512px\" \/><\/figure>\n<\/div>\n<\/div>\n\n\n\n<p><\/p>\n","protected":false},"excerpt":{"rendered":"<p>A Buggy Blanes , ubicat al passeig mar\u00edtim de Blanes, oferim l&#8217;espai ideal per celebrar els vostres esdeveniments especials. Ja sigui una reuni\u00f3 familiar, un sopar amb amics o una celebraci\u00f3 d&#8217;empresa, el nostre ambient acollidor i la nostra proposta gastron\u00f2mica faran que la vostra experi\u00e8ncia sigui inoblidable. Men\u00fa Personalitzat Si busques una experi\u00e8ncia encara [&hellip;]<\/p>\n","protected":false},"author":1,"featured_media":0,"parent":0,"menu_order":0,"comment_status":"closed","ping_status":"closed","template":"","meta":{"_coblocks_attr":"","_coblocks_dimensions":"","_coblocks_responsive_height":"","_coblocks_accordion_ie_support":"","footnotes":""},"class_list":["post-1047","page","type-page","status-publish","hentry"],"_links":{"self":[{"href":"https:\/\/restaurantebuggy.com\/ca\/wp-json\/wp\/v2\/pages\/1047","targetHints":{"allow":["GET"]}}],"collection":[{"href":"https:\/\/restaurantebuggy.com\/ca\/wp-json\/wp\/v2\/pages"}],"about":[{"href":"https:\/\/restaurantebuggy.com\/ca\/wp-json\/wp\/v2\/types\/page"}],"author":[{"embeddable":true,"href":"https:\/\/restaurantebuggy.com\/ca\/wp-json\/wp\/v2\/users\/1"}],"replies":[{"embeddable":true,"href":"https:\/\/restaurantebuggy.com\/ca\/wp-json\/wp\/v2\/comments?post=1047"}],"version-history":[{"count":3,"href":"https:\/\/restaurantebuggy.com\/ca\/wp-json\/wp\/v2\/pages\/1047\/revisions"}],"predecessor-version":[{"id":1630,"href":"https:\/\/restaurantebuggy.com\/ca\/wp-json\/wp\/v2\/pages\/1047\/revisions\/1630"}],"wp:attachment":[{"href":"https:\/\/restaurantebuggy.com\/ca\/wp-json\/wp\/v2\/media?parent=1047"}],"curies":[{"name":"wp","href":"https:\/\/api.w.org\/{rel}","templated":true}]}}