{"id":1046,"date":"2025-03-12T10:54:16","date_gmt":"2025-03-12T10:54:16","guid":{"rendered":"https:\/\/restaurantebuggy.com\/xec-regal\/"},"modified":"2025-03-12T10:54:16","modified_gmt":"2025-03-12T10:54:16","slug":"xec-regal","status":"publish","type":"page","link":"https:\/\/restaurantebuggy.com\/ca\/xec-regal\/","title":{"rendered":"Xec Regal"},"content":{"rendered":"\n<div class=\"wp-block-group alignfull hostinger-ai-gallery-2 hostinger-ai-fade-up is-layout-flow wp-block-group-is-layout-flow\" data-aos=\"fade-up\">\n<div class=\"wp-block-group alignwide hostinger-ai-fade-up has-global-padding is-layout-constrained wp-block-group-is-layout-constrained\" data-aos=\"fade-up\" style=\"padding-top:var(--wp--preset--spacing--60);padding-bottom:var(--wp--preset--spacing--60)\">\n<h2 class=\"wp-block-heading has-text-align-center hostinger-ai-description has-dark-color has-text-color has-link-color wp-elements-c77b0f0046d465459a896e1d7f624c9a\" style=\"font-size:clamp(15.197px, 0.95rem + ((1vw - 3.2px) * 1), 23px);\">\ud83c\udf81 Regala una Experi\u00e8ncia \u00danica amb El nostre Xec Regal<\/h2>\n\n\n\n<figure class=\"wp-block-video\"><video height=\"470\" style=\"aspect-ratio: 848 \/ 470;\" width=\"848\" autoplay=\"\" loop=\"\" muted=\"\" src=\"https:\/\/restaurantebuggy.com\/wp-content\/uploads\/2025\/03\/tarjetaregalo.mp4\" playsinline=\"\"><\/video><\/figure>\n\n\n\n<div class=\"wp-block-columns is-layout-flex wp-container-core-columns-is-layout-28f84493 wp-block-columns-is-layout-flex\">\n<div class=\"wp-block-column is-layout-flow wp-block-column-is-layout-flow\"><\/div>\n<\/div>\n\n\n\n<p style=\"font-size:clamp(15.197px, 0.95rem + ((1vw - 3.2px) * 1), 23px);\">Sorpr\u00e8n qui m\u00e9s vols amb una experi\u00e8ncia gastron\u00f2mica. Amb el nostre <strong>Xec Regal<\/strong> , pots triar l&#8217;import que vulguis o seleccionar un dels nostres men\u00fas especials per regalar moments deliciosos. <\/p>\n\n\n\n<div class=\"wp-block-columns is-layout-flex wp-container-core-columns-is-layout-28f84493 wp-block-columns-is-layout-flex\">\n<div class=\"wp-block-column is-layout-flow wp-block-column-is-layout-flow\">\n<figure class=\"wp-block-image size-full\"><img loading=\"lazy\" decoding=\"async\" width=\"1625\" height=\"1241\" src=\"https:\/\/restaurantebuggy.com\/wp-content\/uploads\/2025\/03\/invitacion.jpg\" alt=\"\" class=\"wp-image-710\" srcset=\"https:\/\/restaurantebuggy.com\/wp-content\/uploads\/2025\/03\/invitacion.jpg 1625w, https:\/\/restaurantebuggy.com\/wp-content\/uploads\/2025\/03\/invitacion-300x229.jpg 300w, https:\/\/restaurantebuggy.com\/wp-content\/uploads\/2025\/03\/invitacion-1024x782.jpg 1024w, https:\/\/restaurantebuggy.com\/wp-content\/uploads\/2025\/03\/invitacion-768x587.jpg 768w, https:\/\/restaurantebuggy.com\/wp-content\/uploads\/2025\/03\/invitacion-1536x1173.jpg 1536w, https:\/\/restaurantebuggy.com\/wp-content\/uploads\/2025\/03\/invitacion-500x382.jpg 500w, https:\/\/restaurantebuggy.com\/wp-content\/uploads\/2025\/03\/invitacion-800x611.jpg 800w, https:\/\/restaurantebuggy.com\/wp-content\/uploads\/2025\/03\/invitacion-1280x978.jpg 1280w\" sizes=\"auto, (max-width: 1625px) 100vw, 1625px\" \/><\/figure>\n<\/div>\n\n\n\n<div class=\"wp-block-column is-layout-flow wp-block-column-is-layout-flow\">\n<h2 class=\"wp-block-heading\">\u2728 Opcions Personalitzades:<\/h2>\n\n\n\n<p>\u2705 <strong>Tria l&#8217;Import<\/strong> : Tu decideixes quant vols regalar.<br> \u2705 <strong>Men\u00fas a Mida<\/strong> : Regala un dinar o sopar amb les nostres opcions:<br><br> <strong>Men\u00fa Diari<\/strong> : Ideal per a un \u00e0pat especial qualsevol dia de la setmana.<br> <strong>Men\u00fa de Cap de Setmana<\/strong> : Perfecte per gaudir de la millor cuina en un ambient relaxat.<br> <strong>Men\u00fa La Perla del Buggy<\/strong> : La nostra especialitat, una selecci\u00f3 exclusiva de sabors que enamoren.<\/p>\n<\/div>\n<\/div>\n\n\n\n<p class=\"is-style-info\">\ud83d\udca1 <strong>RECOMANACI\u00d3 DE LA CASA: LA PERLA DEL BUGGY<\/strong><\/p>\n\n\n\n<h2 class=\"wp-block-heading has-text-align-center\">La Perla del Buggy<\/h2>\n\n\n\n<p class=\"has-text-align-center\" style=\"font-size:clamp(15.197px, 0.95rem + ((1vw - 3.2px) * 1), 23px);\">Amanida amb formatge de cabra<br> Plat de salm\u00f3 marinat<br> Fritura de peix i marisc<br> Mariscada, tot a la planxa (gambes, escamarlans, llagostins, zamburinyes, escopinyes, musclos, sepionetes a la planxa)<br><br> Pa i Postres<br><br> Vi Masia Freye, Blanc o Cava de la casa.<\/p>\n\n\n\n<p class=\"has-text-align-center\" style=\"font-size:clamp(15.197px, 0.95rem + ((1vw - 3.2px) * 1), 23px);\">90\u20ac (2 Persones)<\/p>\n\n\n\n<figure class=\"wp-block-image aligncenter size-large is-resized\"><img loading=\"lazy\" decoding=\"async\" width=\"1024\" height=\"1024\" src=\"https:\/\/restaurantebuggy.com\/wp-content\/uploads\/2025\/03\/tarjeta-regalo-1024x1024.jpg\" alt=\"\" class=\"wp-image-536\" style=\"width:362px;height:auto\" srcset=\"https:\/\/restaurantebuggy.com\/wp-content\/uploads\/2025\/03\/tarjeta-regalo-1024x1024.jpg 1024w, https:\/\/restaurantebuggy.com\/wp-content\/uploads\/2025\/03\/tarjeta-regalo-300x300.jpg 300w, https:\/\/restaurantebuggy.com\/wp-content\/uploads\/2025\/03\/tarjeta-regalo-150x150.jpg 150w, https:\/\/restaurantebuggy.com\/wp-content\/uploads\/2025\/03\/tarjeta-regalo-768x768.jpg 768w, https:\/\/restaurantebuggy.com\/wp-content\/uploads\/2025\/03\/tarjeta-regalo-1536x1536.jpg 1536w, https:\/\/restaurantebuggy.com\/wp-content\/uploads\/2025\/03\/tarjeta-regalo-500x500.jpg 500w, https:\/\/restaurantebuggy.com\/wp-content\/uploads\/2025\/03\/tarjeta-regalo-800x800.jpg 800w, https:\/\/restaurantebuggy.com\/wp-content\/uploads\/2025\/03\/tarjeta-regalo-1280x1280.jpg 1280w, https:\/\/restaurantebuggy.com\/wp-content\/uploads\/2025\/03\/tarjeta-regalo.jpg 1654w\" sizes=\"auto, (max-width: 1024px) 100vw, 1024px\" \/><\/figure>\n\n\n\n<div style=\"height:44px\" aria-hidden=\"true\" class=\"wp-block-spacer\"><\/div>\n\n\n\n<p class=\"has-text-align-center hostinger-ai-description has-dark-color has-text-color has-link-color wp-elements-67c69a722c063dfb4173b38003b808b8\" style=\"margin-top:0;margin-bottom:0;font-size:clamp(15.197px, 0.95rem + ((1vw - 3.2px) * 1), 23px);\">Fes el teu regal \u00fanic i delici\u00f3s. Aconsegueix el teu Xec Regal ara! Escriu-nos al    <a href=\"https:\/\/wa.me\/+34681927158?text=Hola%20Buenas%20Quiero%20un%20cheque%20regalo\"><img loading=\"lazy\" decoding=\"async\" width=\"25\" height=\"25\" class=\"wp-image-414\" style=\"width: 25px;\" src=\"https:\/\/restaurantebuggy.com\/wp-content\/uploads\/2025\/03\/whats1.png\" alt=\"\" srcset=\"https:\/\/restaurantebuggy.com\/wp-content\/uploads\/2025\/03\/whats1.png 236w, https:\/\/restaurantebuggy.com\/wp-content\/uploads\/2025\/03\/whats1-150x150.png 150w\" sizes=\"auto, (max-width: 25px) 100vw, 25px\" \/><\/a> <a href=\"https:\/\/wa.me\/+34681927158?text=Hola%20Buenas%20Quiero%20un%20cheque%20regalo\">WhatsApp<\/a> o <a href=\"https:\/\/restaurantebuggy.com\/ca\/contacte\/\" data-type=\"page\" data-id=\"8\">Formulari<\/a> .<\/p>\n\n\n\n<figure class=\"wp-block-image aligncenter size-full is-resized\"><img loading=\"lazy\" decoding=\"async\" width=\"512\" height=\"512\" src=\"https:\/\/restaurantebuggy.com\/wp-content\/uploads\/2025\/01\/logo2-1.png\" alt=\"\" class=\"wp-image-529\" style=\"width:250px;height:auto\" srcset=\"https:\/\/restaurantebuggy.com\/wp-content\/uploads\/2025\/01\/logo2-1.png 512w, https:\/\/restaurantebuggy.com\/wp-content\/uploads\/2025\/01\/logo2-1-300x300.png 300w, https:\/\/restaurantebuggy.com\/wp-content\/uploads\/2025\/01\/logo2-1-150x150.png 150w, https:\/\/restaurantebuggy.com\/wp-content\/uploads\/2025\/01\/logo2-1-500x500.png 500w\" sizes=\"auto, (max-width: 512px) 100vw, 512px\" \/><\/figure>\n<\/div>\n<\/div>\n\n\n\n<p><\/p>\n","protected":false},"excerpt":{"rendered":"<p>\ud83c\udf81 Regala una Experi\u00e8ncia \u00danica amb El nostre Xec Regal Sorpr\u00e8n qui m\u00e9s vols amb una experi\u00e8ncia gastron\u00f2mica. Amb el nostre Xec Regal , pots triar l&#8217;import que vulguis o seleccionar un dels nostres men\u00fas especials per regalar moments deliciosos. \u2728 Opcions Personalitzades: \u2705 Tria l&#8217;Import : Tu decideixes quant vols regalar. \u2705 Men\u00fas a [&hellip;]<\/p>\n","protected":false},"author":1,"featured_media":0,"parent":0,"menu_order":0,"comment_status":"closed","ping_status":"closed","template":"","meta":{"_coblocks_attr":"","_coblocks_dimensions":"","_coblocks_responsive_height":"","_coblocks_accordion_ie_support":"","footnotes":""},"class_list":["post-1046","page","type-page","status-publish","hentry"],"_links":{"self":[{"href":"https:\/\/restaurantebuggy.com\/ca\/wp-json\/wp\/v2\/pages\/1046","targetHints":{"allow":["GET"]}}],"collection":[{"href":"https:\/\/restaurantebuggy.com\/ca\/wp-json\/wp\/v2\/pages"}],"about":[{"href":"https:\/\/restaurantebuggy.com\/ca\/wp-json\/wp\/v2\/types\/page"}],"author":[{"embeddable":true,"href":"https:\/\/restaurantebuggy.com\/ca\/wp-json\/wp\/v2\/users\/1"}],"replies":[{"embeddable":true,"href":"https:\/\/restaurantebuggy.com\/ca\/wp-json\/wp\/v2\/comments?post=1046"}],"version-history":[{"count":0,"href":"https:\/\/restaurantebuggy.com\/ca\/wp-json\/wp\/v2\/pages\/1046\/revisions"}],"wp:attachment":[{"href":"https:\/\/restaurantebuggy.com\/ca\/wp-json\/wp\/v2\/media?parent=1046"}],"curies":[{"name":"wp","href":"https:\/\/api.w.org\/{rel}","templated":true}]}}