{"id":1040,"date":"2025-02-09T12:52:52","date_gmt":"2025-02-09T12:52:52","guid":{"rendered":"https:\/\/restaurantebuggy.com\/politica-de-cookies-eu\/"},"modified":"2025-02-09T12:52:52","modified_gmt":"2025-02-09T12:52:52","slug":"politica-de-cookies-eu","status":"publish","type":"page","link":"https:\/\/restaurantebuggy.com\/ca\/politica-de-cookies-eu\/","title":{"rendered":"Pol\u00edtica de Cookies (EU)"},"content":{"rendered":"\n<p>Aquesta Pol\u00edtica de Cookies va ser actualitzada per darrera vegada el 09\/02\/2025 i s&#8217;aplica als ciutadans i residents legals permanents de l&#8217;Espai Econ\u00f2mic Europeu i Su\u00efssa.<\/p>\n\n\n\n<ol class=\"wp-block-list\">\n<li><strong>Introducci\u00f3<\/strong><br> El nostre lloc web, https:\/\/restaurantebuggy.com (d&#8217;ara endavant: &#8220;el lloc web&#8221;) utilitza cookies i altres tecnologies relacionades (per a m\u00e9s comoditat, totes les tecnologies s&#8217;anomenen &#8220;cookies&#8221;). Les galetes tamb\u00e9 s\u00f3n col\u00b7locades per tercers que hem contractat. En el seg\u00fcent document us informem sobre l&#8217;\u00fas de cookies al nostre lloc web.  <\/li>\n\n\n\n<li><strong>Qu\u00e8 s\u00f3n les galetes?<\/strong><br>Una galeta \u00e9s un petit fitxer simple que s&#8217;envia juntament amb les p\u00e0gines d&#8217;aquest lloc web i que el vostre navegador emmagatzema al disc dur de l&#8217;ordinador o un altre dispositiu. La informaci\u00f3 emmagatzemada en aquest pot retornar-se als nostres servidors o als servidors dels tercers rellevants durant una visita posterior. <\/li>\n\n\n\n<li><strong>Qu\u00e8 s\u00f3n els scripts?<\/strong><br>Un script \u00e9s un fragment de codi de programa que es fa servir perqu\u00e8 el nostre lloc web funcioni correctament i interactivament. Aquest codi s&#8217;executa al nostre servidor o al dispositiu. <\/li>\n\n\n\n<li><strong>Qu\u00e8 \u00e9s una balisa web?<\/strong><br>Una balisa web (o etiqueta de p\u00edxel) \u00e9s un petit fragment de text o imatge invisible en un lloc web que sutilitza per controlar el tr\u00e0nsit en un lloc web. Per aix\u00f2, s&#8217;emmagatzemen diverses dades sobre vost\u00e8 mitjan\u00e7ant balises web. <\/li>\n\n\n\n<li><strong>Cookies<\/strong><br> <strong>5.1 Galetes t\u00e8cniques o funcionals<\/strong><\/li>\n<\/ol>\n\n\n\n<p>Algunes galetes garanteixen que certes parts del lloc web funcionin correctament i que les vostres prefer\u00e8ncies d&#8217;usuari segueixin sent conegudes. En col\u00b7locar cookies funcionals, us facilitem la visita al nostre lloc web. D&#8217;aquesta manera, no necessita ingressar repetidament la mateixa informaci\u00f3 quan visita el nostre lloc web i, per exemple, els articles romanen a la cistella de la compra fins que hagi pagat. Podem col\u00b7locar aquestes cookies sense el vostre consentiment.   <\/p>\n\n\n\n<p><strong>5.2 Galetes de m\u00e0rqueting\/seguiment<\/strong><\/p>\n\n\n\n<p>Les galetes de m\u00e0rqueting\/seguiment s\u00f3n galetes o qualsevol altra forma d&#8217;emmagatzematge local, utilitzades per crear perfils d&#8217;usuari per mostrar publicitat o per rastrejar l&#8217;usuari en aquest lloc web o en diversos llocs web amb finalitats de m\u00e0rqueting similars.<\/p>\n\n\n\n<p><strong>5.3 Xarxes socials<\/strong><\/p>\n\n\n\n<p>Al nostre lloc web, hem incl\u00f2s contingut d&#8217;Instagram per promocionar p\u00e0gines web (p. ex., \u201cm&#8217;agrada\u201d, \u201cpin\u201d) o compartir (p. ex., \u201ctuitejar\u201d) a xarxes socials com Instagram. Aquest contingut est\u00e0 incrustat amb codi derivat d&#8217;Instagram i col\u00b7loca cookies. Aquest contingut pot emmagatzemar i processar certa informaci\u00f3 per a publicitat personalitzada.  <\/p>\n\n\n\n<p>Llegiu la declaraci\u00f3 de privadesa d&#8217;aquestes xarxes socials (que podeu canviar amb freq\u00fc\u00e8ncia) per llegir qu\u00e8 fan amb les vostres dades (personals) que processen utilitzant aquestes cookies. Les dades que es recuperen s&#8217;anonimitzen tant com sigui possible. Instagram es troba als Estats Units.  <\/p>\n\n\n\n<ol start=\"6\" class=\"wp-block-list\">\n<li><strong>Cookies col\u00b7locades<\/strong><\/li>\n\n\n\n<li><strong>Consentiment<\/strong><br> Quan visiteu el nostre lloc web per primera vegada, us mostrarem una finestra emergent amb una explicaci\u00f3 sobre les cookies. Tan aviat com feu clic a &#8220;Guardar prefer\u00e8ncies&#8221;, ens d\u00f3na el seu consentiment per utilitzar les categories de galetes i complements que heu seleccionat a la finestra emergent, com es descriu en aquesta Pol\u00edtica de galetes. Podeu desactivar l&#8217;\u00fas de cookies a trav\u00e9s del vostre navegador, per\u00f2 tingueu en compte que el nostre lloc web pot deixar de funcionar correctament.  <\/li>\n<\/ol>\n\n\n\n<p><strong>7.1 Administrar la configuraci\u00f3 del vostre consentiment<\/strong><\/p>\n\n\n\n<p>Heu carregat la Pol\u00edtica de cookies sense compatibilitat amb JavaScript. A AMP, podeu utilitzar el bot\u00f3 d&#8217;administraci\u00f3 de consentiment a la part inferior de la p\u00e0gina. <\/p>\n\n\n\n<ol start=\"8\" class=\"wp-block-list\">\n<li><strong>Habilitar\/deshabilitar i eliminar cookies<\/strong><br> Podeu utilitzar el vostre navegador d&#8217;Internet per eliminar les galetes de forma autom\u00e0tica o manual. Tamb\u00e9 podeu especificar que no es col\u00b7loquin determinades cookies. Una altra opci\u00f3 \u00e9s canviar la configuraci\u00f3 del vostre navegador d&#8217;Internet perqu\u00e8 rebi un missatge cada vegada que es col\u00b7loqui una galeta. Per obtenir m\u00e9s informaci\u00f3 sobre aquestes opcions, consulteu les instruccions a la secci\u00f3 Ajuda del vostre navegador.   <\/li>\n<\/ol>\n\n\n\n<p>Tingueu en compte que el nostre lloc web pot no funcionar correctament si totes les galetes estan deshabilitades. Si suprimiu les galetes al vostre navegador, es tornaran a col\u00b7locar despr\u00e9s del vostre consentiment quan visiteu el nostre lloc web novament. <\/p>\n\n\n\n<ol start=\"9\" class=\"wp-block-list\">\n<li>Els seus drets pel que fa a les dades personals<br> Teniu els seg\u00fcents drets pel que fa a les vostres dades personals:<\/li>\n<\/ol>\n\n\n\n<p>Teniu dret a saber per qu\u00e8 es necessiten les vostres dades personals, qu\u00e8 passar\u00e0 amb elles i durant quant de temps es conservaran.<br>Dret d&#8217;acc\u00e9s: Teniu dret a accedir a les vostres dades personals que coneixem.<br>Dret de rectificaci\u00f3: Teniu dret a completar, corregir, eliminar o bloquejar les vostres dades personals quan ho desitgeu.<br>Si ens doneu el vostre consentiment per processar les vostres dades, teniu dret a revocar aquest consentiment i eliminar les vostres dades personals.<br>Dret a transferir les vostres dades: Teniu dret a sol\u00b7licitar totes les vostres dades personals al responsable del tractament i transferir-les en la seva totalitat a un altre responsable del tractament.<br>Dret d&#8217;oposici\u00f3: Podeu oposar-vos al processament de les vostres dades. Complim amb aix\u00f2, llevat que hi hagi motius justificats per al processament.<br> Per exercir aquests drets, poseu-vos en contacte amb nosaltres. Consulteu els detalls de contacte al final d&#8217;aquesta Pol\u00edtica de galetes. Si teniu una queixa sobre com fem servir les vostres dades, ens agradaria saber de vost\u00e8, per\u00f2 tamb\u00e9 t\u00e9 dret a presentar una queixa davant l&#8217;autoritat supervisora \u200b\u200b(l&#8217;Autoritat de Protecci\u00f3 de Dades).   <\/p>\n\n\n\n<p><strong>10. Detalls de contacte<\/strong><\/p>\n\n\n\n<p>Per a q\u00fcestions i\/o comentaris sobre la galeta policial i aquesta informaci\u00f3, si us plau contacteu amb la informaci\u00f3 de contactes seg\u00fcents:<\/p>\n\n\n\n<p>Restaurant Buggy<br> Carrer Pau Casals, 49, 17300 Blanes<br> Website: <a href=\"https:\/\/restaurantebuggy.com\/ca\/\">https:\/\/restaurantebuggy.com<\/a><br> Email: info@restaurantebuggy.com<br> Tel\u00e8fon: +34972336064<\/p>\n","protected":false},"excerpt":{"rendered":"<p>Aquesta Pol\u00edtica de Cookies va ser actualitzada per darrera vegada el 09\/02\/2025 i s&#8217;aplica als ciutadans i residents legals permanents de l&#8217;Espai Econ\u00f2mic Europeu i Su\u00efssa. Algunes galetes garanteixen que certes parts del lloc web funcionin correctament i que les vostres prefer\u00e8ncies d&#8217;usuari segueixin sent conegudes. En col\u00b7locar cookies funcionals, us facilitem la visita al [&hellip;]<\/p>\n","protected":false},"author":1,"featured_media":0,"parent":0,"menu_order":0,"comment_status":"closed","ping_status":"closed","template":"","meta":{"_coblocks_attr":"","_coblocks_dimensions":"","_coblocks_responsive_height":"","_coblocks_accordion_ie_support":"","footnotes":""},"class_list":["post-1040","page","type-page","status-publish","hentry"],"_links":{"self":[{"href":"https:\/\/restaurantebuggy.com\/ca\/wp-json\/wp\/v2\/pages\/1040","targetHints":{"allow":["GET"]}}],"collection":[{"href":"https:\/\/restaurantebuggy.com\/ca\/wp-json\/wp\/v2\/pages"}],"about":[{"href":"https:\/\/restaurantebuggy.com\/ca\/wp-json\/wp\/v2\/types\/page"}],"author":[{"embeddable":true,"href":"https:\/\/restaurantebuggy.com\/ca\/wp-json\/wp\/v2\/users\/1"}],"replies":[{"embeddable":true,"href":"https:\/\/restaurantebuggy.com\/ca\/wp-json\/wp\/v2\/comments?post=1040"}],"version-history":[{"count":0,"href":"https:\/\/restaurantebuggy.com\/ca\/wp-json\/wp\/v2\/pages\/1040\/revisions"}],"wp:attachment":[{"href":"https:\/\/restaurantebuggy.com\/ca\/wp-json\/wp\/v2\/media?parent=1040"}],"curies":[{"name":"wp","href":"https:\/\/api.w.org\/{rel}","templated":true}]}}