{"id":1037,"date":"2025-02-09T12:52:52","date_gmt":"2025-02-09T12:52:52","guid":{"rendered":"https:\/\/restaurantebuggy.com\/avis-legal\/"},"modified":"2025-02-09T12:52:52","modified_gmt":"2025-02-09T12:52:52","slug":"avis-legal","status":"publish","type":"page","link":"https:\/\/restaurantebuggy.com\/ca\/avis-legal\/","title":{"rendered":"Av\u00eds Legal"},"content":{"rendered":"\n<p>Restaurant Buggy es compromet a mantenir aquest lloc web actualitzat i prec\u00eds. No obstant aix\u00f2, si trobes alguna cosa incorrecta o desactualitzada, agrair\u00edem que ens ho informessis. Si us plau, indica a quina part del lloc web vas llegir la informaci\u00f3. Despr\u00e9s ho revisarem com m\u00e9s aviat millor. Envia la teva resposta per correu electr\u00f2nic a: <a>info@restaurantebuggy.com<\/a> .    <\/p>\n\n\n\n<p>No ens fem responsables de p\u00e8rdues com a resultat d&#8217;inexactituds o incompletituds, ni de p\u00e8rdues derivades de problemes causats per o inherents a la difusi\u00f3 d&#8217;informaci\u00f3 a trav\u00e9s d&#8217;internet, com ara interrupcions o errors. En utilitzar formularis web, ens esforcem per limitar la quantitat de camps obligatoris al m\u00ednim. Restaurant Buggy no accepta responsabilitat per qualsevol p\u00e8rdua soferta com a resultat de l&#8217;\u00fas de dades, consells o idees proporcionades per o en nom de Restaurant Buggy a trav\u00e9s d&#8217;aquest lloc web.  <\/p>\n\n\n\n<p>L&#8217;\u00fas del lloc web i tots els components (inclosos els f\u00f2rums) est\u00e0 subjecte als termes d&#8217;\u00fas. El simple \u00fas daquest lloc web implica el coneixement i lacceptaci\u00f3 daquests termes d\u00fas. <\/p>\n\n\n\n<p>Qualsevol dada personal que ens proporcionis en el context de la teva resposta o sol\u00b7licitud d&#8217;informaci\u00f3 nom\u00e9s ser\u00e0 utilitzada d&#8217;acord amb el nostre av\u00eds de privadesa.<\/p>\n\n\n\n<p>Tots els drets de propietat intel\u00b7lectual sobre el contingut d&#8217;aquest lloc web pertanyen a Restaurant Buggy.<\/p>\n\n\n\n<p>No es permet copiar, difondre ni cap altre \u00fas d&#8217;aquests materials sense el perm\u00eds per escrit de Restaurant Buggy, excepte i nom\u00e9s en la mesura que ho estipulin les normatives de llei obligat\u00f2ria (com el dret a citar), llevat que un contingut espec\u00edfic disposi el contrari.<\/p>\n\n\n\n<p>Si teniu alguna pregunta o problema amb l&#8217;accessibilitat del lloc web, no dubteu a contactar-nos.<\/p>\n\n\n\n<figure class=\"wp-block-image aligncenter size-full\"><img loading=\"lazy\" decoding=\"async\" width=\"512\" height=\"512\" src=\"https:\/\/restaurantebuggy.com\/wp-content\/uploads\/2025\/01\/logo.png\" alt=\"\" class=\"wp-image-35\" srcset=\"https:\/\/restaurantebuggy.com\/wp-content\/uploads\/2025\/01\/logo.png 512w, https:\/\/restaurantebuggy.com\/wp-content\/uploads\/2025\/01\/logo-300x300.png 300w, https:\/\/restaurantebuggy.com\/wp-content\/uploads\/2025\/01\/logo-150x150.png 150w\" sizes=\"auto, (max-width: 512px) 100vw, 512px\" \/><\/figure>\n","protected":false},"excerpt":{"rendered":"<p>Restaurant Buggy es compromet a mantenir aquest lloc web actualitzat i prec\u00eds. No obstant aix\u00f2, si trobes alguna cosa incorrecta o desactualitzada, agrair\u00edem que ens ho informessis. Si us plau, indica a quina part del lloc web vas llegir la informaci\u00f3. Despr\u00e9s ho revisarem com m\u00e9s aviat millor. Envia la teva resposta per correu electr\u00f2nic [&hellip;]<\/p>\n","protected":false},"author":1,"featured_media":0,"parent":0,"menu_order":0,"comment_status":"closed","ping_status":"closed","template":"","meta":{"_coblocks_attr":"","_coblocks_dimensions":"","_coblocks_responsive_height":"","_coblocks_accordion_ie_support":"","footnotes":""},"class_list":["post-1037","page","type-page","status-publish","hentry"],"_links":{"self":[{"href":"https:\/\/restaurantebuggy.com\/ca\/wp-json\/wp\/v2\/pages\/1037","targetHints":{"allow":["GET"]}}],"collection":[{"href":"https:\/\/restaurantebuggy.com\/ca\/wp-json\/wp\/v2\/pages"}],"about":[{"href":"https:\/\/restaurantebuggy.com\/ca\/wp-json\/wp\/v2\/types\/page"}],"author":[{"embeddable":true,"href":"https:\/\/restaurantebuggy.com\/ca\/wp-json\/wp\/v2\/users\/1"}],"replies":[{"embeddable":true,"href":"https:\/\/restaurantebuggy.com\/ca\/wp-json\/wp\/v2\/comments?post=1037"}],"version-history":[{"count":0,"href":"https:\/\/restaurantebuggy.com\/ca\/wp-json\/wp\/v2\/pages\/1037\/revisions"}],"wp:attachment":[{"href":"https:\/\/restaurantebuggy.com\/ca\/wp-json\/wp\/v2\/media?parent=1037"}],"curies":[{"name":"wp","href":"https:\/\/api.w.org\/{rel}","templated":true}]}}