{"id":1034,"date":"2025-02-09T12:52:52","date_gmt":"2025-02-09T12:52:52","guid":{"rendered":"https:\/\/restaurantebuggy.com\/politica-de-privadesa\/"},"modified":"2025-02-09T12:52:52","modified_gmt":"2025-02-09T12:52:52","slug":"politica-de-privadesa","status":"publish","type":"page","link":"https:\/\/restaurantebuggy.com\/ca\/politica-de-privadesa\/","title":{"rendered":"Pol\u00edtica de Privadesa"},"content":{"rendered":"\n<p>Aquest av\u00eds de privadesa va ser actualitzat per darrera vegada el 09\/02\/2025 i s&#8217;aplica als ciutadans i residents permanents legals de l&#8217;\u00c0rea Econ\u00f2mica Europea i Su\u00efssa.<\/p>\n\n\n\n<p>En aquest av\u00eds de privadesa, expliquem qu\u00e8 fem amb les dades que obtenim sobre tu a trav\u00e9s de <a href=\"https:\/\/restaurantebuggy.com\/ca\/\">https:\/\/restaurantebuggy.com<\/a> . Et recomanem llegir acuradament aquest av\u00eds. En el nostre processament complim els requisits de la legislaci\u00f3 de privadesa. Aix\u00f2 significa, entre altres coses, que:   <\/p>\n\n\n\n<p>declarem clarament les finalitats per a les quals processem les dades personals. Ho fem mitjan\u00e7ant aquest av\u00eds de privadesa; el nostre objectiu \u00e9s limitar la nostra recol\u00b7lecci\u00f3 de dades personals a nom\u00e9s les dades necess\u00e0ries per a fins leg\u00edtims; primer sol\u00b7licitem el teu consentiment expl\u00edcit per processar les teves dades personals en els casos en qu\u00e8 es requereixi el teu consentiment; prenem les mesures de seguretat apropiades per protegir les teves dades personals i tamb\u00e9 requerim aix\u00f2 de les parts que processen dades personals en nom nostre; respectem el teu dret a accedir a les teves dades personals o que es corregeixin o eliminin, a la teva sol\u00b7licitud. Si tens alguna pregunta, o desitges saber exactament quines dades guardem de tu, si us plau contacta&#8217;ns.  <\/p>\n\n\n\n<ol class=\"wp-block-list\">\n<li>Prop\u00f2sit, dades i per\u00edode de retenci\u00f3 Podem recol\u00b7lectar o rebre informaci\u00f3 personal per a diverses finalitats relacionades amb les nostres operacions comercials que poden incloure el seg\u00fcent: (fes clic per expandir) 1.1 Contacte &#8211; A trav\u00e9s de tel\u00e8fon, correu, correu electr\u00f2nic i\/o formularis web<\/li>\n\n\n\n<li>Cookies El nostre lloc web utilitza cookies. Per a m\u00e9s informaci\u00f3 sobre les galetes, consulta la nostra Pol\u00edtica de Cookies. <\/li>\n\n\n\n<li>Pr\u00e0ctiques de divulgaci\u00f3 Divulguem informaci\u00f3 personal si aix\u00ed ho exigeix \u200b\u200bla llei o una ordre judicial, en resposta a una ag\u00e8ncia daplicaci\u00f3 de la llei, en la mesura permesa per altres disposicions legals, per proporcionar informaci\u00f3 o per a una investigaci\u00f3 sobre un assumpte relacionat amb la seguretat p\u00fablica.<\/li>\n<\/ol>\n\n\n\n<p>Si el nostre lloc web o organitzaci\u00f3 \u00e9s adquirida, venuda o est\u00e0 involucrada en una fusi\u00f3 o adquisici\u00f3, els teus detalls poden ser divulgats als nostres assessors i als possibles compradors i seran transferits als nous propietaris.<\/p>\n\n\n\n<ol start=\"4\" class=\"wp-block-list\">\n<li>Seguretat Estem compromesos amb la seguretat de les dades personals. Prenem les mesures de seguretat apropiades per limitar l&#8217;ab\u00fas i l&#8217;acc\u00e9s no autoritzat a les dades personals. Aix\u00f2 assegura que nom\u00e9s les persones necess\u00e0ries tinguin acc\u00e9s a les vostres dades, que l&#8217;acc\u00e9s a les dades estigui protegit i que les nostres mesures de seguretat siguin revisades regularment.  <\/li>\n\n\n\n<li>Llocs web de tercers Aquest av\u00eds de privadesa no s&#8217;aplica als llocs web de tercers connectats per enlla\u00e7os al nostre lloc web. No podem garantir que aquests tercers manegin les teves dades personals de manera fiable o segura. Et recomanem llegir els avisos de privadesa d&#8217;aquests llocs web abans de fer-ne \u00fas.  <\/li>\n\n\n\n<li>Modificacions d&#8217;aquest av\u00eds de privadesa Ens reservem el dret de realitzar modificacions a aquest av\u00eds de privadesa. Es recomana que consulteu aquest av\u00eds de privadesa regularment per estar al corrent de qualsevol canvi. A m\u00e9s, us informarem activament sempre que sigui possible.  <\/li>\n\n\n\n<li>Acc\u00e9s i modificaci\u00f3 de les teves dades Si tens alguna pregunta o desitges saber quines dades personals tenim sobre tu, si us plau contacta&#8217;ns. Pots posar-te en contacte amb nosaltres fent servir la informaci\u00f3 a continuaci\u00f3. Tens els drets seg\u00fcents:  <\/li>\n<\/ol>\n\n\n\n<p>Tens dret a saber per qu\u00e8 es necessiten les teves dades personals, qu\u00e8 passar\u00e0 amb elles i quant de temps es conservaran. Dret d&#8217;acc\u00e9s: Teniu dret a accedir a les vostres dades personals que coneixem. Dret de rectificaci\u00f3: tens dret a complementar, corregir, eliminar o bloquejar les teves dades personals sempre que vulguis. Si ens d\u00f3nes el teu consentiment per processar les teves dades, tens dret a revocar aquest consentiment i que s&#8217;eliminin les teves dades personals. Dret a transferir les teves dades: tens dret a sol\u00b7licitar totes les teves dades personals al responsable i transferir-les totalment a un altre responsable. Dret d&#8217;oposici\u00f3: et pots oposar al processament de les teves dades. Complim amb aix\u00f2, tret que hi hagi raons justificades per al processament. Si us plau, assegura&#8217;t de sempre declarar clarament qui ets, perqu\u00e8 puguem estar segurs de no modificar o eliminar dades de la persona equivocada.       <\/p>\n\n\n\n<ol start=\"8\" class=\"wp-block-list\">\n<li>Presentar una queixa Si no est\u00e0s satisfet amb la manera com fem servir (una queixa sobre) el processament de les teves dades personals, tens dret a presentar una queixa davant l&#8217;Autoritat de Protecci\u00f3 de Dades.<\/li>\n\n\n\n<li>Dades de contacte Restaurant Buggy<br> Carrer Pau Casals, 49, 17300 Blanes Espanya<br> Espanya<br> Lloc web: <a href=\"https:\/\/restaurantebuggy.com\/ca\/\">https:\/\/restaurantebuggy.com<\/a><br> Correu electr\u00f2nic: <a>info@restaurantebuggy.com<\/a><br> Tel\u00e8fon: +34972336064<\/li>\n<\/ol>\n","protected":false},"excerpt":{"rendered":"<p>Aquest av\u00eds de privadesa va ser actualitzat per darrera vegada el 09\/02\/2025 i s&#8217;aplica als ciutadans i residents permanents legals de l&#8217;\u00c0rea Econ\u00f2mica Europea i Su\u00efssa. En aquest av\u00eds de privadesa, expliquem qu\u00e8 fem amb les dades que obtenim sobre tu a trav\u00e9s de https:\/\/restaurantebuggy.com . Et recomanem llegir acuradament aquest av\u00eds. En el nostre [&hellip;]<\/p>\n","protected":false},"author":1,"featured_media":0,"parent":0,"menu_order":0,"comment_status":"closed","ping_status":"closed","template":"","meta":{"_coblocks_attr":"","_coblocks_dimensions":"","_coblocks_responsive_height":"","_coblocks_accordion_ie_support":"","footnotes":""},"class_list":["post-1034","page","type-page","status-publish","hentry"],"_links":{"self":[{"href":"https:\/\/restaurantebuggy.com\/ca\/wp-json\/wp\/v2\/pages\/1034","targetHints":{"allow":["GET"]}}],"collection":[{"href":"https:\/\/restaurantebuggy.com\/ca\/wp-json\/wp\/v2\/pages"}],"about":[{"href":"https:\/\/restaurantebuggy.com\/ca\/wp-json\/wp\/v2\/types\/page"}],"author":[{"embeddable":true,"href":"https:\/\/restaurantebuggy.com\/ca\/wp-json\/wp\/v2\/users\/1"}],"replies":[{"embeddable":true,"href":"https:\/\/restaurantebuggy.com\/ca\/wp-json\/wp\/v2\/comments?post=1034"}],"version-history":[{"count":0,"href":"https:\/\/restaurantebuggy.com\/ca\/wp-json\/wp\/v2\/pages\/1034\/revisions"}],"wp:attachment":[{"href":"https:\/\/restaurantebuggy.com\/ca\/wp-json\/wp\/v2\/media?parent=1034"}],"curies":[{"name":"wp","href":"https:\/\/api.w.org\/{rel}","templated":true}]}}