{"id":1031,"date":"2025-01-22T11:59:31","date_gmt":"2025-01-22T11:59:31","guid":{"rendered":"https:\/\/restaurantebuggy.com\/buggy-galeria\/"},"modified":"2025-01-22T11:59:31","modified_gmt":"2025-01-22T11:59:31","slug":"buggy-galeria","status":"publish","type":"page","link":"https:\/\/restaurantebuggy.com\/ca\/buggy-galeria\/","title":{"rendered":"Buggy Galeria"},"content":{"rendered":"\n<div class=\"wp-block-group alignfull hostinger-ai-gallery-2 hostinger-ai-fade-up is-layout-flow wp-block-group-is-layout-flow\" data-aos=\"fade-up\">\n<div class=\"wp-block-group alignwide hostinger-ai-fade-up has-global-padding is-layout-constrained wp-block-group-is-layout-constrained\" data-aos=\"fade-up\" style=\"padding-top:var(--wp--preset--spacing--60);padding-bottom:var(--wp--preset--spacing--60)\">\n<p class=\"has-text-align-center hostinger-ai-description has-dark-color has-text-color has-link-color wp-elements-c72541fc3c9d1e063c8a606edad8317c\" style=\"margin-top:0;margin-bottom:0;font-size:clamp(15.197px, 0.95rem + ((1vw - 3.2px) * 1), 23px);\">Vine a gaudir dels nostres millors plats!  <\/p>\n\n\n\n<p class=\"has-text-align-center hostinger-ai-description has-dark-color has-text-color has-link-color wp-elements-2a9d6352de0240bc91103716b58a49b8\" style=\"margin-top:0;margin-bottom:0;font-size:clamp(15.197px, 0.95rem + ((1vw - 3.2px) * 1), 23px);\">Al nostre men\u00fa trobar\u00e0s opcions irresistibles, com suculents talls de carn, deliciosos peixos frescos, i els nostres incre\u00efbles arrossos, elaborades amb ingredients de primera qualitat.  <\/p>\n\n\n\n<p class=\"has-text-align-center hostinger-ai-description has-dark-color has-text-color has-link-color wp-elements-e5132207bed13e82be5285d77982f292\" style=\"margin-top:0;margin-bottom:0;font-size:clamp(15.197px, 0.95rem + ((1vw - 3.2px) * 1), 23px);\"><strong>T&#8217;esperem per oferir-te la millor experi\u00e8ncia gastron\u00f2mica!<\/strong><\/p>\n\n\n\n<div style=\"height:52px\" aria-hidden=\"true\" class=\"wp-block-spacer\"><\/div>\n\n\n\n<figure class=\"wp-block-image aligncenter size-full is-resized\"><img loading=\"lazy\" decoding=\"async\" width=\"380\" height=\"212\" src=\"https:\/\/restaurantebuggy.com\/wp-content\/uploads\/2025\/01\/logoBuggy.png\" alt=\"\" class=\"wp-image-41\" style=\"width:222px;height:auto\" srcset=\"https:\/\/restaurantebuggy.com\/wp-content\/uploads\/2025\/01\/logoBuggy.png 380w, https:\/\/restaurantebuggy.com\/wp-content\/uploads\/2025\/01\/logoBuggy-300x167.png 300w\" sizes=\"auto, (max-width: 380px) 100vw, 380px\" \/><\/figure>\n<\/div>\n<\/div>\n\n\n\n<div class=\"wp-block-group alignfull hostinger-ai-gallery-2 hostinger-ai-fade-up is-layout-flow wp-block-group-is-layout-flow\" data-aos=\"fade-up\">\n<div class=\"wp-block-group hostinger-ai-fade-up has-global-padding is-layout-constrained wp-block-group-is-layout-constrained\" data-aos=\"fade-up\" style=\"margin-top:0\">\n<div class=\"wp-block-group alignwide hostinger-ai-fade-up has-global-padding is-layout-constrained wp-container-core-group-is-layout-12243e0f wp-block-group-is-layout-constrained\" data-aos=\"fade-up\">\n<!-- LightWidget WIDGET --><script src=\"https:\/\/cdn.lightwidget.com\/widgets\/lightwidget.js\"><\/script><iframe src=\"https:\/\/cdn.lightwidget.com\/widgets\/2a1df8269ae753f78f39a9626bd8db00.html\" scrolling=\"no\" allowtransparency=\"true\" class=\"lightwidget-widget\" style=\"width:100%;border:0;overflow:hidden;\"><\/iframe>\n<\/div>\n<\/div>\n<\/div>\n\n\n\n<div class=\"wp-block-group alignfull hostinger-ai-our-projects-3 hostinger-ai-fade-up has-global-padding is-layout-constrained wp-block-group-is-layout-constrained\" data-aos=\"fade-up\">\n<div class=\"wp-block-group alignwide project-item hostinger-ai-fade-up is-layout-grid wp-container-core-group-is-layout-be66fcb3 wp-block-group-is-layout-grid\" data-aos=\"fade-up\" style=\"padding-top:var(--wp--preset--spacing--40);padding-right:0;padding-bottom:var(--wp--preset--spacing--60);padding-left:0\">\n<div class=\"wp-block-group project-item-content hostinger-ai-fade-up wp-container-content-5e2576f9 is-vertical is-content-justification-left is-nowrap is-layout-flex wp-container-core-group-is-layout-f26a4d82 wp-block-group-is-layout-flex\" data-aos=\"fade-up\" style=\"padding-right:var(--wp--preset--spacing--60);padding-left:0\">\n<h2 class=\"wp-block-heading hostinger-ai-project-title has-dark-color has-text-color has-link-color has-x-large-font-size wp-elements-854feb2b170445239f5374016e35cb96\" style=\"margin-top:0;margin-right:0;margin-bottom:0;margin-left:0;padding-bottom:var(--wp--preset--spacing--20)\">Sabors del Mar<\/h2>\n\n\n\n<p class=\"hostinger-ai-project-description has-dark-color has-text-color has-link-color wp-elements-a4d52b314d7e4145a9b4bdb7a25ef8e4\" style=\"margin-top:0;margin-right:var(--wp--preset--spacing--50);margin-bottom:var(--wp--preset--spacing--50);font-size:clamp(15.197px, 0.95rem + ((1vw - 3.2px) * 1), 23px);\">A Buggy Restaurant, oferim una experi\u00e8ncia culin\u00e0ria \u00fanica a la Costa Brava, destacant la frescor dels nostres peixos i mariscs, preparats amb passi\u00f3 i dedicaci\u00f3 pel nostre equip.<\/p>\n<\/div>\n\n\n\n<div class=\"wp-block-group hostinger-ai-fade-up has-global-padding is-layout-constrained wp-block-group-is-layout-constrained\" data-aos=\"fade-up\">\n<figure class=\"wp-block-image size-full has-custom-border hostinger-ai-project-image hostinger-index-3 is-style-bottom-wave\"><img loading=\"lazy\" decoding=\"async\" width=\"1440\" height=\"1440\" src=\"https:\/\/restaurantebuggy.com\/wp-content\/uploads\/2025\/02\/20.jpg\" alt=\"\" class=\"wp-image-134\" style=\"border-radius:8px\" srcset=\"https:\/\/restaurantebuggy.com\/wp-content\/uploads\/2025\/02\/20.jpg 1440w, https:\/\/restaurantebuggy.com\/wp-content\/uploads\/2025\/02\/20-300x300.jpg 300w, https:\/\/restaurantebuggy.com\/wp-content\/uploads\/2025\/02\/20-1024x1024.jpg 1024w, https:\/\/restaurantebuggy.com\/wp-content\/uploads\/2025\/02\/20-150x150.jpg 150w, https:\/\/restaurantebuggy.com\/wp-content\/uploads\/2025\/02\/20-768x768.jpg 768w, https:\/\/restaurantebuggy.com\/wp-content\/uploads\/2025\/02\/20-500x500.jpg 500w, https:\/\/restaurantebuggy.com\/wp-content\/uploads\/2025\/02\/20-800x800.jpg 800w, https:\/\/restaurantebuggy.com\/wp-content\/uploads\/2025\/02\/20-1280x1280.jpg 1280w\" sizes=\"auto, (max-width: 1440px) 100vw, 1440px\" \/><\/figure>\n<\/div>\n<\/div>\n\n\n\n<div class=\"wp-block-group alignwide project-item hostinger-ai-fade-up is-layout-grid wp-container-core-group-is-layout-be66fcb3 wp-block-group-is-layout-grid\" data-aos=\"fade-up\" style=\"padding-top:var(--wp--preset--spacing--40);padding-right:0;padding-bottom:var(--wp--preset--spacing--60);padding-left:0\">\n<div class=\"wp-block-group hostinger-ai-fade-up has-global-padding is-layout-constrained wp-block-group-is-layout-constrained\" data-aos=\"fade-up\">\n<figure class=\"wp-block-image size-full has-custom-border hostinger-ai-project-image hostinger-index-4 is-style-rounded\"><img loading=\"lazy\" decoding=\"async\" width=\"1080\" height=\"1080\" src=\"https:\/\/restaurantebuggy.com\/wp-content\/uploads\/2025\/02\/21.jpg\" alt=\"\" class=\"wp-image-135\" style=\"border-radius:8px\" srcset=\"https:\/\/restaurantebuggy.com\/wp-content\/uploads\/2025\/02\/21.jpg 1080w, https:\/\/restaurantebuggy.com\/wp-content\/uploads\/2025\/02\/21-300x300.jpg 300w, https:\/\/restaurantebuggy.com\/wp-content\/uploads\/2025\/02\/21-1024x1024.jpg 1024w, https:\/\/restaurantebuggy.com\/wp-content\/uploads\/2025\/02\/21-150x150.jpg 150w, https:\/\/restaurantebuggy.com\/wp-content\/uploads\/2025\/02\/21-768x768.jpg 768w, https:\/\/restaurantebuggy.com\/wp-content\/uploads\/2025\/02\/21-500x500.jpg 500w, https:\/\/restaurantebuggy.com\/wp-content\/uploads\/2025\/02\/21-800x800.jpg 800w\" sizes=\"auto, (max-width: 1080px) 100vw, 1080px\" \/><\/figure>\n<\/div>\n\n\n\n<div class=\"wp-block-group project-item-content hostinger-ai-fade-up wp-container-content-5e2576f9 is-vertical is-content-justification-left is-nowrap is-layout-flex wp-container-core-group-is-layout-f26a4d82 wp-block-group-is-layout-flex\" data-aos=\"fade-up\" style=\"padding-right:var(--wp--preset--spacing--60);padding-left:0\">\n<h2 class=\"wp-block-heading hostinger-ai-project-title hostinger-index-1 has-dark-color has-text-color has-link-color has-x-large-font-size wp-elements-bef53d90c1b7769ac36d2bdaa49b1553\" style=\"margin-top:0;margin-right:0;margin-bottom:0;margin-left:0;padding-bottom:var(--wp--preset--spacing--20);padding-left:var(--wp--preset--spacing--50)\">Experi\u00e8ncia \u00danica<\/h2>\n\n\n\n<p class=\"hostinger-ai-project-description hostinger-index-1 has-dark-color has-text-color has-link-color wp-elements-9179f55a21611d6a922373bcbc1566d3\" style=\"margin-top:0;margin-right:0;margin-bottom:var(--wp--preset--spacing--50);margin-left:var(--wp--preset--spacing--50);font-size:clamp(15.197px, 0.95rem + ((1vw - 3.2px) * 1), 23px);\">Gaudeix d\u00b4un ambient acollidor al\u00b4entrada de la Costa Brava, on cada plat reflecteix la riquesa de la gastronomia local, ideal per als amants del bon menjar i la qualitat.<\/p>\n<\/div>\n<\/div>\n\n\n\n<div class=\"wp-block-group alignwide project-item is-layout-grid wp-container-core-group-is-layout-d462a945 wp-block-group-is-layout-grid\" style=\"padding-top:var(--wp--preset--spacing--40);padding-right:0;padding-bottom:0;padding-left:0\">\n<div class=\"wp-block-group project-item-content hostinger-ai-fade-up wp-container-content-5e2576f9 is-vertical is-content-justification-left is-nowrap is-layout-flex wp-container-core-group-is-layout-f26a4d82 wp-block-group-is-layout-flex\" data-aos=\"fade-up\" data-aos=\"fade-up\" style=\"padding-right:var(--wp--preset--spacing--60);padding-left:0\">\n<h2 class=\"wp-block-heading hostinger-ai-project-title hostinger-index-2 has-dark-color has-text-color has-link-color has-x-large-font-size wp-elements-602506433bae6d987171f551dc820a83\" style=\"margin-top:0;margin-right:0;margin-bottom:0;margin-left:0;padding-bottom:var(--wp--preset--spacing--20)\">Tradici\u00f3, Sabor i Frescor<\/h2>\n\n\n\n<p class=\"hostinger-ai-project-description hostinger-index-2 has-dark-color has-text-color has-link-color wp-elements-8c9cb26c02e4347525fae4c5413f75f6\" style=\"margin-top:0;margin-right:var(--wp--preset--spacing--50);margin-bottom:var(--wp--preset--spacing--50);font-size:clamp(15.197px, 0.95rem + ((1vw - 3.2px) * 1), 23px);\">El nostre comprom\u00eds \u00e9s oferir-te el millor de la cuina mediterr\u00e0nia, amb receptes tradicionals que ressalten els sabors aut\u00e8ntics de la regi\u00f3.<\/p>\n<\/div>\n\n\n\n<div class=\"wp-block-group hostinger-ai-fade-up has-global-padding is-layout-constrained wp-block-group-is-layout-constrained\" data-aos=\"fade-up\">\n<figure class=\"wp-block-image size-full has-custom-border hostinger-ai-project-image hostinger-index-5 is-style-bottom-wave\"><img loading=\"lazy\" decoding=\"async\" width=\"1080\" height=\"1350\" src=\"https:\/\/restaurantebuggy.com\/wp-content\/uploads\/2025\/02\/19.jpg\" alt=\"\" class=\"wp-image-133\" style=\"border-radius:8px;aspect-ratio:1;object-fit:cover\" srcset=\"https:\/\/restaurantebuggy.com\/wp-content\/uploads\/2025\/02\/19.jpg 1080w, https:\/\/restaurantebuggy.com\/wp-content\/uploads\/2025\/02\/19-240x300.jpg 240w, https:\/\/restaurantebuggy.com\/wp-content\/uploads\/2025\/02\/19-819x1024.jpg 819w, https:\/\/restaurantebuggy.com\/wp-content\/uploads\/2025\/02\/19-768x960.jpg 768w, https:\/\/restaurantebuggy.com\/wp-content\/uploads\/2025\/02\/19-500x625.jpg 500w, https:\/\/restaurantebuggy.com\/wp-content\/uploads\/2025\/02\/19-800x1000.jpg 800w\" sizes=\"auto, (max-width: 1080px) 100vw, 1080px\" \/><\/figure>\n<\/div>\n<\/div>\n<\/div>\n\n\n\n<p><\/p>\n","protected":false},"excerpt":{"rendered":"<p>Vine a gaudir dels nostres millors plats! Al nostre men\u00fa trobar\u00e0s opcions irresistibles, com suculents talls de carn, deliciosos peixos frescos, i els nostres incre\u00efbles arrossos, elaborades amb ingredients de primera qualitat. T&#8217;esperem per oferir-te la millor experi\u00e8ncia gastron\u00f2mica! Sabors del Mar A Buggy Restaurant, oferim una experi\u00e8ncia culin\u00e0ria \u00fanica a la Costa Brava, destacant [&hellip;]<\/p>\n","protected":false},"author":1,"featured_media":0,"parent":0,"menu_order":0,"comment_status":"closed","ping_status":"closed","template":"","meta":{"_coblocks_attr":"","_coblocks_dimensions":"","_coblocks_responsive_height":"","_coblocks_accordion_ie_support":"","footnotes":""},"class_list":["post-1031","page","type-page","status-publish","hentry"],"_links":{"self":[{"href":"https:\/\/restaurantebuggy.com\/ca\/wp-json\/wp\/v2\/pages\/1031","targetHints":{"allow":["GET"]}}],"collection":[{"href":"https:\/\/restaurantebuggy.com\/ca\/wp-json\/wp\/v2\/pages"}],"about":[{"href":"https:\/\/restaurantebuggy.com\/ca\/wp-json\/wp\/v2\/types\/page"}],"author":[{"embeddable":true,"href":"https:\/\/restaurantebuggy.com\/ca\/wp-json\/wp\/v2\/users\/1"}],"replies":[{"embeddable":true,"href":"https:\/\/restaurantebuggy.com\/ca\/wp-json\/wp\/v2\/comments?post=1031"}],"version-history":[{"count":0,"href":"https:\/\/restaurantebuggy.com\/ca\/wp-json\/wp\/v2\/pages\/1031\/revisions"}],"wp:attachment":[{"href":"https:\/\/restaurantebuggy.com\/ca\/wp-json\/wp\/v2\/media?parent=1031"}],"curies":[{"name":"wp","href":"https:\/\/api.w.org\/{rel}","templated":true}]}}