{"id":1030,"date":"2025-01-22T11:59:29","date_gmt":"2025-01-22T11:59:29","guid":{"rendered":"https:\/\/restaurantebuggy.com\/la-nostra-carta\/"},"modified":"2026-02-25T18:16:27","modified_gmt":"2026-02-25T18:16:27","slug":"la-nostra-carta","status":"publish","type":"page","link":"https:\/\/restaurantebuggy.com\/ca\/la-nostra-carta\/","title":{"rendered":"La nostra Carta"},"content":{"rendered":"\n<div style=\"height:28px\" aria-hidden=\"true\" class=\"wp-block-spacer\"><\/div>\n\n\n\n<div class=\"wp-block-columns is-layout-flex wp-container-core-columns-is-layout-28f84493 wp-block-columns-is-layout-flex\">\n<div class=\"wp-block-column is-layout-flow wp-block-column-is-layout-flow\">\n<figure class=\"wp-block-image size-large\"><img loading=\"lazy\" decoding=\"async\" width=\"819\" height=\"1024\" src=\"https:\/\/restaurantebuggy.com\/wp-content\/uploads\/2025\/02\/19-819x1024.jpg\" alt=\"\" class=\"wp-image-133\" srcset=\"https:\/\/restaurantebuggy.com\/wp-content\/uploads\/2025\/02\/19-819x1024.jpg 819w, https:\/\/restaurantebuggy.com\/wp-content\/uploads\/2025\/02\/19-240x300.jpg 240w, https:\/\/restaurantebuggy.com\/wp-content\/uploads\/2025\/02\/19-768x960.jpg 768w, https:\/\/restaurantebuggy.com\/wp-content\/uploads\/2025\/02\/19-500x625.jpg 500w, https:\/\/restaurantebuggy.com\/wp-content\/uploads\/2025\/02\/19-800x1000.jpg 800w, https:\/\/restaurantebuggy.com\/wp-content\/uploads\/2025\/02\/19.jpg 1080w\" sizes=\"auto, (max-width: 819px) 100vw, 819px\" \/><\/figure>\n<\/div>\n\n\n\n<div class=\"wp-block-column is-layout-flow wp-block-column-is-layout-flow\">\n<p class=\"hostinger-ai-testimonial-text hostinger-ai-font-bold hostinger-index-2 has-dark-color has-text-color has-link-color wp-elements-463eef6b9dac0a199a7c767076c75bff\" style=\"margin-top:0;margin-right:0;margin-bottom:var(--wp--preset--spacing--50);margin-left:var(--wp--preset--spacing--60);font-size:clamp(15.197px, 0.95rem + ((1vw - 3.2px) * 1), 23px);font-style:normal;font-weight:100\">&#8220;A Buggy, cada plat explica una hist\u00f2ria de sabors \u00fanics. La nostra carta est\u00e0 pensada per oferir-te una experi\u00e8ncia gastron\u00f2mica completa, amb opcions que van des del m\u00e9s tradicional fins a creacions innovadores que delectaran el teu paladar.&#8221; <\/p>\n\n\n\n<div class=\"wp-block-buttons is-layout-flex wp-container-core-buttons-is-layout-cd1ad80b wp-block-buttons-is-layout-flex\" style=\"padding-right:var(--wp--preset--spacing--70);padding-left:var(--wp--preset--spacing--70)\">\n<div class=\"wp-block-button\"><a class=\"wp-block-button__link has-color-2-color has-text-color has-link-color has-large-font-size has-custom-font-size wp-element-button\" href=\"tel:+34972336064\">RESERVA LA TEVA TAULA ARA!<\/a><\/div>\n<\/div>\n<\/div>\n<\/div>\n\n\n\n<div class=\"wp-block-group alignfull hostinger-ai-customer-reviews-2 hostinger-ai-fade-up has-global-padding is-layout-constrained wp-block-group-is-layout-constrained\" data-aos=\"fade-up\" style=\"padding-top:var(--wp--preset--spacing--60);padding-bottom:var(--wp--preset--spacing--60)\">\n<div class=\"wp-block-columns alignwide is-layout-flex wp-container-core-columns-is-layout-28f84493 wp-block-columns-is-layout-flex\">\n<div class=\"wp-block-column is-vertically-aligned-center is-layout-flow wp-block-column-is-layout-flow\">\n<h2 class=\"wp-block-heading has-text-align-center has-x-large-font-size\">Qu\u00e8 et ve de gust fer avui?<\/h2>\n\n\n\n<div style=\"height:28px\" aria-hidden=\"true\" class=\"wp-block-spacer\"><\/div>\n\n\n\n<div class=\"wp-block-buttons is-layout-flex wp-container-core-buttons-is-layout-02312215 wp-block-buttons-is-layout-flex\" style=\"padding-right:0;padding-left:0\">\n<div class=\"wp-block-button is-style-circular\"><a class=\"wp-block-button__link has-light-color has-text-color has-background has-link-color has-medium-font-size has-custom-font-size wp-element-button\" href=\"https:\/\/restaurantebuggy.com\/ca\/la-nostra-carta\/#menus\" style=\"background-color:#6c7a67\">MEN\u00da DIARI (Mig Dia no Festius)<\/a><\/div>\n\n\n\n<div class=\"wp-block-button is-style-circular\"><a class=\"wp-block-button__link has-light-color has-text-color has-background has-link-color has-medium-font-size has-custom-font-size wp-element-button\" href=\"https:\/\/restaurantebuggy.com\/ca\/la-nostra-carta\/#festivos\" style=\"background-color:#6c7a67\">MEN\u00daS DE NIT &#8211; CAP DE SETMANA &#8211; FESTIUS<\/a><\/div>\n\n\n\n<div class=\"wp-block-button is-style-circular\" id=\"perla\"><a class=\"wp-block-button__link has-light-color has-text-color has-background has-link-color has-medium-font-size has-custom-font-size wp-element-button\" href=\"https:\/\/restaurantebuggy.com\/ca\/la-nostra-carta\/#perla\" style=\"background-color:#6c7a67\">MEN\u00da PERLA (Especial Parelles)<\/a><\/div>\n\n\n\n<div class=\"wp-block-button is-style-circular\"><a class=\"wp-block-button__link has-light-color has-text-color has-background has-link-color has-medium-font-size has-custom-font-size wp-element-button\" href=\"https:\/\/restaurantebuggy.com\/ca\/la-nostra-carta\/#carta\" style=\"background-color:#6c7a67\">LA NOSTRA CARTA<\/a><\/div>\n<\/div>\n<\/div>\n<\/div>\n<\/div>\n\n\n\n<div class=\"wp-block-group alignfull hostinger-ai-customer-reviews-2 hostinger-ai-fade-up has-background has-global-padding is-layout-constrained wp-block-group-is-layout-constrained\" data-aos=\"fade-up\" id=\"menus\" style=\"background:linear-gradient(135deg,rgb(0,95,115) 0%,rgb(242,239,230) 100%);padding-top:var(--wp--preset--spacing--60);padding-bottom:var(--wp--preset--spacing--60)\">\n<div class=\"wp-block-columns alignwide is-layout-flex wp-container-core-columns-is-layout-28f84493 wp-block-columns-is-layout-flex\">\n<div class=\"wp-block-column is-vertically-aligned-center is-layout-flow wp-block-column-is-layout-flow\">\n<h2 class=\"wp-block-heading has-text-align-center has-color-1-color has-text-color has-link-color wp-elements-40d5a69c64aea966e54eff4f098a5e3a\" id=\"menus\" style=\"font-size:clamp(18.959px, 1.185rem + ((1vw - 3.2px) * 1.416), 30px);\">\ud83e\udd90 Men\u00fa Diari &#8211; Migdies No Festius<\/h2>\n<\/div>\n<\/div>\n<\/div>\n\n\n\n<p style=\"font-size:clamp(15.197px, 0.95rem + ((1vw - 3.2px) * 1), 23px);\">Et convidem a gaudir del nostre exquisit men\u00fa diari, disponible de dilluns a divendres al migdia. Cada dia, preparem plats frescos i saborosos que inclouen una opci\u00f3 de postres, pa i una beguda per completar el menjar.   <\/p>\n\n\n\n<figure class=\"wp-block-image size-full\"><img loading=\"lazy\" decoding=\"async\" width=\"1722\" height=\"2560\" src=\"https:\/\/restaurantebuggy.com\/wp-content\/uploads\/2026\/02\/CARTAMENUMIGDIA2026CAT-scaled.png\" alt=\"\" class=\"wp-image-1659\" srcset=\"https:\/\/restaurantebuggy.com\/wp-content\/uploads\/2026\/02\/CARTAMENUMIGDIA2026CAT-scaled.png 1722w, https:\/\/restaurantebuggy.com\/wp-content\/uploads\/2026\/02\/CARTAMENUMIGDIA2026CAT-202x300.png 202w, https:\/\/restaurantebuggy.com\/wp-content\/uploads\/2026\/02\/CARTAMENUMIGDIA2026CAT-689x1024.png 689w, https:\/\/restaurantebuggy.com\/wp-content\/uploads\/2026\/02\/CARTAMENUMIGDIA2026CAT-768x1142.png 768w, https:\/\/restaurantebuggy.com\/wp-content\/uploads\/2026\/02\/CARTAMENUMIGDIA2026CAT-1033x1536.png 1033w, https:\/\/restaurantebuggy.com\/wp-content\/uploads\/2026\/02\/CARTAMENUMIGDIA2026CAT-1378x2048.png 1378w, https:\/\/restaurantebuggy.com\/wp-content\/uploads\/2026\/02\/CARTAMENUMIGDIA2026CAT-500x743.png 500w, https:\/\/restaurantebuggy.com\/wp-content\/uploads\/2026\/02\/CARTAMENUMIGDIA2026CAT-800x1189.png 800w, https:\/\/restaurantebuggy.com\/wp-content\/uploads\/2026\/02\/CARTAMENUMIGDIA2026CAT-1280x1903.png 1280w, https:\/\/restaurantebuggy.com\/wp-content\/uploads\/2026\/02\/CARTAMENUMIGDIA2026CAT-1920x2854.png 1920w\" sizes=\"auto, (max-width: 1722px) 100vw, 1722px\" \/><\/figure>\n\n\n\n<div class=\"wp-block-group alignfull hostinger-ai-customer-reviews-2 hostinger-ai-fade-up has-background has-global-padding is-layout-constrained wp-block-group-is-layout-constrained\" data-aos=\"fade-up\" id=\"noches\" style=\"background:linear-gradient(135deg,rgb(0,95,115) 0%,rgb(242,239,230) 100%);padding-top:var(--wp--preset--spacing--60);padding-bottom:var(--wp--preset--spacing--60)\">\n<div class=\"wp-block-columns alignwide is-layout-flex wp-container-core-columns-is-layout-28f84493 wp-block-columns-is-layout-flex\">\n<div class=\"wp-block-column is-vertically-aligned-center is-layout-flow wp-block-column-is-layout-flow\">\n<h2 class=\"wp-block-heading has-text-align-center has-color-1-color has-text-color has-link-color wp-elements-605e1ea4e59d1c873e7109aa69aa97a0\" id=\"festivos\" style=\"font-size:clamp(18.959px, 1.185rem + ((1vw - 3.2px) * 1.416), 30px);\">\ud83c\udf72 Men\u00fas de Nit, Caps de Setmana i Festius<\/h2>\n<\/div>\n<\/div>\n<\/div>\n\n\n\n<p style=\"font-size:clamp(15.197px, 0.95rem + ((1vw - 3.2px) * 1), 23px);\">D\u00f3na&#8217;t un caprici i gaudeix dels nostres millors plats al men\u00fa nocturn, caps de setmana i festius. T&#8217;oferim dues delicioses variants de men\u00fa, cadascuna dissenyada per satisfer tots els teus desitjos i brindar-te una experi\u00e8ncia gastron\u00f2mica \u00fanica. Vine i deixa&#8217;t sorprendre per sabors excepcionals en un ambient acollidor.  <\/p>\n\n\n\n<figure class=\"wp-block-image size-full\"><img loading=\"lazy\" decoding=\"async\" width=\"1080\" height=\"1920\" src=\"https:\/\/restaurantebuggy.com\/wp-content\/uploads\/2026\/02\/CARTA-CAT-MENU-ESPECIAL.png\" alt=\"\" class=\"wp-image-1472\" srcset=\"https:\/\/restaurantebuggy.com\/wp-content\/uploads\/2026\/02\/CARTA-CAT-MENU-ESPECIAL.png 1080w, https:\/\/restaurantebuggy.com\/wp-content\/uploads\/2026\/02\/CARTA-CAT-MENU-ESPECIAL-169x300.png 169w, https:\/\/restaurantebuggy.com\/wp-content\/uploads\/2026\/02\/CARTA-CAT-MENU-ESPECIAL-576x1024.png 576w, https:\/\/restaurantebuggy.com\/wp-content\/uploads\/2026\/02\/CARTA-CAT-MENU-ESPECIAL-768x1365.png 768w, https:\/\/restaurantebuggy.com\/wp-content\/uploads\/2026\/02\/CARTA-CAT-MENU-ESPECIAL-864x1536.png 864w, https:\/\/restaurantebuggy.com\/wp-content\/uploads\/2026\/02\/CARTA-CAT-MENU-ESPECIAL-500x889.png 500w, https:\/\/restaurantebuggy.com\/wp-content\/uploads\/2026\/02\/CARTA-CAT-MENU-ESPECIAL-800x1422.png 800w\" sizes=\"auto, (max-width: 1080px) 100vw, 1080px\" \/><\/figure>\n\n\n\n<p><\/p>\n\n\n\n<div class=\"wp-block-group alignfull hostinger-ai-customer-reviews-2 hostinger-ai-fade-up has-background has-global-padding is-layout-constrained wp-block-group-is-layout-constrained\" data-aos=\"fade-up\" id=\"perla\" style=\"background:linear-gradient(135deg,rgb(0,95,115) 0%,rgb(242,239,230) 100%);padding-top:var(--wp--preset--spacing--60);padding-bottom:var(--wp--preset--spacing--60)\">\n<div class=\"wp-block-columns alignwide is-layout-flex wp-container-core-columns-is-layout-28f84493 wp-block-columns-is-layout-flex\">\n<div class=\"wp-block-column is-vertically-aligned-center is-layout-flow wp-block-column-is-layout-flow\">\n<h2 class=\"wp-block-heading has-text-align-center has-text-color has-link-color wp-elements-f4605b900966299229c8019ec476245f\" id=\"perla\" style=\"color:#ebd4ab;font-size:clamp(18.959px, 1.185rem + ((1vw - 3.2px) * 1.416), 30px);\">\ud83e\uddaa La Perla del Buggy  <\/h2>\n<\/div>\n<\/div>\n<\/div>\n\n\n\n<p style=\"font-size:clamp(15.197px, 0.95rem + ((1vw - 3.2px) * 1), 23px);\">Busques una experi\u00e8ncia gastron\u00f2mica per compartir?<br> Et presentem \u201c <strong>La Perla del Buggy<\/strong> \u201d, ideal per compartir, gaudir i crear moments m\u00e0gics.  <\/p>\n\n\n\n<figure class=\"wp-block-image size-large\"><img loading=\"lazy\" decoding=\"async\" width=\"1024\" height=\"608\" src=\"https:\/\/restaurantebuggy.com\/wp-content\/uploads\/2026\/02\/CARTA-CAT-CAST-IT-2026-3-Perla-Cat-1-1024x608.png\" alt=\"\" class=\"wp-image-1462\" srcset=\"https:\/\/restaurantebuggy.com\/wp-content\/uploads\/2026\/02\/CARTA-CAT-CAST-IT-2026-3-Perla-Cat-1-1024x608.png 1024w, https:\/\/restaurantebuggy.com\/wp-content\/uploads\/2026\/02\/CARTA-CAT-CAST-IT-2026-3-Perla-Cat-1-300x178.png 300w, https:\/\/restaurantebuggy.com\/wp-content\/uploads\/2026\/02\/CARTA-CAT-CAST-IT-2026-3-Perla-Cat-1-768x456.png 768w, https:\/\/restaurantebuggy.com\/wp-content\/uploads\/2026\/02\/CARTA-CAT-CAST-IT-2026-3-Perla-Cat-1-500x297.png 500w, https:\/\/restaurantebuggy.com\/wp-content\/uploads\/2026\/02\/CARTA-CAT-CAST-IT-2026-3-Perla-Cat-1-800x475.png 800w, https:\/\/restaurantebuggy.com\/wp-content\/uploads\/2026\/02\/CARTA-CAT-CAST-IT-2026-3-Perla-Cat-1.png 1080w\" sizes=\"auto, (max-width: 1024px) 100vw, 1024px\" \/><\/figure>\n\n\n\n<div style=\"height:43px\" aria-hidden=\"true\" class=\"wp-block-spacer\"><\/div>\n\n\n\n<div class=\"wp-block-group alignfull hostinger-ai-customer-reviews-2 hostinger-ai-fade-up has-background has-global-padding is-layout-constrained wp-block-group-is-layout-constrained\" data-aos=\"fade-up\" id=\"carta\" style=\"background:linear-gradient(135deg,rgb(0,95,115) 0%,rgb(242,239,230) 100%);padding-top:var(--wp--preset--spacing--60);padding-bottom:var(--wp--preset--spacing--60)\">\n<div class=\"wp-block-columns alignwide is-layout-flex wp-container-core-columns-is-layout-28f84493 wp-block-columns-is-layout-flex\">\n<div class=\"wp-block-column is-vertically-aligned-center is-layout-flow wp-block-column-is-layout-flow\">\n<h2 class=\"wp-block-heading has-text-align-center carta has-color-1-color has-text-color has-link-color wp-elements-fa4129660fb7a997980d6499eec0ddc6\" id=\"festivos\" style=\"font-size:clamp(18.959px, 1.185rem + ((1vw - 3.2px) * 1.416), 30px);\">\ud83e\udd91 La nostra Carta<\/h2>\n<\/div>\n<\/div>\n<\/div>\n\n\n\n<p style=\"font-size:clamp(15.197px, 0.95rem + ((1vw - 3.2px) * 1), 23px);\">Explora la nostra variada carta de plats, perfecta per compartir o gaudir en solitari. T\u00b4oferim una selecci\u00f3 deliciosa d\u00b4opcions per picar, amanides fresques, arrossos, carns, pasta fresca, pizzes, a m\u00e9s de peixos i mariscs frescos, sense oblidar-nos de la Perla del Buggy ideal per compartir. Cada plat est\u00e0 preparat amb ingredients d&#8217;alta qualitat per brindar-te una experi\u00e8ncia gastron\u00f2mica. Deixa&#8217;t portar per la diversitat de sabors i troba el teu preferit!   <\/p>\n\n\n\n<figure class=\"wp-block-image size-full\"><img loading=\"lazy\" decoding=\"async\" width=\"1080\" height=\"2088\" src=\"https:\/\/restaurantebuggy.com\/wp-content\/uploads\/2026\/02\/CARTA-CAT-CAST-IT-2026-1-2.png\" alt=\"\" class=\"wp-image-1441\" srcset=\"https:\/\/restaurantebuggy.com\/wp-content\/uploads\/2026\/02\/CARTA-CAT-CAST-IT-2026-1-2.png 1080w, https:\/\/restaurantebuggy.com\/wp-content\/uploads\/2026\/02\/CARTA-CAT-CAST-IT-2026-1-2-155x300.png 155w, https:\/\/restaurantebuggy.com\/wp-content\/uploads\/2026\/02\/CARTA-CAT-CAST-IT-2026-1-2-530x1024.png 530w, https:\/\/restaurantebuggy.com\/wp-content\/uploads\/2026\/02\/CARTA-CAT-CAST-IT-2026-1-2-768x1485.png 768w, https:\/\/restaurantebuggy.com\/wp-content\/uploads\/2026\/02\/CARTA-CAT-CAST-IT-2026-1-2-794x1536.png 794w, https:\/\/restaurantebuggy.com\/wp-content\/uploads\/2026\/02\/CARTA-CAT-CAST-IT-2026-1-2-1059x2048.png 1059w, https:\/\/restaurantebuggy.com\/wp-content\/uploads\/2026\/02\/CARTA-CAT-CAST-IT-2026-1-2-500x967.png 500w, https:\/\/restaurantebuggy.com\/wp-content\/uploads\/2026\/02\/CARTA-CAT-CAST-IT-2026-1-2-800x1547.png 800w\" sizes=\"auto, (max-width: 1080px) 100vw, 1080px\" \/><\/figure>\n\n\n\n<figure class=\"wp-block-image size-full\"><img loading=\"lazy\" decoding=\"async\" width=\"1080\" height=\"2035\" src=\"https:\/\/restaurantebuggy.com\/wp-content\/uploads\/2026\/02\/CARTA-CAT-CAST-IT-2026-2.png\" alt=\"\" class=\"wp-image-1445\" srcset=\"https:\/\/restaurantebuggy.com\/wp-content\/uploads\/2026\/02\/CARTA-CAT-CAST-IT-2026-2.png 1080w, https:\/\/restaurantebuggy.com\/wp-content\/uploads\/2026\/02\/CARTA-CAT-CAST-IT-2026-2-159x300.png 159w, https:\/\/restaurantebuggy.com\/wp-content\/uploads\/2026\/02\/CARTA-CAT-CAST-IT-2026-2-543x1024.png 543w, https:\/\/restaurantebuggy.com\/wp-content\/uploads\/2026\/02\/CARTA-CAT-CAST-IT-2026-2-768x1447.png 768w, https:\/\/restaurantebuggy.com\/wp-content\/uploads\/2026\/02\/CARTA-CAT-CAST-IT-2026-2-815x1536.png 815w, https:\/\/restaurantebuggy.com\/wp-content\/uploads\/2026\/02\/CARTA-CAT-CAST-IT-2026-2-500x942.png 500w, https:\/\/restaurantebuggy.com\/wp-content\/uploads\/2026\/02\/CARTA-CAT-CAST-IT-2026-2-800x1507.png 800w\" sizes=\"auto, (max-width: 1080px) 100vw, 1080px\" \/><\/figure>\n\n\n\n<figure class=\"wp-block-image size-full\"><img loading=\"lazy\" decoding=\"async\" width=\"1080\" height=\"1298\" src=\"https:\/\/restaurantebuggy.com\/wp-content\/uploads\/2026\/02\/CARTA-CAT-CAST-IT-2026-3-1.png\" alt=\"\" class=\"wp-image-1477\" srcset=\"https:\/\/restaurantebuggy.com\/wp-content\/uploads\/2026\/02\/CARTA-CAT-CAST-IT-2026-3-1.png 1080w, https:\/\/restaurantebuggy.com\/wp-content\/uploads\/2026\/02\/CARTA-CAT-CAST-IT-2026-3-1-250x300.png 250w, https:\/\/restaurantebuggy.com\/wp-content\/uploads\/2026\/02\/CARTA-CAT-CAST-IT-2026-3-1-852x1024.png 852w, https:\/\/restaurantebuggy.com\/wp-content\/uploads\/2026\/02\/CARTA-CAT-CAST-IT-2026-3-1-768x923.png 768w, https:\/\/restaurantebuggy.com\/wp-content\/uploads\/2026\/02\/CARTA-CAT-CAST-IT-2026-3-1-500x601.png 500w, https:\/\/restaurantebuggy.com\/wp-content\/uploads\/2026\/02\/CARTA-CAT-CAST-IT-2026-3-1-800x961.png 800w\" sizes=\"auto, (max-width: 1080px) 100vw, 1080px\" \/><\/figure>\n\n\n\n<div class=\"alignnormal\"><div id=\"metaslider-id-61\" style=\"width: 100%;\" class=\"ml-slider-3-105-0 metaslider metaslider-flex metaslider-61 ml-slider has-dots-nav ms-theme-jenga\" role=\"region\" aria-label=\"Nueva presentaci\u00f3n de diapositivas\" data-height=\"400\" data-width=\"900\">\n    <div id=\"metaslider_container_61\">\n        <div id=\"metaslider_61\">\n            <ul class='slides'>\n                <li style=\"display: block; width: 100%;\" class=\"slide-93 ms-image \" aria-roledescription=\"slide\" data-date=\"2025-02-06 10:41:30\" data-filename=\"18-900x400.jpg\" data-slide-type=\"image\"><img loading=\"lazy\" decoding=\"async\" src=\"https:\/\/restaurantebuggy.com\/wp-content\/uploads\/2025\/02\/18-900x400.jpg\" height=\"400\" width=\"900\" alt=\"\" class=\"slider-61 slide-93 msDefaultImage\" title=\"18\" \/><\/li>\n                <li style=\"display: none; width: 100%;\" class=\"slide-94 ms-image \" aria-roledescription=\"slide\" data-date=\"2025-02-06 10:41:30\" data-filename=\"17-900x400.jpg\" data-slide-type=\"image\"><img loading=\"lazy\" decoding=\"async\" src=\"https:\/\/restaurantebuggy.com\/wp-content\/uploads\/2025\/02\/17-900x400.jpg\" height=\"400\" width=\"900\" alt=\"\" class=\"slider-61 slide-94 msDefaultImage\" title=\"17\" \/><\/li>\n                <li style=\"display: none; width: 100%;\" class=\"slide-96 ms-image \" aria-roledescription=\"slide\" data-date=\"2025-02-06 10:41:30\" data-filename=\"15-900x400.jpg\" data-slide-type=\"image\"><img loading=\"lazy\" decoding=\"async\" src=\"https:\/\/restaurantebuggy.com\/wp-content\/uploads\/2025\/02\/15-900x400.jpg\" height=\"400\" width=\"900\" alt=\"\" class=\"slider-61 slide-96 msDefaultImage\" title=\"15\" \/><\/li>\n                <li style=\"display: none; width: 100%;\" class=\"slide-97 ms-image \" aria-roledescription=\"slide\" data-date=\"2025-02-06 10:41:30\" data-filename=\"14-900x400.jpg\" data-slide-type=\"image\"><img loading=\"lazy\" decoding=\"async\" src=\"https:\/\/restaurantebuggy.com\/wp-content\/uploads\/2025\/02\/14-900x400.jpg\" height=\"400\" width=\"900\" alt=\"\" class=\"slider-61 slide-97 msDefaultImage\" title=\"14\" \/><\/li>\n                <li style=\"display: none; width: 100%;\" class=\"slide-98 ms-image \" aria-roledescription=\"slide\" data-date=\"2025-02-06 10:41:30\" data-filename=\"13-900x400.jpg\" data-slide-type=\"image\"><img loading=\"lazy\" decoding=\"async\" src=\"https:\/\/restaurantebuggy.com\/wp-content\/uploads\/2025\/02\/13-900x400.jpg\" height=\"400\" width=\"900\" alt=\"\" class=\"slider-61 slide-98 msDefaultImage\" title=\"13\" \/><\/li>\n                <li style=\"display: none; width: 100%;\" class=\"slide-99 ms-image \" aria-roledescription=\"slide\" data-date=\"2025-02-06 10:41:30\" data-filename=\"11-900x400.jpg\" data-slide-type=\"image\"><img loading=\"lazy\" decoding=\"async\" src=\"https:\/\/restaurantebuggy.com\/wp-content\/uploads\/2025\/02\/11-900x400.jpg\" height=\"400\" width=\"900\" alt=\"\" class=\"slider-61 slide-99 msDefaultImage\" title=\"11\" \/><\/li>\n                <li style=\"display: none; width: 100%;\" class=\"slide-100 ms-image \" aria-roledescription=\"slide\" data-date=\"2025-02-06 10:41:30\" data-filename=\"10-900x400.jpg\" data-slide-type=\"image\"><img loading=\"lazy\" decoding=\"async\" src=\"https:\/\/restaurantebuggy.com\/wp-content\/uploads\/2025\/02\/10-900x400.jpg\" height=\"400\" width=\"900\" alt=\"\" class=\"slider-61 slide-100 msDefaultImage\" title=\"10\" \/><\/li>\n                <li style=\"display: none; width: 100%;\" class=\"slide-102 ms-image \" aria-roledescription=\"slide\" data-date=\"2025-02-06 10:41:30\" data-filename=\"8-900x400.jpg\" data-slide-type=\"image\"><img loading=\"lazy\" decoding=\"async\" src=\"https:\/\/restaurantebuggy.com\/wp-content\/uploads\/2025\/02\/8-900x400.jpg\" height=\"400\" width=\"900\" alt=\"\" class=\"slider-61 slide-102 msDefaultImage\" title=\"8\" \/><\/li>\n                <li style=\"display: none; width: 100%;\" class=\"slide-104 ms-image \" aria-roledescription=\"slide\" data-date=\"2025-02-06 10:41:30\" data-filename=\"6-900x400.jpg\" data-slide-type=\"image\"><img loading=\"lazy\" decoding=\"async\" src=\"https:\/\/restaurantebuggy.com\/wp-content\/uploads\/2025\/02\/6-900x400.jpg\" height=\"400\" width=\"900\" alt=\"\" class=\"slider-61 slide-104 msDefaultImage\" title=\"6\" \/><\/li>\n                <li style=\"display: none; width: 100%;\" class=\"slide-106 ms-image \" aria-roledescription=\"slide\" data-date=\"2025-02-06 10:41:30\" data-filename=\"4-900x400.jpg\" data-slide-type=\"image\"><img loading=\"lazy\" decoding=\"async\" src=\"https:\/\/restaurantebuggy.com\/wp-content\/uploads\/2025\/02\/4-900x400.jpg\" height=\"400\" width=\"900\" alt=\"\" class=\"slider-61 slide-106 msDefaultImage\" title=\"4\" \/><\/li>\n            <\/ul>\n        <\/div>\n        \n    <\/div>\n<\/div><\/div>\n\n\n\n<div style=\"height:71px\" aria-hidden=\"true\" class=\"wp-block-spacer\"><\/div>\n","protected":false},"excerpt":{"rendered":"<p>&#8220;A Buggy, cada plat explica una hist\u00f2ria de sabors \u00fanics. La nostra carta est\u00e0 pensada per oferir-te una experi\u00e8ncia gastron\u00f2mica completa, amb opcions que van des del m\u00e9s tradicional fins a creacions innovadores que delectaran el teu paladar.&#8221; Qu\u00e8 et ve de gust fer avui? \ud83e\udd90 Men\u00fa Diari &#8211; Migdies No Festius Et convidem a [&hellip;]<\/p>\n","protected":false},"author":1,"featured_media":0,"parent":0,"menu_order":0,"comment_status":"closed","ping_status":"closed","template":"","meta":{"_coblocks_attr":"","_coblocks_dimensions":"","_coblocks_responsive_height":"","_coblocks_accordion_ie_support":"","footnotes":""},"class_list":["post-1030","page","type-page","status-publish","hentry"],"_links":{"self":[{"href":"https:\/\/restaurantebuggy.com\/ca\/wp-json\/wp\/v2\/pages\/1030","targetHints":{"allow":["GET"]}}],"collection":[{"href":"https:\/\/restaurantebuggy.com\/ca\/wp-json\/wp\/v2\/pages"}],"about":[{"href":"https:\/\/restaurantebuggy.com\/ca\/wp-json\/wp\/v2\/types\/page"}],"author":[{"embeddable":true,"href":"https:\/\/restaurantebuggy.com\/ca\/wp-json\/wp\/v2\/users\/1"}],"replies":[{"embeddable":true,"href":"https:\/\/restaurantebuggy.com\/ca\/wp-json\/wp\/v2\/comments?post=1030"}],"version-history":[{"count":14,"href":"https:\/\/restaurantebuggy.com\/ca\/wp-json\/wp\/v2\/pages\/1030\/revisions"}],"predecessor-version":[{"id":1665,"href":"https:\/\/restaurantebuggy.com\/ca\/wp-json\/wp\/v2\/pages\/1030\/revisions\/1665"}],"wp:attachment":[{"href":"https:\/\/restaurantebuggy.com\/ca\/wp-json\/wp\/v2\/media?parent=1030"}],"curies":[{"name":"wp","href":"https:\/\/api.w.org\/{rel}","templated":true}]}}