{"id":1025,"date":"2025-01-22T11:59:31","date_gmt":"2025-01-22T11:59:31","guid":{"rendered":"https:\/\/restaurantebuggy.com\/contacte\/"},"modified":"2025-09-09T14:09:52","modified_gmt":"2025-09-09T14:09:52","slug":"contacte","status":"publish","type":"page","link":"https:\/\/restaurantebuggy.com\/ca\/contacte\/","title":{"rendered":"Contacte"},"content":{"rendered":"\n<div class=\"wp-block-group alignfull hostinger-ai-solid-block hostinger-ai-fade-up has-global-padding is-layout-constrained wp-block-group-is-layout-constrained\" data-aos=\"fade-up\" style=\"padding-top:var(--wp--preset--spacing--60);padding-bottom:var(--wp--preset--spacing--60)\">\n<div class=\"wp-block-group alignwide hostinger-ai-fade-up is-vertical is-content-justification-center is-nowrap is-layout-flex wp-container-core-group-is-layout-4cc6ee0a wp-block-group-is-layout-flex\" data-aos=\"fade-up\" style=\"min-height:0px;padding-top:0;padding-bottom:0\">\n<div class=\"wp-block-group hostinger-ai-fade-up wp-container-content-69bc4bdf has-global-padding is-content-justification-center is-layout-constrained wp-container-core-group-is-layout-78267832 wp-block-group-is-layout-constrained\" data-aos=\"fade-up\">\n<h2 class=\"wp-block-heading has-text-align-center hostinger-ai-title has-dark-color has-text-color has-link-color wp-elements-f50d73018125c5b44b329b71c8f6c30c\" style=\"margin-top:0;margin-right:0;margin-bottom:0;margin-left:0;font-size:clamp(15.197px, 0.95rem + ((1vw - 3.2px) * 1), 23px);\">Contacta&#8217;ns!<\/h2>\n\n\n\n<p class=\"has-text-align-center hostinger-ai-description has-dark-color has-text-color has-link-color wp-elements-3a488e865dc23ca6fbc03fb3027910ba\" style=\"margin-top:var(--wp--preset--spacing--20);margin-bottom:var(--wp--preset--spacing--50);font-size:clamp(15.197px, 0.95rem + ((1vw - 3.2px) * 1), 23px);\">Som aqu\u00ed per atendre&#8217;t. Gaudeix de la millor gastronomia de la costa brava a Buggy, esperem el teu missatge! <\/p>\n\n\n<style id=\"wpforms-css-vars-1320\">\n\t\t\t\t#wpforms-1320 {\n\t\t\t\t--wpforms-container-padding: 0px;\n--wpforms-container-border-width: 1px;\n--wpforms-container-border-radius: 3px;\n--wpforms-background-color: rgba(0, 0, 0, 0);\n--wpforms-field-size-input-height: 43px;\n--wpforms-field-size-input-spacing: 15px;\n--wpforms-field-size-font-size: 16px;\n--wpforms-field-size-line-height: 19px;\n--wpforms-field-size-padding-h: 14px;\n--wpforms-field-size-checkbox-size: 16px;\n--wpforms-field-size-sublabel-spacing: 5px;\n--wpforms-field-size-icon-size: 1;\n--wpforms-label-size-font-size: 16px;\n--wpforms-label-size-line-height: 19px;\n--wpforms-label-size-sublabel-font-size: 14px;\n--wpforms-label-size-sublabel-line-height: 17px;\n--wpforms-button-size-font-size: 17px;\n--wpforms-button-size-height: 41px;\n--wpforms-button-size-padding-h: 15px;\n--wpforms-button-size-margin-top: 10px;\n--wpforms-container-shadow-size-box-shadow: none;\n\t\t\t}\n\t\t\t<\/style><div class=\"wpforms-container wpforms-container-full wpforms-render-modern\" id=\"wpforms-1320\"><form id=\"wpforms-form-1320\" class=\"wpforms-validate wpforms-form wpforms-ajax-form\" data-formid=\"1320\" method=\"post\" enctype=\"multipart\/form-data\" action=\"\/ca\/wp-json\/wp\/v2\/pages\/1025\" data-token=\"21e98271a6aff2f4650c863ddf046e2a\" data-token-time=\"1776504733\"><noscript class=\"wpforms-error-noscript\">Activeu el JavaScript al navegador per a poder completar el formulari.<\/noscript><div id=\"wpforms-error-noscript\" style=\"display: none;\">Activeu el JavaScript al navegador per a poder completar el formulari.<\/div><div class=\"wpforms-field-container\"><div id=\"wpforms-1320-field_1-container\" class=\"wpforms-field wpforms-field-name\" data-field-id=\"1\"><fieldset><legend class=\"wpforms-field-label\">Nom <span class=\"wpforms-required-label\" aria-hidden=\"true\">*<\/span><\/legend><div class=\"wpforms-field-row wpforms-field-medium\"><div class=\"wpforms-field-row-block wpforms-first wpforms-one-half\"><input type=\"text\" id=\"wpforms-1320-field_1\" class=\"wpforms-field-name-first wpforms-field-required\" name=\"wpforms[fields][1][first]\" aria-errormessage=\"wpforms-1320-field_1-error\" required><label for=\"wpforms-1320-field_1\" class=\"wpforms-field-sublabel after\">Nom<\/label><\/div><div class=\"wpforms-field-row-block wpforms-one-half\"><input type=\"text\" id=\"wpforms-1320-field_1-last\" class=\"wpforms-field-name-last wpforms-field-required\" name=\"wpforms[fields][1][last]\" aria-errormessage=\"wpforms-1320-field_1-last-error\" required><label for=\"wpforms-1320-field_1-last\" class=\"wpforms-field-sublabel after\">Cognoms<\/label><\/div><\/div><\/fieldset><\/div>\t\t<div id=\"wpforms-1320-field_5-container\"\n\t\t\tclass=\"wpforms-field wpforms-field-text\"\n\t\t\tdata-field-type=\"text\"\n\t\t\tdata-field-id=\"5\"\n\t\t\t>\n\t\t\t<label class=\"wpforms-field-label\" for=\"wpforms-1320-field_5\" >Email Missatge Verificaci\u00f3<\/label>\n\t\t\t<input type=\"text\" id=\"wpforms-1320-field_5\" class=\"wpforms-field-medium\" name=\"wpforms[fields][5]\" >\n\t\t<\/div>\n\t\t<div id=\"wpforms-1320-field_2-container\" class=\"wpforms-field wpforms-field-email\" data-field-id=\"2\"><label class=\"wpforms-field-label\" for=\"wpforms-1320-field_2\">Email <span class=\"wpforms-required-label\" aria-hidden=\"true\">*<\/span><\/label><input type=\"email\" id=\"wpforms-1320-field_2\" class=\"wpforms-field-medium wpforms-field-required\" name=\"wpforms[fields][2]\" spellcheck=\"false\" aria-errormessage=\"wpforms-1320-field_2-error\" required><\/div><div id=\"wpforms-1320-field_3-container\" class=\"wpforms-field wpforms-field-textarea\" data-field-id=\"3\"><label class=\"wpforms-field-label\" for=\"wpforms-1320-field_3\">Comentari o Missatge <span class=\"wpforms-required-label\" aria-hidden=\"true\">*<\/span><\/label><textarea id=\"wpforms-1320-field_3\" class=\"wpforms-field-medium wpforms-field-required\" name=\"wpforms[fields][3]\" aria-errormessage=\"wpforms-1320-field_3-error\" required><\/textarea><\/div><div id=\"wpforms-1320-field_4-container\" class=\"wpforms-field wpforms-field-checkbox\" data-field-id=\"4\"><fieldset><legend class=\"wpforms-field-label\">Verificaci\u00f3 <span class=\"wpforms-required-label\" aria-hidden=\"true\">*<\/span><\/legend><ul id=\"wpforms-1320-field_4\" class=\"wpforms-field-required\"><li class=\"choice-1 depth-1\"><input type=\"checkbox\" id=\"wpforms-1320-field_4_1\" name=\"wpforms[fields][4][]\" value=\"Autoritzo l&#039;\u00fas de les dades personals facilitades amb la finalitat de respondre a la sol\u00b7licitud segons el que s&#039;indica a la Pol\u00edtica de privacitat que he llegit. Puc retirar el meu consentiment en qualsevol moment.\" aria-errormessage=\"wpforms-1320-field_4_1-error\" required ><label class=\"wpforms-field-label-inline\" for=\"wpforms-1320-field_4_1\">Autoritzo l'\u00fas de les dades personals facilitades amb la finalitat de respondre a la sol\u00b7licitud segons el que s'indica a la Pol\u00edtica de privacitat que he llegit. Puc retirar el meu consentiment en qualsevol moment.<\/label><\/li><\/ul><\/fieldset><\/div><script>\n\t\t\t\t( function() {\n\t\t\t\t\tconst style = document.createElement( 'style' );\n\t\t\t\t\tstyle.appendChild( document.createTextNode( '#wpforms-1320-field_5-container { position: absolute !important; overflow: hidden !important; display: inline !important; height: 1px !important; width: 1px !important; z-index: -1000 !important; padding: 0 !important; } #wpforms-1320-field_5-container input { visibility: hidden; } #wpforms-conversational-form-page #wpforms-1320-field_5-container label { counter-increment: none; }' ) );\n\t\t\t\t\tdocument.head.appendChild( style );\n\t\t\t\t\tdocument.currentScript?.remove();\n\t\t\t\t} )();\n\t\t\t<\/script><\/div><!-- .wpforms-field-container --><div class=\"wpforms-submit-container\" ><input type=\"hidden\" name=\"wpforms[id]\" value=\"1320\"><input type=\"hidden\" name=\"page_title\" value=\"\"><input type=\"hidden\" name=\"page_url\" value=\"https:\/\/restaurantebuggy.com\/ca\/wp-json\/wp\/v2\/pages\/1025\"><input type=\"hidden\" name=\"url_referer\" value=\"\"><button type=\"submit\" name=\"wpforms[submit]\" id=\"wpforms-submit-1320\" class=\"wpforms-submit\" data-alt-text=\"Enviant...\" data-submit-text=\"Enviar\" aria-live=\"assertive\" value=\"wpforms-submit\">Enviar<\/button><img loading=\"lazy\" decoding=\"async\" src=\"https:\/\/restaurantebuggy.com\/wp-content\/plugins\/wpforms-lite\/assets\/images\/submit-spin.svg\" class=\"wpforms-submit-spinner\" style=\"display: none;\" width=\"26\" height=\"26\" alt=\"S&#039;est\u00e0 carregant\"><\/div><\/form><\/div>  <!-- .wpforms-container -->\n<\/div>\n<\/div>\n\n\n\n<p class=\"is-style-warning has-medium-font-size\"><strong>INFORMACI\u00d3 B\u00c0SICA DE PROTECCI\u00d3 DE DADES.<\/strong><br> <strong>Responsable:<\/strong> El BUGGY<br> <strong>Finalitat:<\/strong> Enviament d&#8217;informaci\u00f3 sol\u00b7licitada i gesti\u00f3 de comentaris.<br> <strong>Destinataris:<\/strong> No se cedeixen o comuniquen dades a tercers per prestar aquest servei.<br> <strong>Drets:<\/strong> A accedir, rectificar i suprimir les dades, aix\u00ed com els altres detallats a la pol\u00edtica de privadesa.<\/p>\n<\/div>\n\n\n\n<div class=\"wp-block-group alignwide hostinger-ai-fade-up has-global-padding is-layout-constrained wp-block-group-is-layout-constrained\" data-aos=\"fade-up\" style=\"padding-top:0;padding-bottom:0\">\n<div class=\"wp-block-group alignwide hostinger-ai-fade-up has-global-padding is-content-justification-left is-layout-constrained wp-container-core-group-is-layout-12dd3699 wp-block-group-is-layout-constrained\" data-aos=\"fade-up\">\n<h2 class=\"wp-block-heading has-text-align-left hostinger-ai-title has-dark-color has-text-color has-link-color has-x-large-font-size wp-elements-484bd7fd713d43a96c1940a819f19b85\" style=\"margin-top:0;margin-right:0;margin-bottom:var(--wp--preset--spacing--40);margin-left:0\">Ubicaci\u00f3<\/h2>\n\n\n\n<p class=\"has-text-align-left hostinger-ai-description\" style=\"margin-bottom:var(--wp--preset--spacing--40);font-size:clamp(15.197px, 0.95rem + ((1vw - 3.2px) * 1), 23px);\">El teu restaurant a l&#8217;entrada de la Costa Brava.<\/p>\n\n\n\n<div class=\"wp-block-columns alignwide is-layout-flex wp-container-core-columns-is-layout-03da1933 wp-block-columns-is-layout-flex\" style=\"margin-top:0;margin-bottom:0;padding-bottom:var(--wp--preset--spacing--40)\">\n<div class=\"wp-block-column is-layout-flow wp-block-column-is-layout-flow\">\n<p style=\"font-size:clamp(14px, 0.875rem + ((1vw - 3.2px) * 0.769), 20px);\"><strong>Direcci\u00f3<\/strong><br> \ud83d\udccc <a href=\"https:\/\/www.google.com\/maps\/place\/data=!4m2!3m1!1s0x12bb163998c6581f:0x186aecd6aa35bf62?sa=X&amp;ved=1t:8290&amp;ictx=111\">Passeig De, Passeig Pau Casals, 49, 17300 Blanes, Girona<\/a> .<\/p>\n\n\n\n<p style=\"font-size:clamp(14px, 0.875rem + ((1vw - 3.2px) * 0.769), 20px);font-style:normal;font-weight:400\"><strong>Tel\u00e8fon<\/strong><br> \ud83d\udcde<strong> <\/strong><a href=\"tel:+34972336064\">+34 972336064<\/a><br><img loading=\"lazy\" decoding=\"async\" width=\"25\" height=\"25\" class=\"wp-image-414\" style=\"width: 25px;\" src=\"https:\/\/restaurantebuggy.com\/wp-content\/uploads\/2025\/03\/whats1.png\" alt=\"\" srcset=\"https:\/\/restaurantebuggy.com\/wp-content\/uploads\/2025\/03\/whats1.png 236w, https:\/\/restaurantebuggy.com\/wp-content\/uploads\/2025\/03\/whats1-150x150.png 150w\" sizes=\"auto, (max-width: 25px) 100vw, 25px\" \/> <a href=\"https:\/\/wa.me\/+34681927158?text=Hola%20Buenas%20\">+34 681927158 (Nom\u00e9s Grups i Esdeveniments)<\/a><\/p>\n<\/div>\n\n\n\n<div class=\"wp-block-column is-layout-flow wp-block-column-is-layout-flow\">\n<p style=\"font-size:clamp(14px, 0.875rem + ((1vw - 3.2px) * 0.513), 18px);\"><strong>Horari d&#8217;Hivern (Febrer a Maig &#8211; Octubre a Desembre)<\/strong><br> \ud83d\udd54 13h-16:00h.<br> \ud83d\udd62 19.00h-23h Nom\u00e9s divendres i dissabte.<br> \u2796 Dimecres tancat.<\/p>\n\n\n\n<p class=\"has-dark-color has-text-color has-link-color wp-elements-81639563c1fbef9a3c326d0110084980\" style=\"margin-top:var(--wp--preset--spacing--20);font-size:clamp(14px, 0.875rem + ((1vw - 3.2px) * 0.513), 18px);\"><strong>Horari d&#8217;Estiu (Maig a Setembre)<\/strong><br> \ud83d\udd54 13h-16:00h.<br> \ud83d\udd62 19.00h-23h.<br> \u2796 Dimecres tancat (Excepte Juliol i Agost).<\/p>\n\n\n\n<div style=\"height:73px\" aria-hidden=\"true\" class=\"wp-block-spacer\"><\/div>\n<\/div>\n<\/div>\n\n\n\n<div class=\"wp-block-group alignfull hostinger-ai-fade-up is-layout-flow wp-block-group-is-layout-flow\" data-aos=\"fade-up\">\n<iframe src=\"https:\/\/www.google.com\/maps\/embed?pb=!1m14!1m8!1m3!1d1771.9869521399523!2d2.793147778813898!3d41.674860769883146!3m2!1i1024!2i768!4f13.1!3m3!1m2!1s0x12bb163998c6581f%3A0x186aecd6aa35bf62!2sRestaurant%20Buggy!5e0!3m2!1ses!2ses!4v1739459393034!5m2!1ses!2ses\" width=\"90%\" height=\"450\" style=\"border:0;\" allowfullscreen=\"\" loading=\"lazy\" referrerpolicy=\"no-referrer-when-downgrade\"><\/iframe>\n<\/div>\n<\/div>\n<\/div>\n\n\n\n<p><\/p>\n","protected":false},"excerpt":{"rendered":"<p>Contacta&#8217;ns! Som aqu\u00ed per atendre&#8217;t. Gaudeix de la millor gastronomia de la costa brava a Buggy, esperem el teu missatge! INFORMACI\u00d3 B\u00c0SICA DE PROTECCI\u00d3 DE DADES. Responsable: El BUGGY Finalitat: Enviament d&#8217;informaci\u00f3 sol\u00b7licitada i gesti\u00f3 de comentaris. Destinataris: No se cedeixen o comuniquen dades a tercers per prestar aquest servei. Drets: A accedir, rectificar i [&hellip;]<\/p>\n","protected":false},"author":1,"featured_media":0,"parent":0,"menu_order":0,"comment_status":"closed","ping_status":"closed","template":"","meta":{"_coblocks_attr":"","_coblocks_dimensions":"","_coblocks_responsive_height":"","_coblocks_accordion_ie_support":"","footnotes":""},"class_list":["post-1025","page","type-page","status-publish","hentry"],"_links":{"self":[{"href":"https:\/\/restaurantebuggy.com\/ca\/wp-json\/wp\/v2\/pages\/1025","targetHints":{"allow":["GET"]}}],"collection":[{"href":"https:\/\/restaurantebuggy.com\/ca\/wp-json\/wp\/v2\/pages"}],"about":[{"href":"https:\/\/restaurantebuggy.com\/ca\/wp-json\/wp\/v2\/types\/page"}],"author":[{"embeddable":true,"href":"https:\/\/restaurantebuggy.com\/ca\/wp-json\/wp\/v2\/users\/1"}],"replies":[{"embeddable":true,"href":"https:\/\/restaurantebuggy.com\/ca\/wp-json\/wp\/v2\/comments?post=1025"}],"version-history":[{"count":1,"href":"https:\/\/restaurantebuggy.com\/ca\/wp-json\/wp\/v2\/pages\/1025\/revisions"}],"predecessor-version":[{"id":1324,"href":"https:\/\/restaurantebuggy.com\/ca\/wp-json\/wp\/v2\/pages\/1025\/revisions\/1324"}],"wp:attachment":[{"href":"https:\/\/restaurantebuggy.com\/ca\/wp-json\/wp\/v2\/media?parent=1025"}],"curies":[{"name":"wp","href":"https:\/\/api.w.org\/{rel}","templated":true}]}}